{"id":110,"date":"2011-12-12T14:42:10","date_gmt":"2011-12-12T13:42:10","guid":{"rendered":"http:\/\/www.herrklubbenexotica.se\/index.php\/1998-2\/"},"modified":"2017-03-25T17:24:24","modified_gmt":"2017-03-25T16:24:24","slug":"1998-2","status":"publish","type":"page","link":"https:\/\/www.herrklubbenexotica.se\/index.php\/1998-2\/","title":{"rendered":"1998"},"content":{"rendered":"<p>V\u00e4ldigt mycket &#8220;Stora Herrklubbsl\u00f6rdagen&#8221; och en konstig konstutst\u00e4llning.<\/p>\n<div id=\"envira-gallery-wrap-438\" class=\"envira-gallery-wrap envira-gallery-theme-base envira-lightbox-theme-base\" itemscope itemtype=\"https:\/\/schema.org\/ImageGallery\"><div data-row-height=\"150\" data-gallery-theme=\"normal\" id=\"envira-gallery-438\" class=\"envira-gallery-public envira-gallery-justified-public envira-gallery-0-columns envira-clear enviratope envira-gallery-css-animations\" data-envira-columns=\"0\"><div id=\"envira-gallery-item-439\" class=\"envira-gallery-item enviratope-item envira-gallery-item-1\" style=\"padding-left: 5px; padding-bottom: 10px; padding-right: 5px;\"  itemscope itemtype=\"https:\/\/schema.org\/ImageObject\"><div class=\"envira-gallery-item-inner\"><div class=\"envira-gallery-position-overlay  envira-gallery-top-left\"><\/div><div class=\"envira-gallery-position-overlay  envira-gallery-top-right\"><\/div><div class=\"envira-gallery-position-overlay  envira-gallery-bottom-left\"><\/div><div class=\"envira-gallery-position-overlay  envira-gallery-bottom-right\"><\/div><a href=\"http:\/\/www.herrklubbenexotica.se\/wp-content\/uploads\/2017\/03\/1998_001.jpg\" class=\"envira-gallery-438 envira-gallery-link\" rel=\"enviragallery438\" title=\"Konferens inf&ouml;r Stora Herrklubbsl&ouml;rdagen\" data-envira-caption=\"Konferens inf&ouml;r Stora Herrklubbsl&ouml;rdagen\" data-envira-retina=\"\" data-thumbnail=\"\"  itemprop=\"contentUrl\"><img decoding=\"async\" id=\"envira-gallery-image-439\" class=\"envira-gallery-image envira-gallery-image-1 envira-normal envira-lazy\" data-envira-index=\"1\" src=\"https:\/\/www.herrklubbenexotica.se\/wp-content\/uploads\/2017\/03\/1998_001-640x480.jpg\" data-envira-src=\"https:\/\/www.herrklubbenexotica.se\/wp-content\/uploads\/2017\/03\/1998_001-640x480.jpg\" data-envira-gallery-id=\"438\" data-envira-item-id=\"439\" data-envira-caption=\"Konferens inf&ouml;r Stora Herrklubbsl&ouml;rdagen\" alt=\"Konferens inf\u00f6r Stora Herrklubbsl\u00f6rdagen\" title=\"Konferens inf\u00f6r Stora Herrklubbsl\u00f6rdagen\"  itemprop=\"thumbnailUrl\" data-envira-srcset=\"https:\/\/www.herrklubbenexotica.se\/wp-content\/uploads\/2017\/03\/1998_001-640x480.jpg 400w,https:\/\/www.herrklubbenexotica.se\/wp-content\/uploads\/2017\/03\/1998_001-640x480.jpg 2x\" data-envira-width=\"300\" data-envira-height=\"205\" srcset=\"data:image\/gif;base64,R0lGODlhAQABAIAAAP\/\/\/\/\/\/\/yH5BAEKAAEALAAAAAABAAEAAAICTAEAOw==\" data-safe-src=\"data:image\/gif;base64,R0lGODlhAQABAIAAAP\/\/\/\/\/\/\/yH5BAEKAAEALAAAAAABAAEAAAICTAEAOw==\" \/><\/a><\/div><\/div><div id=\"envira-gallery-item-440\" class=\"envira-gallery-item enviratope-item envira-gallery-item-2\" style=\"padding-left: 5px; padding-bottom: 10px; padding-right: 5px;\"  itemscope itemtype=\"https:\/\/schema.org\/ImageObject\"><div class=\"envira-gallery-item-inner\"><div class=\"envira-gallery-position-overlay  envira-gallery-top-left\"><\/div><div class=\"envira-gallery-position-overlay  envira-gallery-top-right\"><\/div><div class=\"envira-gallery-position-overlay  envira-gallery-bottom-left\"><\/div><div class=\"envira-gallery-position-overlay  envira-gallery-bottom-right\"><\/div><a href=\"http:\/\/www.herrklubbenexotica.se\/wp-content\/uploads\/2017\/03\/1998_002.jpg\" class=\"envira-gallery-438 envira-gallery-link\" rel=\"enviragallery438\" title=\"Konferens inf&ouml;r Stora Herrklubbsl&ouml;rdagen\" data-envira-caption=\"Konferens inf&ouml;r Stora Herrklubbsl&ouml;rdagen\" data-envira-retina=\"\" data-thumbnail=\"\"  itemprop=\"contentUrl\"><img decoding=\"async\" id=\"envira-gallery-image-440\" class=\"envira-gallery-image envira-gallery-image-2 envira-normal envira-lazy\" data-envira-index=\"2\" src=\"https:\/\/www.herrklubbenexotica.se\/wp-content\/uploads\/2017\/03\/1998_002-640x480.jpg\" data-envira-src=\"https:\/\/www.herrklubbenexotica.se\/wp-content\/uploads\/2017\/03\/1998_002-640x480.jpg\" data-envira-gallery-id=\"438\" data-envira-item-id=\"440\" data-envira-caption=\"Konferens inf&ouml;r Stora Herrklubbsl&ouml;rdagen\" alt=\"Konferens inf\u00f6r Stora Herrklubbsl\u00f6rdagen\" title=\"Konferens inf\u00f6r Stora Herrklubbsl\u00f6rdagen\"  itemprop=\"thumbnailUrl\" data-envira-srcset=\"https:\/\/www.herrklubbenexotica.se\/wp-content\/uploads\/2017\/03\/1998_002-640x480.jpg 400w,https:\/\/www.herrklubbenexotica.se\/wp-content\/uploads\/2017\/03\/1998_002-640x480.jpg 2x\" data-envira-width=\"300\" data-envira-height=\"205\" srcset=\"data:image\/gif;base64,R0lGODlhAQABAIAAAP\/\/\/\/\/\/\/yH5BAEKAAEALAAAAAABAAEAAAICTAEAOw==\" data-safe-src=\"data:image\/gif;base64,R0lGODlhAQABAIAAAP\/\/\/\/\/\/\/yH5BAEKAAEALAAAAAABAAEAAAICTAEAOw==\" \/><\/a><\/div><\/div><div id=\"envira-gallery-item-441\" class=\"envira-gallery-item enviratope-item envira-gallery-item-3\" style=\"padding-left: 5px; padding-bottom: 10px; padding-right: 5px;\"  itemscope itemtype=\"https:\/\/schema.org\/ImageObject\"><div class=\"envira-gallery-item-inner\"><div class=\"envira-gallery-position-overlay  envira-gallery-top-left\"><\/div><div class=\"envira-gallery-position-overlay  envira-gallery-top-right\"><\/div><div class=\"envira-gallery-position-overlay  envira-gallery-bottom-left\"><\/div><div class=\"envira-gallery-position-overlay  envira-gallery-bottom-right\"><\/div><a href=\"http:\/\/www.herrklubbenexotica.se\/wp-content\/uploads\/2017\/03\/1998_003.jpg\" class=\"envira-gallery-438 envira-gallery-link\" rel=\"enviragallery438\" title=\"Stora Herrklubbsl&ouml;rdagen\" data-envira-caption=\"Stora Herrklubbsl&ouml;rdagen\" data-envira-retina=\"\" data-thumbnail=\"\"  itemprop=\"contentUrl\"><img decoding=\"async\" id=\"envira-gallery-image-441\" class=\"envira-gallery-image envira-gallery-image-3 envira-normal envira-lazy\" data-envira-index=\"3\" src=\"https:\/\/www.herrklubbenexotica.se\/wp-content\/uploads\/2017\/03\/1998_003-640x480.jpg\" data-envira-src=\"https:\/\/www.herrklubbenexotica.se\/wp-content\/uploads\/2017\/03\/1998_003-640x480.jpg\" data-envira-gallery-id=\"438\" data-envira-item-id=\"441\" data-envira-caption=\"Stora Herrklubbsl&ouml;rdagen\" alt=\"Stora Herrklubbsl\u00f6rdagen\" title=\"Stora Herrklubbsl\u00f6rdagen\"  itemprop=\"thumbnailUrl\" data-envira-srcset=\"https:\/\/www.herrklubbenexotica.se\/wp-content\/uploads\/2017\/03\/1998_003-640x480.jpg 400w,https:\/\/www.herrklubbenexotica.se\/wp-content\/uploads\/2017\/03\/1998_003-640x480.jpg 2x\" data-envira-width=\"300\" data-envira-height=\"205\" srcset=\"data:image\/gif;base64,R0lGODlhAQABAIAAAP\/\/\/\/\/\/\/yH5BAEKAAEALAAAAAABAAEAAAICTAEAOw==\" data-safe-src=\"data:image\/gif;base64,R0lGODlhAQABAIAAAP\/\/\/\/\/\/\/yH5BAEKAAEALAAAAAABAAEAAAICTAEAOw==\" \/><\/a><\/div><\/div><div id=\"envira-gallery-item-442\" class=\"envira-gallery-item enviratope-item envira-gallery-item-4\" style=\"padding-left: 5px; padding-bottom: 10px; padding-right: 5px;\"  itemscope itemtype=\"https:\/\/schema.org\/ImageObject\"><div class=\"envira-gallery-item-inner\"><div class=\"envira-gallery-position-overlay  envira-gallery-top-left\"><\/div><div class=\"envira-gallery-position-overlay  envira-gallery-top-right\"><\/div><div class=\"envira-gallery-position-overlay  envira-gallery-bottom-left\"><\/div><div class=\"envira-gallery-position-overlay  envira-gallery-bottom-right\"><\/div><a href=\"http:\/\/www.herrklubbenexotica.se\/wp-content\/uploads\/2017\/03\/1998_004.jpg\" class=\"envira-gallery-438 envira-gallery-link\" rel=\"enviragallery438\" title=\"Cesar st&auml;ller ut p&aring; Konsthallen\" data-envira-caption=\"Cesar st&auml;ller ut p&aring; Konsthallen\" data-envira-retina=\"\" data-thumbnail=\"\"  itemprop=\"contentUrl\"><img decoding=\"async\" id=\"envira-gallery-image-442\" class=\"envira-gallery-image envira-gallery-image-4 envira-normal envira-lazy\" data-envira-index=\"4\" src=\"https:\/\/www.herrklubbenexotica.se\/wp-content\/uploads\/2017\/03\/1998_004-640x480.jpg\" data-envira-src=\"https:\/\/www.herrklubbenexotica.se\/wp-content\/uploads\/2017\/03\/1998_004-640x480.jpg\" data-envira-gallery-id=\"438\" data-envira-item-id=\"442\" data-envira-caption=\"Cesar st&auml;ller ut p&aring; Konsthallen\" alt=\"Cesar st\u00e4ller ut p\u00e5 Konsthallen\" title=\"Cesar st\u00e4ller ut p\u00e5 Konsthallen\"  itemprop=\"thumbnailUrl\" data-envira-srcset=\"https:\/\/www.herrklubbenexotica.se\/wp-content\/uploads\/2017\/03\/1998_004-640x480.jpg 400w,https:\/\/www.herrklubbenexotica.se\/wp-content\/uploads\/2017\/03\/1998_004-640x480.jpg 2x\" data-envira-width=\"300\" data-envira-height=\"205\" srcset=\"data:image\/gif;base64,R0lGODlhAQABAIAAAP\/\/\/\/\/\/\/yH5BAEKAAEALAAAAAABAAEAAAICTAEAOw==\" data-safe-src=\"data:image\/gif;base64,R0lGODlhAQABAIAAAP\/\/\/\/\/\/\/yH5BAEKAAEALAAAAAABAAEAAAICTAEAOw==\" \/><\/a><\/div><\/div><div id=\"envira-gallery-item-443\" class=\"envira-gallery-item enviratope-item envira-gallery-item-5\" style=\"padding-left: 5px; padding-bottom: 10px; padding-right: 5px;\"  itemscope itemtype=\"https:\/\/schema.org\/ImageObject\"><div class=\"envira-gallery-item-inner\"><div class=\"envira-gallery-position-overlay  envira-gallery-top-left\"><\/div><div class=\"envira-gallery-position-overlay  envira-gallery-top-right\"><\/div><div class=\"envira-gallery-position-overlay  envira-gallery-bottom-left\"><\/div><div class=\"envira-gallery-position-overlay  envira-gallery-bottom-right\"><\/div><a href=\"http:\/\/www.herrklubbenexotica.se\/wp-content\/uploads\/2017\/03\/1998_005.jpg\" class=\"envira-gallery-438 envira-gallery-link\" rel=\"enviragallery438\" title=\"Medlemsm&ouml;te\" data-envira-caption=\"Medlemsm&ouml;te\" data-envira-retina=\"\" data-thumbnail=\"\"  itemprop=\"contentUrl\"><img decoding=\"async\" id=\"envira-gallery-image-443\" class=\"envira-gallery-image envira-gallery-image-5 envira-normal envira-lazy\" data-envira-index=\"5\" src=\"https:\/\/www.herrklubbenexotica.se\/wp-content\/uploads\/2017\/03\/1998_005-640x480.jpg\" data-envira-src=\"https:\/\/www.herrklubbenexotica.se\/wp-content\/uploads\/2017\/03\/1998_005-640x480.jpg\" data-envira-gallery-id=\"438\" data-envira-item-id=\"443\" data-envira-caption=\"Medlemsm&ouml;te\" alt=\"Medlemsm\u00f6te\" title=\"Medlemsm\u00f6te\"  itemprop=\"thumbnailUrl\" data-envira-srcset=\"https:\/\/www.herrklubbenexotica.se\/wp-content\/uploads\/2017\/03\/1998_005-640x480.jpg 400w,https:\/\/www.herrklubbenexotica.se\/wp-content\/uploads\/2017\/03\/1998_005-640x480.jpg 2x\" data-envira-width=\"300\" data-envira-height=\"205\" srcset=\"data:image\/gif;base64,R0lGODlhAQABAIAAAP\/\/\/\/\/\/\/yH5BAEKAAEALAAAAAABAAEAAAICTAEAOw==\" data-safe-src=\"data:image\/gif;base64,R0lGODlhAQABAIAAAP\/\/\/\/\/\/\/yH5BAEKAAEALAAAAAABAAEAAAICTAEAOw==\" \/><\/a><\/div><\/div><div id=\"envira-gallery-item-444\" class=\"envira-gallery-item enviratope-item envira-gallery-item-6\" style=\"padding-left: 5px; padding-bottom: 10px; padding-right: 5px;\"  itemscope itemtype=\"https:\/\/schema.org\/ImageObject\"><div class=\"envira-gallery-item-inner\"><div class=\"envira-gallery-position-overlay  envira-gallery-top-left\"><\/div><div class=\"envira-gallery-position-overlay  envira-gallery-top-right\"><\/div><div class=\"envira-gallery-position-overlay  envira-gallery-bottom-left\"><\/div><div class=\"envira-gallery-position-overlay  envira-gallery-bottom-right\"><\/div><a href=\"http:\/\/www.herrklubbenexotica.se\/wp-content\/uploads\/2017\/03\/1998_006.jpg\" class=\"envira-gallery-438 envira-gallery-link\" rel=\"enviragallery438\" title=\"Pokerkv&auml;ll\" data-envira-caption=\"Pokerkv&auml;ll\" data-envira-retina=\"\" data-thumbnail=\"\"  itemprop=\"contentUrl\"><img decoding=\"async\" id=\"envira-gallery-image-444\" class=\"envira-gallery-image envira-gallery-image-6 envira-normal envira-lazy\" data-envira-index=\"6\" src=\"https:\/\/www.herrklubbenexotica.se\/wp-content\/uploads\/2017\/03\/1998_006-640x480.jpg\" data-envira-src=\"https:\/\/www.herrklubbenexotica.se\/wp-content\/uploads\/2017\/03\/1998_006-640x480.jpg\" data-envira-gallery-id=\"438\" data-envira-item-id=\"444\" data-envira-caption=\"Pokerkv&auml;ll\" alt=\"Pokerkv\u00e4ll\" title=\"Pokerkv\u00e4ll\"  itemprop=\"thumbnailUrl\" data-envira-srcset=\"https:\/\/www.herrklubbenexotica.se\/wp-content\/uploads\/2017\/03\/1998_006-640x480.jpg 400w,https:\/\/www.herrklubbenexotica.se\/wp-content\/uploads\/2017\/03\/1998_006-640x480.jpg 2x\" data-envira-width=\"300\" data-envira-height=\"205\" srcset=\"data:image\/gif;base64,R0lGODlhAQABAIAAAP\/\/\/\/\/\/\/yH5BAEKAAEALAAAAAABAAEAAAICTAEAOw==\" data-safe-src=\"data:image\/gif;base64,R0lGODlhAQABAIAAAP\/\/\/\/\/\/\/yH5BAEKAAEALAAAAAABAAEAAAICTAEAOw==\" \/><\/a><\/div><\/div><\/div><\/div><noscript><img decoding=\"async\" src=\"https:\/\/www.herrklubbenexotica.se\/wp-content\/uploads\/2017\/03\/1998_001.jpg\" alt=\"Konferens inf\u00f6r Stora Herrklubbsl\u00f6rdagen\" \/><img decoding=\"async\" src=\"https:\/\/www.herrklubbenexotica.se\/wp-content\/uploads\/2017\/03\/1998_002.jpg\" alt=\"Konferens inf\u00f6r Stora Herrklubbsl\u00f6rdagen\" \/><img decoding=\"async\" src=\"https:\/\/www.herrklubbenexotica.se\/wp-content\/uploads\/2017\/03\/1998_003.jpg\" alt=\"Stora Herrklubbsl\u00f6rdagen\" \/><img decoding=\"async\" src=\"https:\/\/www.herrklubbenexotica.se\/wp-content\/uploads\/2017\/03\/1998_004.jpg\" alt=\"Cesar st\u00e4ller ut p\u00e5 Konsthallen\" \/><img decoding=\"async\" src=\"https:\/\/www.herrklubbenexotica.se\/wp-content\/uploads\/2017\/03\/1998_005.jpg\" alt=\"Medlemsm\u00f6te\" \/><img decoding=\"async\" src=\"https:\/\/www.herrklubbenexotica.se\/wp-content\/uploads\/2017\/03\/1998_006.jpg\" alt=\"Pokerkv\u00e4ll\" \/><\/noscript>\n","protected":false},"excerpt":{"rendered":"<p>V\u00e4ldigt mycket &#8220;Stora Herrklubbsl\u00f6rdagen&#8221; och en konstig konstutst\u00e4llning.<\/p>\n","protected":false},"author":1,"featured_media":0,"parent":0,"menu_order":37,"comment_status":"closed","ping_status":"closed","template":"","meta":{"footnotes":""},"class_list":["post-110","page","type-page","status-publish","hentry"],"_links":{"self":[{"href":"https:\/\/www.herrklubbenexotica.se\/index.php\/wp-json\/wp\/v2\/pages\/110","targetHints":{"allow":["GET"]}}],"collection":[{"href":"https:\/\/www.herrklubbenexotica.se\/index.php\/wp-json\/wp\/v2\/pages"}],"about":[{"href":"https:\/\/www.herrklubbenexotica.se\/index.php\/wp-json\/wp\/v2\/types\/page"}],"author":[{"embeddable":true,"href":"https:\/\/www.herrklubbenexotica.se\/index.php\/wp-json\/wp\/v2\/users\/1"}],"replies":[{"embeddable":true,"href":"https:\/\/www.herrklubbenexotica.se\/index.php\/wp-json\/wp\/v2\/comments?post=110"}],"version-history":[{"count":2,"href":"https:\/\/www.herrklubbenexotica.se\/index.php\/wp-json\/wp\/v2\/pages\/110\/revisions"}],"predecessor-version":[{"id":478,"href":"https:\/\/www.herrklubbenexotica.se\/index.php\/wp-json\/wp\/v2\/pages\/110\/revisions\/478"}],"wp:attachment":[{"href":"https:\/\/www.herrklubbenexotica.se\/index.php\/wp-json\/wp\/v2\/media?parent=110"}],"curies":[{"name":"wp","href":"https:\/\/api.w.org\/{rel}","templated":true}]}}