{"id":132,"date":"2015-10-12T11:30:19","date_gmt":"2015-10-12T09:30:19","guid":{"rendered":"http:\/\/www.herrklubbenexotica.se\/index.php\/skytte-gaestis\/"},"modified":"2017-03-25T17:27:13","modified_gmt":"2017-03-25T16:27:13","slug":"skytte-gaestis","status":"publish","type":"page","link":"https:\/\/www.herrklubbenexotica.se\/index.php\/skytte-gaestis\/","title":{"rendered":"Skytte + G\u00e4stis 2015"},"content":{"rendered":"<p>Klubbm\u00e4sterskap i lerduveskytte i Staffanstorp, med efterf\u00f6ljande middag p\u00e5 Staffanstorp G\u00e4stis, samt mellanspel hemma hos Herr Gyllenski\u00f6ld.<\/p>\n<div id=\"envira-gallery-wrap-1071\" class=\"envira-gallery-wrap envira-gallery-theme-base envira-lightbox-theme-base\" itemscope itemtype=\"https:\/\/schema.org\/ImageGallery\"><div data-row-height=\"150\" data-gallery-theme=\"normal\" id=\"envira-gallery-1071\" class=\"envira-gallery-public envira-gallery-justified-public envira-gallery-0-columns envira-clear enviratope envira-gallery-css-animations\" data-envira-columns=\"0\"><div id=\"envira-gallery-item-1072\" class=\"envira-gallery-item enviratope-item envira-gallery-item-1\" style=\"padding-left: 5px; padding-bottom: 10px; padding-right: 5px;\"  itemscope itemtype=\"https:\/\/schema.org\/ImageObject\"><div class=\"envira-gallery-item-inner\"><div class=\"envira-gallery-position-overlay  envira-gallery-top-left\"><\/div><div class=\"envira-gallery-position-overlay  envira-gallery-top-right\"><\/div><div class=\"envira-gallery-position-overlay  envira-gallery-bottom-left\"><\/div><div class=\"envira-gallery-position-overlay  envira-gallery-bottom-right\"><\/div><a href=\"http:\/\/www.herrklubbenexotica.se\/wp-content\/uploads\/2017\/03\/img001.jpg\" class=\"envira-gallery-1071 envira-gallery-link\" rel=\"enviragallery1071\" title=\"\" data-envira-caption=\"\" data-envira-retina=\"\" data-thumbnail=\"\"  itemprop=\"contentUrl\"><img decoding=\"async\" id=\"envira-gallery-image-1072\" class=\"envira-gallery-image envira-gallery-image-1 envira-normal envira-lazy\" data-envira-index=\"1\" src=\"https:\/\/www.herrklubbenexotica.se\/wp-content\/uploads\/2017\/03\/img001-640x480.jpg\" data-envira-src=\"https:\/\/www.herrklubbenexotica.se\/wp-content\/uploads\/2017\/03\/img001-640x480.jpg\" data-envira-gallery-id=\"1071\" data-envira-item-id=\"1072\" data-envira-caption=\"\" alt=\"\" title=\"\"  itemprop=\"thumbnailUrl\" data-envira-srcset=\"https:\/\/www.herrklubbenexotica.se\/wp-content\/uploads\/2017\/03\/img001-640x480.jpg 400w,https:\/\/www.herrklubbenexotica.se\/wp-content\/uploads\/2017\/03\/img001-640x480.jpg 2x\" data-envira-width=\"172\" data-envira-height=\"300\" srcset=\"data:image\/gif;base64,R0lGODlhAQABAIAAAP\/\/\/\/\/\/\/yH5BAEKAAEALAAAAAABAAEAAAICTAEAOw==\" data-safe-src=\"data:image\/gif;base64,R0lGODlhAQABAIAAAP\/\/\/\/\/\/\/yH5BAEKAAEALAAAAAABAAEAAAICTAEAOw==\" \/><\/a><\/div><\/div><div id=\"envira-gallery-item-1073\" class=\"envira-gallery-item enviratope-item envira-gallery-item-2\" style=\"padding-left: 5px; padding-bottom: 10px; padding-right: 5px;\"  itemscope itemtype=\"https:\/\/schema.org\/ImageObject\"><div class=\"envira-gallery-item-inner\"><div class=\"envira-gallery-position-overlay  envira-gallery-top-left\"><\/div><div class=\"envira-gallery-position-overlay  envira-gallery-top-right\"><\/div><div class=\"envira-gallery-position-overlay  envira-gallery-bottom-left\"><\/div><div class=\"envira-gallery-position-overlay  envira-gallery-bottom-right\"><\/div><a href=\"http:\/\/www.herrklubbenexotica.se\/wp-content\/uploads\/2017\/03\/img002.jpg\" class=\"envira-gallery-1071 envira-gallery-link\" rel=\"enviragallery1071\" title=\"\" data-envira-caption=\"\" data-envira-retina=\"\" data-thumbnail=\"\"  itemprop=\"contentUrl\"><img decoding=\"async\" id=\"envira-gallery-image-1073\" class=\"envira-gallery-image envira-gallery-image-2 envira-normal envira-lazy\" data-envira-index=\"2\" src=\"https:\/\/www.herrklubbenexotica.se\/wp-content\/uploads\/2017\/03\/img002-640x480.jpg\" data-envira-src=\"https:\/\/www.herrklubbenexotica.se\/wp-content\/uploads\/2017\/03\/img002-640x480.jpg\" data-envira-gallery-id=\"1071\" data-envira-item-id=\"1073\" data-envira-caption=\"\" alt=\"\" title=\"\"  itemprop=\"thumbnailUrl\" data-envira-srcset=\"https:\/\/www.herrklubbenexotica.se\/wp-content\/uploads\/2017\/03\/img002-640x480.jpg 400w,https:\/\/www.herrklubbenexotica.se\/wp-content\/uploads\/2017\/03\/img002-640x480.jpg 2x\" data-envira-width=\"177\" data-envira-height=\"300\" srcset=\"data:image\/gif;base64,R0lGODlhAQABAIAAAP\/\/\/\/\/\/\/yH5BAEKAAEALAAAAAABAAEAAAICTAEAOw==\" data-safe-src=\"data:image\/gif;base64,R0lGODlhAQABAIAAAP\/\/\/\/\/\/\/yH5BAEKAAEALAAAAAABAAEAAAICTAEAOw==\" \/><\/a><\/div><\/div><div id=\"envira-gallery-item-1074\" class=\"envira-gallery-item enviratope-item envira-gallery-item-3\" style=\"padding-left: 5px; padding-bottom: 10px; padding-right: 5px;\"  itemscope itemtype=\"https:\/\/schema.org\/ImageObject\"><div class=\"envira-gallery-item-inner\"><div class=\"envira-gallery-position-overlay  envira-gallery-top-left\"><\/div><div class=\"envira-gallery-position-overlay  envira-gallery-top-right\"><\/div><div class=\"envira-gallery-position-overlay  envira-gallery-bottom-left\"><\/div><div class=\"envira-gallery-position-overlay  envira-gallery-bottom-right\"><\/div><a href=\"http:\/\/www.herrklubbenexotica.se\/wp-content\/uploads\/2017\/03\/img003.jpg\" class=\"envira-gallery-1071 envira-gallery-link\" rel=\"enviragallery1071\" title=\"\" data-envira-caption=\"\" data-envira-retina=\"\" data-thumbnail=\"\"  itemprop=\"contentUrl\"><img decoding=\"async\" id=\"envira-gallery-image-1074\" class=\"envira-gallery-image envira-gallery-image-3 envira-normal envira-lazy\" data-envira-index=\"3\" src=\"https:\/\/www.herrklubbenexotica.se\/wp-content\/uploads\/2017\/03\/img003-640x480.jpg\" data-envira-src=\"https:\/\/www.herrklubbenexotica.se\/wp-content\/uploads\/2017\/03\/img003-640x480.jpg\" data-envira-gallery-id=\"1071\" data-envira-item-id=\"1074\" data-envira-caption=\"\" alt=\"\" title=\"\"  itemprop=\"thumbnailUrl\" data-envira-srcset=\"https:\/\/www.herrklubbenexotica.se\/wp-content\/uploads\/2017\/03\/img003-640x480.jpg 400w,https:\/\/www.herrklubbenexotica.se\/wp-content\/uploads\/2017\/03\/img003-640x480.jpg 2x\" data-envira-width=\"180\" data-envira-height=\"300\" srcset=\"data:image\/gif;base64,R0lGODlhAQABAIAAAP\/\/\/\/\/\/\/yH5BAEKAAEALAAAAAABAAEAAAICTAEAOw==\" data-safe-src=\"data:image\/gif;base64,R0lGODlhAQABAIAAAP\/\/\/\/\/\/\/yH5BAEKAAEALAAAAAABAAEAAAICTAEAOw==\" \/><\/a><\/div><\/div><div id=\"envira-gallery-item-1075\" class=\"envira-gallery-item enviratope-item envira-gallery-item-4\" style=\"padding-left: 5px; padding-bottom: 10px; padding-right: 5px;\"  itemscope itemtype=\"https:\/\/schema.org\/ImageObject\"><div class=\"envira-gallery-item-inner\"><div class=\"envira-gallery-position-overlay  envira-gallery-top-left\"><\/div><div class=\"envira-gallery-position-overlay  envira-gallery-top-right\"><\/div><div class=\"envira-gallery-position-overlay  envira-gallery-bottom-left\"><\/div><div class=\"envira-gallery-position-overlay  envira-gallery-bottom-right\"><\/div><a href=\"http:\/\/www.herrklubbenexotica.se\/wp-content\/uploads\/2017\/03\/img004.jpg\" class=\"envira-gallery-1071 envira-gallery-link\" rel=\"enviragallery1071\" title=\"\" data-envira-caption=\"\" data-envira-retina=\"\" data-thumbnail=\"\"  itemprop=\"contentUrl\"><img decoding=\"async\" id=\"envira-gallery-image-1075\" class=\"envira-gallery-image envira-gallery-image-4 envira-normal envira-lazy\" data-envira-index=\"4\" src=\"https:\/\/www.herrklubbenexotica.se\/wp-content\/uploads\/2017\/03\/img004-640x480.jpg\" data-envira-src=\"https:\/\/www.herrklubbenexotica.se\/wp-content\/uploads\/2017\/03\/img004-640x480.jpg\" data-envira-gallery-id=\"1071\" data-envira-item-id=\"1075\" data-envira-caption=\"\" alt=\"\" title=\"\"  itemprop=\"thumbnailUrl\" data-envira-srcset=\"https:\/\/www.herrklubbenexotica.se\/wp-content\/uploads\/2017\/03\/img004-640x480.jpg 400w,https:\/\/www.herrklubbenexotica.se\/wp-content\/uploads\/2017\/03\/img004-640x480.jpg 2x\" data-envira-width=\"300\" data-envira-height=\"201\" srcset=\"data:image\/gif;base64,R0lGODlhAQABAIAAAP\/\/\/\/\/\/\/yH5BAEKAAEALAAAAAABAAEAAAICTAEAOw==\" data-safe-src=\"data:image\/gif;base64,R0lGODlhAQABAIAAAP\/\/\/\/\/\/\/yH5BAEKAAEALAAAAAABAAEAAAICTAEAOw==\" \/><\/a><\/div><\/div><div id=\"envira-gallery-item-1076\" class=\"envira-gallery-item enviratope-item envira-gallery-item-5\" style=\"padding-left: 5px; padding-bottom: 10px; padding-right: 5px;\"  itemscope itemtype=\"https:\/\/schema.org\/ImageObject\"><div class=\"envira-gallery-item-inner\"><div class=\"envira-gallery-position-overlay  envira-gallery-top-left\"><\/div><div class=\"envira-gallery-position-overlay  envira-gallery-top-right\"><\/div><div class=\"envira-gallery-position-overlay  envira-gallery-bottom-left\"><\/div><div class=\"envira-gallery-position-overlay  envira-gallery-bottom-right\"><\/div><a href=\"http:\/\/www.herrklubbenexotica.se\/wp-content\/uploads\/2017\/03\/img005.jpg\" class=\"envira-gallery-1071 envira-gallery-link\" rel=\"enviragallery1071\" title=\"\" data-envira-caption=\"\" data-envira-retina=\"\" data-thumbnail=\"\"  itemprop=\"contentUrl\"><img decoding=\"async\" id=\"envira-gallery-image-1076\" class=\"envira-gallery-image envira-gallery-image-5 envira-normal envira-lazy\" data-envira-index=\"5\" src=\"https:\/\/www.herrklubbenexotica.se\/wp-content\/uploads\/2017\/03\/img005-640x480.jpg\" data-envira-src=\"https:\/\/www.herrklubbenexotica.se\/wp-content\/uploads\/2017\/03\/img005-640x480.jpg\" data-envira-gallery-id=\"1071\" data-envira-item-id=\"1076\" data-envira-caption=\"\" alt=\"\" title=\"\"  itemprop=\"thumbnailUrl\" data-envira-srcset=\"https:\/\/www.herrklubbenexotica.se\/wp-content\/uploads\/2017\/03\/img005-640x480.jpg 400w,https:\/\/www.herrklubbenexotica.se\/wp-content\/uploads\/2017\/03\/img005-640x480.jpg 2x\" data-envira-width=\"225\" data-envira-height=\"300\" srcset=\"data:image\/gif;base64,R0lGODlhAQABAIAAAP\/\/\/\/\/\/\/yH5BAEKAAEALAAAAAABAAEAAAICTAEAOw==\" data-safe-src=\"data:image\/gif;base64,R0lGODlhAQABAIAAAP\/\/\/\/\/\/\/yH5BAEKAAEALAAAAAABAAEAAAICTAEAOw==\" \/><\/a><\/div><\/div><div id=\"envira-gallery-item-1077\" class=\"envira-gallery-item enviratope-item envira-gallery-item-6\" style=\"padding-left: 5px; padding-bottom: 10px; padding-right: 5px;\"  itemscope itemtype=\"https:\/\/schema.org\/ImageObject\"><div class=\"envira-gallery-item-inner\"><div class=\"envira-gallery-position-overlay  envira-gallery-top-left\"><\/div><div class=\"envira-gallery-position-overlay  envira-gallery-top-right\"><\/div><div class=\"envira-gallery-position-overlay  envira-gallery-bottom-left\"><\/div><div class=\"envira-gallery-position-overlay  envira-gallery-bottom-right\"><\/div><a href=\"http:\/\/www.herrklubbenexotica.se\/wp-content\/uploads\/2017\/03\/img006.jpg\" class=\"envira-gallery-1071 envira-gallery-link\" rel=\"enviragallery1071\" title=\"\" data-envira-caption=\"\" data-envira-retina=\"\" data-thumbnail=\"\"  itemprop=\"contentUrl\"><img decoding=\"async\" id=\"envira-gallery-image-1077\" class=\"envira-gallery-image envira-gallery-image-6 envira-normal envira-lazy\" data-envira-index=\"6\" src=\"https:\/\/www.herrklubbenexotica.se\/wp-content\/uploads\/2017\/03\/img006-640x480.jpg\" data-envira-src=\"https:\/\/www.herrklubbenexotica.se\/wp-content\/uploads\/2017\/03\/img006-640x480.jpg\" data-envira-gallery-id=\"1071\" data-envira-item-id=\"1077\" data-envira-caption=\"\" alt=\"\" title=\"\"  itemprop=\"thumbnailUrl\" data-envira-srcset=\"https:\/\/www.herrklubbenexotica.se\/wp-content\/uploads\/2017\/03\/img006-640x480.jpg 400w,https:\/\/www.herrklubbenexotica.se\/wp-content\/uploads\/2017\/03\/img006-640x480.jpg 2x\" data-envira-width=\"225\" data-envira-height=\"300\" srcset=\"data:image\/gif;base64,R0lGODlhAQABAIAAAP\/\/\/\/\/\/\/yH5BAEKAAEALAAAAAABAAEAAAICTAEAOw==\" data-safe-src=\"data:image\/gif;base64,R0lGODlhAQABAIAAAP\/\/\/\/\/\/\/yH5BAEKAAEALAAAAAABAAEAAAICTAEAOw==\" \/><\/a><\/div><\/div><\/div><\/div><noscript><img decoding=\"async\" src=\"https:\/\/www.herrklubbenexotica.se\/wp-content\/uploads\/2017\/03\/img001.jpg\" alt=\"\" \/><img decoding=\"async\" src=\"https:\/\/www.herrklubbenexotica.se\/wp-content\/uploads\/2017\/03\/img002.jpg\" alt=\"\" \/><img decoding=\"async\" src=\"https:\/\/www.herrklubbenexotica.se\/wp-content\/uploads\/2017\/03\/img003.jpg\" alt=\"\" \/><img decoding=\"async\" src=\"https:\/\/www.herrklubbenexotica.se\/wp-content\/uploads\/2017\/03\/img004.jpg\" alt=\"\" \/><img decoding=\"async\" src=\"https:\/\/www.herrklubbenexotica.se\/wp-content\/uploads\/2017\/03\/img005.jpg\" alt=\"\" \/><img decoding=\"async\" src=\"https:\/\/www.herrklubbenexotica.se\/wp-content\/uploads\/2017\/03\/img006.jpg\" alt=\"\" \/><\/noscript>\n","protected":false},"excerpt":{"rendered":"<p>Klubbm\u00e4sterskap i lerduveskytte i Staffanstorp, med efterf\u00f6ljande middag p\u00e5 Staffanstorp G\u00e4stis, samt mellanspel hemma hos Herr Gyllenski\u00f6ld.<\/p>\n","protected":false},"author":1,"featured_media":0,"parent":0,"menu_order":0,"comment_status":"closed","ping_status":"closed","template":"","meta":{"footnotes":""},"class_list":["post-132","page","type-page","status-publish","hentry"],"_links":{"self":[{"href":"https:\/\/www.herrklubbenexotica.se\/index.php\/wp-json\/wp\/v2\/pages\/132","targetHints":{"allow":["GET"]}}],"collection":[{"href":"https:\/\/www.herrklubbenexotica.se\/index.php\/wp-json\/wp\/v2\/pages"}],"about":[{"href":"https:\/\/www.herrklubbenexotica.se\/index.php\/wp-json\/wp\/v2\/types\/page"}],"author":[{"embeddable":true,"href":"https:\/\/www.herrklubbenexotica.se\/index.php\/wp-json\/wp\/v2\/users\/1"}],"replies":[{"embeddable":true,"href":"https:\/\/www.herrklubbenexotica.se\/index.php\/wp-json\/wp\/v2\/comments?post=132"}],"version-history":[{"count":3,"href":"https:\/\/www.herrklubbenexotica.se\/index.php\/wp-json\/wp\/v2\/pages\/132\/revisions"}],"predecessor-version":[{"id":1100,"href":"https:\/\/www.herrklubbenexotica.se\/index.php\/wp-json\/wp\/v2\/pages\/132\/revisions\/1100"}],"wp:attachment":[{"href":"https:\/\/www.herrklubbenexotica.se\/index.php\/wp-json\/wp\/v2\/media?parent=132"}],"curies":[{"name":"wp","href":"https:\/\/api.w.org\/{rel}","templated":true}]}}