{"id":136,"date":"2012-02-13T10:27:21","date_gmt":"2012-02-13T09:27:21","guid":{"rendered":"http:\/\/www.herrklubbenexotica.se\/index.php\/medlemskap\/"},"modified":"2017-03-20T16:23:10","modified_gmt":"2017-03-20T15:23:10","slug":"medlemskap","status":"publish","type":"page","link":"https:\/\/www.herrklubbenexotica.se\/index.php\/medlemskap\/","title":{"rendered":"Medlemskap"},"content":{"rendered":"<h2>Hur blir man medlem i Herrklubben Exotica?<\/h2>\n<p><strong>Detta kan endast ske genom rekommendation fr\u00e5n en nuvarande medlem,<\/strong> varp\u00e5 formul\u00e4r A skickas ut till den rekommenderade, som givetvis fyller i detsamma och skickar tillbaka till styrelsen.<\/p>\n<p>Med utg\u00e5ngspunkt fr\u00e5n svaren p\u00e5 formul\u00e4r A fattar medlemsm\u00f6tet beslut om ett eventuellt pr\u00f6vomedlemsskap. Enkel majoritet r\u00e4cker f\u00f6r att aspiranten skall erh\u00e5lla inbjudan.<\/p>\n<p>Fullv\u00e4rdig medlem blir aspiranten efter att denne bevistat en av klubben anordnad aktivitet inom sex (6) m\u00e5nader; och h\u00e4r upptr\u00e4tt som det anst\u00e5r en sann Exotica-medlem, samt undertecknat formul\u00e4r B. Om aspiranten inte bevistar n\u00e5gon aktivitet inom n\u00e4mnda period, tolkas detta som ointresse och aspirantens svar p\u00e5 formul\u00e4r A blir ogiltiga, och kan d\u00e4rf\u00f6r ej omv\u00e4rderas eller brukas \u00e5nyo.<\/p>\n","protected":false},"excerpt":{"rendered":"<p>Hur blir man medlem i Herrklubben Exotica? Detta kan endast ske genom rekommendation fr\u00e5n en nuvarande medlem, varp\u00e5 formul\u00e4r A skickas ut till den rekommenderade, som givetvis fyller i detsamma &hellip; <\/p>\n<p class=\"link-more\"><a href=\"https:\/\/www.herrklubbenexotica.se\/index.php\/medlemskap\/\" class=\"more-link\">Continue reading<span class=\"screen-reader-text\"> &#8220;Medlemskap&#8221;<\/span><\/a><\/p>\n","protected":false},"author":1,"featured_media":0,"parent":0,"menu_order":5,"comment_status":"closed","ping_status":"closed","template":"","meta":{"footnotes":""},"class_list":["post-136","page","type-page","status-publish","hentry"],"_links":{"self":[{"href":"https:\/\/www.herrklubbenexotica.se\/index.php\/wp-json\/wp\/v2\/pages\/136","targetHints":{"allow":["GET"]}}],"collection":[{"href":"https:\/\/www.herrklubbenexotica.se\/index.php\/wp-json\/wp\/v2\/pages"}],"about":[{"href":"https:\/\/www.herrklubbenexotica.se\/index.php\/wp-json\/wp\/v2\/types\/page"}],"author":[{"embeddable":true,"href":"https:\/\/www.herrklubbenexotica.se\/index.php\/wp-json\/wp\/v2\/users\/1"}],"replies":[{"embeddable":true,"href":"https:\/\/www.herrklubbenexotica.se\/index.php\/wp-json\/wp\/v2\/comments?post=136"}],"version-history":[{"count":2,"href":"https:\/\/www.herrklubbenexotica.se\/index.php\/wp-json\/wp\/v2\/pages\/136\/revisions"}],"predecessor-version":[{"id":243,"href":"https:\/\/www.herrklubbenexotica.se\/index.php\/wp-json\/wp\/v2\/pages\/136\/revisions\/243"}],"wp:attachment":[{"href":"https:\/\/www.herrklubbenexotica.se\/index.php\/wp-json\/wp\/v2\/media?parent=136"}],"curies":[{"name":"wp","href":"https:\/\/api.w.org\/{rel}","templated":true}]}}