{"id":17,"date":"2015-07-13T19:18:05","date_gmt":"2015-07-13T17:18:05","guid":{"rendered":"http:\/\/www.herrklubbenexotica.se\/index.php\/stadgar\/"},"modified":"2021-04-25T16:19:58","modified_gmt":"2021-04-25T14:19:58","slug":"stadgar","status":"publish","type":"page","link":"https:\/\/www.herrklubbenexotica.se\/index.php\/stadgar\/","title":{"rendered":"Stadgar"},"content":{"rendered":"<p style=\"max-width: 40em;\"><strong>Medlemmar i Herrklubben Exotica f\u00f6rv\u00e4ntas att k\u00e4nna till Herrklubbens stadgar. Ni finner dem i sin helhet nedan.<\/strong><\/p>\n<p>\u00a7 1<br \/>\nStil och finess skall fr\u00e4mjas.<\/p>\n<p>\u00a7 2<br \/>\nStyrelsen skall verka f\u00f6r medlemmarnas b\u00e4sta, samt tillgodose deras intressen och \u00f6nskem\u00e5l.<\/p>\n<p>\u00a7 3<br \/>\nF\u00f6r \u00e4ndring av befintliga stadgar kr\u00e4vs enh\u00e4lligt beslut av styrelsens medlemmar. Kan ej ett enh\u00e4lligt beslut n\u00e5s bordl\u00e4ggs fr\u00e5gan till n\u00e4sta styrelsem\u00f6te, vid vilket kvalificerad majoritet (4\/5 r\u00f6ster) kr\u00e4vs f\u00f6r beslut. Kan kvalificerad majoritet ej n\u00e5s faller f\u00f6rslaget.<\/p>\n<p>\u00a7 3:1<br \/>\nStyrelsen kan, om den s\u00e5 \u00f6nskar, \u00f6verl\u00e5ta p\u00e5 medlemmarna att fatta beslut om stadge\u00e4ndringar. Medlemsm\u00f6tet fattar genom kvalificerad majoritet (2\/3) beslut om nya stadgar. Om kvalificerad majoritet ej kan n\u00e5s bordl\u00e4ggs fr\u00e5gan. Kan kvalificerad majoritet ej heller n\u00e5s p\u00e5 n\u00e4stkommande medlemsm\u00f6te faller f\u00f6rslaget.<\/p>\n<p>\u00a7 4<br \/>\nAllt som spr\u00e5kas p\u00e5 klubbens m\u00f6ten stannar ovillkorligen inom klubben.<\/p>\n<p>\u00a7 5<br \/>\nKvinnor till\u00e5ts under inga omst\u00e4ndigheter som medlemmar, kvinnor kan ej heller n\u00e4rvara vid styrelse- eller medlemsm\u00f6ten.<\/p>\n<p>\u00a7 6<br \/>\nVarje medlemsm\u00f6te m\u00e5ste f\u00f6reg\u00e5s av ett styrelsem\u00f6te.<\/p>\n<p>\u00a7 7<br \/>\nMedlemsm\u00f6tet beslutar om \u00e5tg\u00e4rder mot medlemmar som trotsat klubbens policy och stadgar.<\/p>\n<p>\u00a7 8<br \/>\nP\u00e5 styrelse- och medlemsm\u00f6ten g\u00e4ller principen en medlem, en r\u00f6st.<\/p>\n<p style=\"max-width: 40em;\">\u00a7 8:2<br \/>\nM\u00f6tesordf\u00f6randen har utslagsr\u00f6st vid lika r\u00f6stning.<\/p>\n<p style=\"max-width: 40em;\">\u00a7 9<br \/>\nStyrelsens medlemmar v\u00e4ljs demokratiskt p\u00e5 \u00e5rsm\u00f6tet, f\u00f6r en period av ett (1) \u00e5r. Styrelsen skall best\u00e5 av: Ordf\u00f6rande, Vice Ordf\u00f6rande, Kulturgeneral, Kass\u00f6r och R\u00e5dgivare. P\u00e5 m\u00f6tet skall en Ordf\u00f6rande klart utses. \u00d6vriga poster tills\u00e4tts internt av de utvalda. Dock kan en styrelsemedlem avs\u00e4ttas om den \u00f6vriga styrelsen \u00e4r enig h\u00e4rom. Avg\u00e5ende styrelse innehar sina respektive befattningar till p\u00e5f\u00f6ljande medlemsm\u00f6te.<\/p>\n<p>\u00a7 10<br \/>\nNy medlem erl\u00e4gger medlemsavgift \u00e0 300 kr. Dessutom m\u00e5ste varje medlem erl\u00e4gga resterande summa av \u00e5rsavgift f\u00f6r l\u00f6pande utgifter.<\/p>\n<p>\u00a7 10:1<br \/>\nMedlem ska betala in \u00e5rsavgiften till Herrklubben Exotica senast under \u00e5rsm\u00f6tet. Efter en p\u00e5minnelse kommer vederb\u00f6rande att uteslutas.<\/p>\n<p>\u00a7 10:2<br \/>\nMedlem i Herrklubben Exotica kan under en begr\u00e4nsad tid, om specifika sk\u00e4l f\u00f6religger, av medlemsm\u00f6tet beviljas passivt medlemskap. Ans\u00f6kan om passivt medlemskap skall ske skriftligen till Styrelsen. Passivt medlemskap kan som l\u00e4ngst beviljas fram till kommande \u00e5rsm\u00f6te fr\u00e5n ans\u00f6kningsdatum. F\u00f6r att beviljas passivt medlemsskap skall medlemmen vara skuldfri. Passiv medlem skall i f\u00f6rskott erl\u00e4gga 25% av \u00e5terst\u00e5ende kvartalsavgifter till n\u00e4rmsta \u00e5rsm\u00f6te.<\/p>\n<p>\u00a7 10:3<br \/>\nMedlem i Herrklubben Exotica kan vid arbetsl\u00f6shet eller l\u00e5ngtidssjukdom av medlemsm\u00f6tet beviljas halverad kvartalsavgift. Fullv\u00e4rdigt medlemskap forts\u00e4tter att g\u00e4lla. Ans\u00f6kan skall ske skriftligen till Syrelsen. F\u00f6r att beviljas halverad kvartalsavgift skall medlemmen vara skuldfri.<\/p>\n<p>\u00a7 11<br \/>\nHerr Kass\u00f6ren har ett personligt ansvar f\u00f6r klubbkassan. L\u00e5n ur kassan \u00e4r str\u00e4ngeligen f\u00f6rbjudna. Brott mot denna paragraf b\u00f6r straffas med h\u00e5rdast m\u00f6jliga straff.<\/p>\n<p>\u00a7 11:1<br \/>\nHerr Kass\u00f6ren skall p\u00e5 anmodan skriftligen kunna redog\u00f6ra f\u00f6r g\u00e4llande ekonomiska situation.<\/p>\n<p>\u00a7 11:2<br \/>\nKassan anv\u00e4nds f\u00f6r f\u00f6rt\u00e4ring p\u00e5 medlemsm\u00f6ten, administrativa kostnader samt f\u00f6r att sponsra aktiviteter. Styrelsem\u00f6ten bekostas inte via kassan, utan bekostas helt och fullt av styrelsens medlemmar.<\/p>\n<p>\u00a7 11:3<br \/>\nStyrelsen ges m\u00f6jlighet att \u00f6verf\u00f6ra medel fr\u00e5n klubbkassan<br \/>\ntill barkassan vid ett \u00f6verskott.<\/p>\n<p>\u00a7 12<br \/>\nNya medlemsaspiranter erh\u00e5ller klubbens formul\u00e4r A. Med utg\u00e5ngspunkt fr\u00e5n svaren p\u00e5 formul\u00e4r A fattar medlemsm\u00f6tet beslut om ett eventuellt pr\u00f6vomedlemsskap. Enkel majoritet r\u00e4cker f\u00f6r att aspiranten skall erh\u00e5lla inbjudan.<\/p>\n<p>\u00a7 12:1<br \/>\nFullv\u00e4rdig medlem blir aspiranten efter att denne bevistat en av klubben anordnad aktivitet inom sex (6) m\u00e5nader; och h\u00e4r upptr\u00e4tt som det anst\u00e5r en sann Exotica medlem, samt undertecknat formul\u00e4r B. Om aspiranten inte bevistar n\u00e5gon aktivitet inom n\u00e4mnda period, tolkas detta som ointresse och aspirantens svar p\u00e5 formul\u00e4r A blir ogiltiga, och kan d\u00e4rf\u00f6r ej omv\u00e4rderas eller brukas \u00e5nyo.<\/p>\n<p>\u00a7 12:2<br \/>\nAspiranter till medlemskap i Herrklubben Exotica \u00e4ger ej r\u00e4tt att bevista medlemsm\u00f6ten.<\/p>\n<p>\u00a7 13<br \/>\nVid sammankomster g\u00e4ller v\u00e5rdad kl\u00e4dsel (kavaj, slips och diskret skjorta). I specifika fall kan Herr Kulturgeneralen rekommendera annan kl\u00e4dsel.<\/p>\n<p>\u00a7 14<br \/>\nF\u00f6r klubbaren ansvarar Barf\u00f6rest\u00e5ndaren. Till dennes hj\u00e4lp skall tv\u00e5 Vice Barf\u00f6rest\u00e5ndare finnas. De tre v\u00e4ljs p\u00e5 ett (1) \u00e5r.<\/p>\n<p>\u00a7 15<br \/>\nMedlem kan bli f\u00f6retr\u00e4dd av annan medlem vid uppvisande av godk\u00e4nd Herrklubben Exotica Fullmakt f\u00f6r m\u00f6tets Ordf\u00f6rande.<\/p>\n<p>\u00a7 16<br \/>\nEn IT-ansvarig v\u00e4ljs p\u00e5 \u00e5rsm\u00f6tet f\u00f6r ett \u00e5r i taget.<\/p>\n","protected":false},"excerpt":{"rendered":"<p>Medlemmar i Herrklubben Exotica f\u00f6rv\u00e4ntas att k\u00e4nna till Herrklubbens stadgar. Ni finner dem i sin helhet nedan. \u00a7 1 Stil och finess skall fr\u00e4mjas. \u00a7 2 Styrelsen skall verka f\u00f6r &hellip; <\/p>\n<p class=\"link-more\"><a href=\"https:\/\/www.herrklubbenexotica.se\/index.php\/stadgar\/\" class=\"more-link\">Continue reading<span class=\"screen-reader-text\"> &#8220;Stadgar&#8221;<\/span><\/a><\/p>\n","protected":false},"author":1,"featured_media":0,"parent":0,"menu_order":1,"comment_status":"closed","ping_status":"closed","template":"","meta":{"footnotes":""},"class_list":["post-17","page","type-page","status-publish","hentry"],"_links":{"self":[{"href":"https:\/\/www.herrklubbenexotica.se\/index.php\/wp-json\/wp\/v2\/pages\/17","targetHints":{"allow":["GET"]}}],"collection":[{"href":"https:\/\/www.herrklubbenexotica.se\/index.php\/wp-json\/wp\/v2\/pages"}],"about":[{"href":"https:\/\/www.herrklubbenexotica.se\/index.php\/wp-json\/wp\/v2\/types\/page"}],"author":[{"embeddable":true,"href":"https:\/\/www.herrklubbenexotica.se\/index.php\/wp-json\/wp\/v2\/users\/1"}],"replies":[{"embeddable":true,"href":"https:\/\/www.herrklubbenexotica.se\/index.php\/wp-json\/wp\/v2\/comments?post=17"}],"version-history":[{"count":2,"href":"https:\/\/www.herrklubbenexotica.se\/index.php\/wp-json\/wp\/v2\/pages\/17\/revisions"}],"predecessor-version":[{"id":1850,"href":"https:\/\/www.herrklubbenexotica.se\/index.php\/wp-json\/wp\/v2\/pages\/17\/revisions\/1850"}],"wp:attachment":[{"href":"https:\/\/www.herrklubbenexotica.se\/index.php\/wp-json\/wp\/v2\/media?parent=17"}],"curies":[{"name":"wp","href":"https:\/\/api.w.org\/{rel}","templated":true}]}}