{"id":1878,"date":"2021-10-20T11:47:59","date_gmt":"2021-10-20T09:47:59","guid":{"rendered":"https:\/\/www.herrklubbenexotica.se\/?page_id=1878"},"modified":"2021-10-20T11:48:01","modified_gmt":"2021-10-20T09:48:01","slug":"tequilaprovning-2020","status":"publish","type":"page","link":"https:\/\/www.herrklubbenexotica.se\/index.php\/tequilaprovning-2020\/","title":{"rendered":"Tequilaprovning 2020"},"content":{"rendered":"\n<p>Vi hann med ett enda evenemang under 2020, men det var \u00e5 andra sidan trevligt.<\/p>\n\n\n\n<p><code><div id=\"envira-gallery-wrap-1871\" class=\"envira-gallery-wrap envira-gallery-theme-base envira-lightbox-theme-base\" itemscope itemtype=\"https:\/\/schema.org\/ImageGallery\"><div data-row-height=\"150\" data-gallery-theme=\"normal\" id=\"envira-gallery-1871\" class=\"envira-gallery-public envira-gallery-justified-public envira-gallery-0-columns envira-clear enviratope envira-gallery-css-animations\" data-envira-columns=\"0\"><div id=\"envira-gallery-item-1873\" class=\"envira-gallery-item enviratope-item envira-gallery-item-1 envira-lazy-load\" style=\"padding-left: 5px; padding-bottom: 10px; padding-right: 5px;\"  itemscope itemtype=\"https:\/\/schema.org\/ImageObject\"><div class=\"envira-gallery-item-inner\"><div class=\"envira-gallery-position-overlay  envira-gallery-top-left\"><\/div><div class=\"envira-gallery-position-overlay  envira-gallery-top-right\"><\/div><div class=\"envira-gallery-position-overlay  envira-gallery-bottom-left\"><\/div><div class=\"envira-gallery-position-overlay  envira-gallery-bottom-right\"><\/div><a href=\"https:\/\/www.herrklubbenexotica.se\/wp-content\/uploads\/2021\/10\/IMG_20201003_171754-scaled.jpg\" class=\"envira-gallery-1871 envira-gallery-link\" rel=\"enviragallery1871\" title=\"Tequila och &ouml;vrig dryck.\" data-envira-caption=\"Tequila och &ouml;vrig dryck.\" data-envira-retina=\"\" data-thumbnail=\"\"  itemprop=\"contentUrl\"><img decoding=\"async\" id=\"envira-gallery-image-1873\" class=\"envira-gallery-image envira-gallery-image-1 envira-normal envira-lazy\" data-envira-index=\"1\" src=\"https:\/\/www.herrklubbenexotica.se\/wp-content\/uploads\/2021\/10\/IMG_20201003_171754-1024x768-640x480.jpg\" data-envira-src=\"https:\/\/www.herrklubbenexotica.se\/wp-content\/uploads\/2021\/10\/IMG_20201003_171754-1024x768-640x480.jpg\" data-envira-gallery-id=\"1871\" data-envira-item-id=\"1873\" data-envira-caption=\"Tequila och &ouml;vrig dryck.\" alt=\"Tequila och \u00f6vrig dryck.\" title=\"Tequila och \u00f6vrig dryck.\"  itemprop=\"thumbnailUrl\" data-envira-srcset=\"https:\/\/www.herrklubbenexotica.se\/wp-content\/uploads\/2021\/10\/IMG_20201003_171754-1024x768-640x480.jpg 400w,https:\/\/www.herrklubbenexotica.se\/wp-content\/uploads\/2021\/10\/IMG_20201003_171754-1024x768-640x480.jpg 2x\" data-envira-width=\"300\" data-envira-height=\"225\" srcset=\"data:image\/gif;base64,R0lGODlhAQABAIAAAP\/\/\/\/\/\/\/yH5BAEKAAEALAAAAAABAAEAAAICTAEAOw==\" data-safe-src=\"data:image\/gif;base64,R0lGODlhAQABAIAAAP\/\/\/\/\/\/\/yH5BAEKAAEALAAAAAABAAEAAAICTAEAOw==\" \/><\/a><\/div><\/div><div id=\"envira-gallery-item-1874\" class=\"envira-gallery-item enviratope-item envira-gallery-item-2 envira-lazy-load\" style=\"padding-left: 5px; padding-bottom: 10px; padding-right: 5px;\"  itemscope itemtype=\"https:\/\/schema.org\/ImageObject\"><div class=\"envira-gallery-item-inner\"><div class=\"envira-gallery-position-overlay  envira-gallery-top-left\"><\/div><div class=\"envira-gallery-position-overlay  envira-gallery-top-right\"><\/div><div class=\"envira-gallery-position-overlay  envira-gallery-bottom-left\"><\/div><div class=\"envira-gallery-position-overlay  envira-gallery-bottom-right\"><\/div><a href=\"https:\/\/www.herrklubbenexotica.se\/wp-content\/uploads\/2021\/10\/IMG_20201003_175410-scaled.jpg\" class=\"envira-gallery-1871 envira-gallery-link\" rel=\"enviragallery1871\" title=\"Koreansk\/mexikansk mat.\" data-envira-caption=\"Koreansk\/mexikansk mat.\" data-envira-retina=\"\" data-thumbnail=\"\"  itemprop=\"contentUrl\"><img decoding=\"async\" id=\"envira-gallery-image-1874\" class=\"envira-gallery-image envira-gallery-image-2 envira-normal envira-lazy\" data-envira-index=\"2\" src=\"https:\/\/www.herrklubbenexotica.se\/wp-content\/uploads\/2021\/10\/IMG_20201003_175410-768x1024-640x480.jpg\" data-envira-src=\"https:\/\/www.herrklubbenexotica.se\/wp-content\/uploads\/2021\/10\/IMG_20201003_175410-768x1024-640x480.jpg\" data-envira-gallery-id=\"1871\" data-envira-item-id=\"1874\" data-envira-caption=\"Koreansk\/mexikansk mat.\" alt=\"Koreansk\/mexikansk mat.\" title=\"Koreansk\/mexikansk mat.\"  itemprop=\"thumbnailUrl\" data-envira-srcset=\"https:\/\/www.herrklubbenexotica.se\/wp-content\/uploads\/2021\/10\/IMG_20201003_175410-768x1024-640x480.jpg 400w,https:\/\/www.herrklubbenexotica.se\/wp-content\/uploads\/2021\/10\/IMG_20201003_175410-768x1024-640x480.jpg 2x\" data-envira-width=\"225\" data-envira-height=\"300\" srcset=\"data:image\/gif;base64,R0lGODlhAQABAIAAAP\/\/\/\/\/\/\/yH5BAEKAAEALAAAAAABAAEAAAICTAEAOw==\" data-safe-src=\"data:image\/gif;base64,R0lGODlhAQABAIAAAP\/\/\/\/\/\/\/yH5BAEKAAEALAAAAAABAAEAAAICTAEAOw==\" \/><\/a><\/div><\/div><div id=\"envira-gallery-item-1875\" class=\"envira-gallery-item enviratope-item envira-gallery-item-3 envira-lazy-load\" style=\"padding-left: 5px; padding-bottom: 10px; padding-right: 5px;\"  itemscope itemtype=\"https:\/\/schema.org\/ImageObject\"><div class=\"envira-gallery-item-inner\"><div class=\"envira-gallery-position-overlay  envira-gallery-top-left\"><\/div><div class=\"envira-gallery-position-overlay  envira-gallery-top-right\"><\/div><div class=\"envira-gallery-position-overlay  envira-gallery-bottom-left\"><\/div><div class=\"envira-gallery-position-overlay  envira-gallery-bottom-right\"><\/div><a href=\"https:\/\/www.herrklubbenexotica.se\/wp-content\/uploads\/2021\/10\/IMG_20201003_175421-scaled.jpg\" class=\"envira-gallery-1871 envira-gallery-link\" rel=\"enviragallery1871\" title=\"Koreansk\/mexikansk mat, tagning 2.\" data-envira-caption=\"Koreansk\/mexikansk mat, tagning 2.\" data-envira-retina=\"\" data-thumbnail=\"\"  itemprop=\"contentUrl\"><img decoding=\"async\" id=\"envira-gallery-image-1875\" class=\"envira-gallery-image envira-gallery-image-3 envira-normal envira-lazy\" data-envira-index=\"3\" src=\"https:\/\/www.herrklubbenexotica.se\/wp-content\/uploads\/2021\/10\/IMG_20201003_175421-768x1024-640x480.jpg\" data-envira-src=\"https:\/\/www.herrklubbenexotica.se\/wp-content\/uploads\/2021\/10\/IMG_20201003_175421-768x1024-640x480.jpg\" data-envira-gallery-id=\"1871\" data-envira-item-id=\"1875\" data-envira-caption=\"Koreansk\/mexikansk mat, tagning 2.\" alt=\"Koreansk\/mexikansk mat, tagning 2.\" title=\"Koreansk\/mexikansk mat, tagning 2.\"  itemprop=\"thumbnailUrl\" data-envira-srcset=\"https:\/\/www.herrklubbenexotica.se\/wp-content\/uploads\/2021\/10\/IMG_20201003_175421-768x1024-640x480.jpg 400w,https:\/\/www.herrklubbenexotica.se\/wp-content\/uploads\/2021\/10\/IMG_20201003_175421-768x1024-640x480.jpg 2x\" data-envira-width=\"225\" data-envira-height=\"300\" srcset=\"data:image\/gif;base64,R0lGODlhAQABAIAAAP\/\/\/\/\/\/\/yH5BAEKAAEALAAAAAABAAEAAAICTAEAOw==\" data-safe-src=\"data:image\/gif;base64,R0lGODlhAQABAIAAAP\/\/\/\/\/\/\/yH5BAEKAAEALAAAAAABAAEAAAICTAEAOw==\" \/><\/a><\/div><\/div><div id=\"envira-gallery-item-1872\" class=\"envira-gallery-item enviratope-item envira-gallery-item-4 envira-lazy-load\" style=\"padding-left: 5px; padding-bottom: 10px; padding-right: 5px;\"  itemscope itemtype=\"https:\/\/schema.org\/ImageObject\"><div class=\"envira-gallery-item-inner\"><div class=\"envira-gallery-position-overlay  envira-gallery-top-left\"><\/div><div class=\"envira-gallery-position-overlay  envira-gallery-top-right\"><\/div><div class=\"envira-gallery-position-overlay  envira-gallery-bottom-left\"><\/div><div class=\"envira-gallery-position-overlay  envira-gallery-bottom-right\"><\/div><a href=\"https:\/\/www.herrklubbenexotica.se\/wp-content\/uploads\/2021\/10\/IMG_20201003_191745-scaled.jpg\" class=\"envira-gallery-1871 envira-gallery-link\" rel=\"enviragallery1871\" title=\"Herrar Johansson och Lindberg p&aring; uteservering.\" data-envira-caption=\"Herrar Johansson och Lindberg p&aring; uteservering.\" data-envira-retina=\"\" data-thumbnail=\"\"  itemprop=\"contentUrl\"><img decoding=\"async\" id=\"envira-gallery-image-1872\" class=\"envira-gallery-image envira-gallery-image-4 envira-normal envira-lazy\" data-envira-index=\"4\" src=\"https:\/\/www.herrklubbenexotica.se\/wp-content\/uploads\/2021\/10\/IMG_20201003_191745-1024x768-640x480.jpg\" data-envira-src=\"https:\/\/www.herrklubbenexotica.se\/wp-content\/uploads\/2021\/10\/IMG_20201003_191745-1024x768-640x480.jpg\" data-envira-gallery-id=\"1871\" data-envira-item-id=\"1872\" data-envira-caption=\"Herrar Johansson och Lindberg p&aring; uteservering.\" alt=\"Herrar Johansson och Lindberg p\u00e5 uteservering.\" title=\"Herrar Johansson och Lindberg p\u00e5 uteservering.\"  itemprop=\"thumbnailUrl\" data-envira-srcset=\"https:\/\/www.herrklubbenexotica.se\/wp-content\/uploads\/2021\/10\/IMG_20201003_191745-1024x768-640x480.jpg 400w,https:\/\/www.herrklubbenexotica.se\/wp-content\/uploads\/2021\/10\/IMG_20201003_191745-1024x768-640x480.jpg 2x\" data-envira-width=\"300\" data-envira-height=\"225\" srcset=\"data:image\/gif;base64,R0lGODlhAQABAIAAAP\/\/\/\/\/\/\/yH5BAEKAAEALAAAAAABAAEAAAICTAEAOw==\" data-safe-src=\"data:image\/gif;base64,R0lGODlhAQABAIAAAP\/\/\/\/\/\/\/yH5BAEKAAEALAAAAAABAAEAAAICTAEAOw==\" \/><\/a><\/div><\/div><div id=\"envira-gallery-item-1876\" class=\"envira-gallery-item enviratope-item envira-gallery-item-5 envira-lazy-load\" style=\"padding-left: 5px; padding-bottom: 10px; padding-right: 5px;\"  itemscope itemtype=\"https:\/\/schema.org\/ImageObject\"><div class=\"envira-gallery-item-inner\"><div class=\"envira-gallery-position-overlay  envira-gallery-top-left\"><\/div><div class=\"envira-gallery-position-overlay  envira-gallery-top-right\"><\/div><div class=\"envira-gallery-position-overlay  envira-gallery-bottom-left\"><\/div><div class=\"envira-gallery-position-overlay  envira-gallery-bottom-right\"><\/div><a href=\"https:\/\/www.herrklubbenexotica.se\/wp-content\/uploads\/2021\/10\/IMG_20201003_191750-scaled.jpg\" class=\"envira-gallery-1871 envira-gallery-link\" rel=\"enviragallery1871\" title=\"Herrar Sj&ouml;&ouml; och J&ouml;nsson &auml;r inte s&aring; imponerade.\" data-envira-caption=\"Herrar Sj&ouml;&ouml; och J&ouml;nsson &auml;r inte s&aring; imponerade.\" data-envira-retina=\"\" data-thumbnail=\"\"  itemprop=\"contentUrl\"><img decoding=\"async\" id=\"envira-gallery-image-1876\" class=\"envira-gallery-image envira-gallery-image-5 envira-normal envira-lazy\" data-envira-index=\"5\" src=\"https:\/\/www.herrklubbenexotica.se\/wp-content\/uploads\/2021\/10\/IMG_20201003_191750-1024x768-640x480.jpg\" data-envira-src=\"https:\/\/www.herrklubbenexotica.se\/wp-content\/uploads\/2021\/10\/IMG_20201003_191750-1024x768-640x480.jpg\" data-envira-gallery-id=\"1871\" data-envira-item-id=\"1876\" data-envira-caption=\"Herrar Sj&ouml;&ouml; och J&ouml;nsson &auml;r inte s&aring; imponerade.\" alt=\"Herrar Sj\u00f6\u00f6 och J\u00f6nsson \u00e4r inte s\u00e5 imponerade.\" title=\"Herrar Sj\u00f6\u00f6 och J\u00f6nsson \u00e4r inte s\u00e5 imponerade.\"  itemprop=\"thumbnailUrl\" data-envira-srcset=\"https:\/\/www.herrklubbenexotica.se\/wp-content\/uploads\/2021\/10\/IMG_20201003_191750-1024x768-640x480.jpg 400w,https:\/\/www.herrklubbenexotica.se\/wp-content\/uploads\/2021\/10\/IMG_20201003_191750-1024x768-640x480.jpg 2x\" data-envira-width=\"300\" data-envira-height=\"225\" srcset=\"data:image\/gif;base64,R0lGODlhAQABAIAAAP\/\/\/\/\/\/\/yH5BAEKAAEALAAAAAABAAEAAAICTAEAOw==\" data-safe-src=\"data:image\/gif;base64,R0lGODlhAQABAIAAAP\/\/\/\/\/\/\/yH5BAEKAAEALAAAAAABAAEAAAICTAEAOw==\" \/><\/a><\/div><\/div><div id=\"envira-gallery-item-1877\" class=\"envira-gallery-item enviratope-item envira-gallery-item-6 envira-lazy-load\" style=\"padding-left: 5px; padding-bottom: 10px; padding-right: 5px;\"  itemscope itemtype=\"https:\/\/schema.org\/ImageObject\"><div class=\"envira-gallery-item-inner\"><div class=\"envira-gallery-position-overlay  envira-gallery-top-left\"><\/div><div class=\"envira-gallery-position-overlay  envira-gallery-top-right\"><\/div><div class=\"envira-gallery-position-overlay  envira-gallery-bottom-left\"><\/div><div class=\"envira-gallery-position-overlay  envira-gallery-bottom-right\"><\/div><a href=\"https:\/\/www.herrklubbenexotica.se\/wp-content\/uploads\/2021\/10\/IMG_20201003_191758-scaled.jpg\" class=\"envira-gallery-1871 envira-gallery-link\" rel=\"enviragallery1871\" title=\"Herrar Lindberg och Petersson &auml;r desto gladare.\" data-envira-caption=\"Herrar Lindberg och Petersson &auml;r desto gladare.\" data-envira-retina=\"\" data-thumbnail=\"\"  itemprop=\"contentUrl\"><img decoding=\"async\" id=\"envira-gallery-image-1877\" class=\"envira-gallery-image envira-gallery-image-6 envira-normal envira-lazy\" data-envira-index=\"6\" src=\"https:\/\/www.herrklubbenexotica.se\/wp-content\/uploads\/2021\/10\/IMG_20201003_191758-1024x768-640x480.jpg\" data-envira-src=\"https:\/\/www.herrklubbenexotica.se\/wp-content\/uploads\/2021\/10\/IMG_20201003_191758-1024x768-640x480.jpg\" data-envira-gallery-id=\"1871\" data-envira-item-id=\"1877\" data-envira-caption=\"Herrar Lindberg och Petersson &auml;r desto gladare.\" alt=\"Herrar Lindberg och Petersson \u00e4r desto gladare.\" title=\"Herrar Lindberg och Petersson \u00e4r desto gladare.\"  itemprop=\"thumbnailUrl\" data-envira-srcset=\"https:\/\/www.herrklubbenexotica.se\/wp-content\/uploads\/2021\/10\/IMG_20201003_191758-1024x768-640x480.jpg 400w,https:\/\/www.herrklubbenexotica.se\/wp-content\/uploads\/2021\/10\/IMG_20201003_191758-1024x768-640x480.jpg 2x\" data-envira-width=\"300\" data-envira-height=\"225\" srcset=\"data:image\/gif;base64,R0lGODlhAQABAIAAAP\/\/\/\/\/\/\/yH5BAEKAAEALAAAAAABAAEAAAICTAEAOw==\" data-safe-src=\"data:image\/gif;base64,R0lGODlhAQABAIAAAP\/\/\/\/\/\/\/yH5BAEKAAEALAAAAAABAAEAAAICTAEAOw==\" \/><\/a><\/div><\/div><\/div><\/div><noscript><img decoding=\"async\" src=\"https:\/\/www.herrklubbenexotica.se\/wp-content\/uploads\/2021\/10\/IMG_20201003_171754-scaled.jpg\" alt=\"Tequila och \u00f6vrig dryck.\" \/><img decoding=\"async\" src=\"https:\/\/www.herrklubbenexotica.se\/wp-content\/uploads\/2021\/10\/IMG_20201003_175410-scaled.jpg\" alt=\"Koreansk\/mexikansk mat.\" \/><img decoding=\"async\" src=\"https:\/\/www.herrklubbenexotica.se\/wp-content\/uploads\/2021\/10\/IMG_20201003_175421-scaled.jpg\" alt=\"Koreansk\/mexikansk mat, tagning 2.\" \/><img decoding=\"async\" src=\"https:\/\/www.herrklubbenexotica.se\/wp-content\/uploads\/2021\/10\/IMG_20201003_191745-scaled.jpg\" alt=\"Herrar Johansson och Lindberg p\u00e5 uteservering.\" \/><img decoding=\"async\" src=\"https:\/\/www.herrklubbenexotica.se\/wp-content\/uploads\/2021\/10\/IMG_20201003_191750-scaled.jpg\" alt=\"Herrar Sj\u00f6\u00f6 och J\u00f6nsson \u00e4r inte s\u00e5 imponerade.\" \/><img decoding=\"async\" src=\"https:\/\/www.herrklubbenexotica.se\/wp-content\/uploads\/2021\/10\/IMG_20201003_191758-scaled.jpg\" alt=\"Herrar Lindberg och Petersson \u00e4r desto gladare.\" \/><\/noscript><\/code><\/p>\n","protected":false},"excerpt":{"rendered":"<p>Vi hann med ett enda evenemang under 2020, men det var \u00e5 andra sidan trevligt.<\/p>\n","protected":false},"author":1,"featured_media":0,"parent":0,"menu_order":0,"comment_status":"closed","ping_status":"closed","template":"","meta":{"footnotes":""},"class_list":["post-1878","page","type-page","status-publish","hentry"],"_links":{"self":[{"href":"https:\/\/www.herrklubbenexotica.se\/index.php\/wp-json\/wp\/v2\/pages\/1878","targetHints":{"allow":["GET"]}}],"collection":[{"href":"https:\/\/www.herrklubbenexotica.se\/index.php\/wp-json\/wp\/v2\/pages"}],"about":[{"href":"https:\/\/www.herrklubbenexotica.se\/index.php\/wp-json\/wp\/v2\/types\/page"}],"author":[{"embeddable":true,"href":"https:\/\/www.herrklubbenexotica.se\/index.php\/wp-json\/wp\/v2\/users\/1"}],"replies":[{"embeddable":true,"href":"https:\/\/www.herrklubbenexotica.se\/index.php\/wp-json\/wp\/v2\/comments?post=1878"}],"version-history":[{"count":1,"href":"https:\/\/www.herrklubbenexotica.se\/index.php\/wp-json\/wp\/v2\/pages\/1878\/revisions"}],"predecessor-version":[{"id":1879,"href":"https:\/\/www.herrklubbenexotica.se\/index.php\/wp-json\/wp\/v2\/pages\/1878\/revisions\/1879"}],"wp:attachment":[{"href":"https:\/\/www.herrklubbenexotica.se\/index.php\/wp-json\/wp\/v2\/media?parent=1878"}],"curies":[{"name":"wp","href":"https:\/\/api.w.org\/{rel}","templated":true}]}}