{"id":1953,"date":"2023-01-16T11:47:18","date_gmt":"2023-01-16T10:47:18","guid":{"rendered":"https:\/\/www.herrklubbenexotica.se\/?page_id=1953"},"modified":"2023-01-16T11:47:19","modified_gmt":"2023-01-16T10:47:19","slug":"julmote-2022","status":"publish","type":"page","link":"https:\/\/www.herrklubbenexotica.se\/index.php\/julmote-2022\/","title":{"rendered":"Julm\u00f6te 2022"},"content":{"rendered":"\n<p><code><div id=\"envira-gallery-wrap-1941\" class=\"envira-gallery-wrap envira-gallery-theme-base envira-lightbox-theme-base\" itemscope itemtype=\"https:\/\/schema.org\/ImageGallery\"><div data-row-height=\"150\" data-gallery-theme=\"normal\" id=\"envira-gallery-1941\" class=\"envira-gallery-public envira-gallery-justified-public envira-gallery-0-columns envira-clear enviratope envira-gallery-css-animations\" data-envira-columns=\"0\"><div id=\"envira-gallery-item-1942\" class=\"envira-gallery-item enviratope-item envira-gallery-item-1 envira-lazy-load\" style=\"padding-left: 5px; padding-bottom: 10px; padding-right: 5px;\"  itemscope itemtype=\"https:\/\/schema.org\/ImageObject\"><div class=\"envira-gallery-item-inner\"><div class=\"envira-gallery-position-overlay  envira-gallery-top-left\"><\/div><div class=\"envira-gallery-position-overlay  envira-gallery-top-right\"><\/div><div class=\"envira-gallery-position-overlay  envira-gallery-bottom-left\"><\/div><div class=\"envira-gallery-position-overlay  envira-gallery-bottom-right\"><\/div><a href=\"https:\/\/www.herrklubbenexotica.se\/wp-content\/uploads\/2023\/01\/image01-scaled.jpg\" class=\"envira-gallery-1941 envira-gallery-link\" rel=\"enviragallery1941\" title=\"Herr Lindberg premieras f&ouml;r att ha fyllt 50.\" data-envira-caption=\"Herr Lindberg premieras f&ouml;r att ha fyllt 50.\" data-envira-retina=\"\" data-thumbnail=\"\"  itemprop=\"contentUrl\"><img decoding=\"async\" id=\"envira-gallery-image-1942\" class=\"envira-gallery-image envira-gallery-image-1 envira-normal envira-lazy\" data-envira-index=\"1\" src=\"https:\/\/www.herrklubbenexotica.se\/wp-content\/uploads\/2023\/01\/image01-1024x768-640x480.jpg\" data-envira-src=\"https:\/\/www.herrklubbenexotica.se\/wp-content\/uploads\/2023\/01\/image01-1024x768-640x480.jpg\" data-envira-gallery-id=\"1941\" data-envira-item-id=\"1942\" data-envira-caption=\"Herr Lindberg premieras f&ouml;r att ha fyllt 50.\" alt=\"Herr Lindberg premieras f\u00f6r att ha fyllt 50.\" title=\"Herr Lindberg premieras f\u00f6r att ha fyllt 50.\"  itemprop=\"thumbnailUrl\" data-envira-srcset=\"https:\/\/www.herrklubbenexotica.se\/wp-content\/uploads\/2023\/01\/image01-1024x768-640x480.jpg 400w,https:\/\/www.herrklubbenexotica.se\/wp-content\/uploads\/2023\/01\/image01-1024x768-640x480.jpg 2x\" data-envira-width=\"300\" data-envira-height=\"225\" srcset=\"data:image\/gif;base64,R0lGODlhAQABAIAAAP\/\/\/\/\/\/\/yH5BAEKAAEALAAAAAABAAEAAAICTAEAOw==\" data-safe-src=\"data:image\/gif;base64,R0lGODlhAQABAIAAAP\/\/\/\/\/\/\/yH5BAEKAAEALAAAAAABAAEAAAICTAEAOw==\" \/><\/a><\/div><\/div><div id=\"envira-gallery-item-1944\" class=\"envira-gallery-item enviratope-item envira-gallery-item-2 envira-lazy-load\" style=\"padding-left: 5px; padding-bottom: 10px; padding-right: 5px;\"  itemscope itemtype=\"https:\/\/schema.org\/ImageObject\"><div class=\"envira-gallery-item-inner\"><div class=\"envira-gallery-position-overlay  envira-gallery-top-left\"><\/div><div class=\"envira-gallery-position-overlay  envira-gallery-top-right\"><\/div><div class=\"envira-gallery-position-overlay  envira-gallery-bottom-left\"><\/div><div class=\"envira-gallery-position-overlay  envira-gallery-bottom-right\"><\/div><a href=\"https:\/\/www.herrklubbenexotica.se\/wp-content\/uploads\/2023\/01\/image03-scaled.jpg\" class=\"envira-gallery-1941 envira-gallery-link\" rel=\"enviragallery1941\" title=\"Herr Gyllenski&ouml;ld d.y. premieras f&ouml;r att ha fyllt 50.\" data-envira-caption=\"Herr Gyllenski&ouml;ld d.y. premieras f&ouml;r att ha fyllt 50.\" data-envira-retina=\"\" data-thumbnail=\"\"  itemprop=\"contentUrl\"><img decoding=\"async\" id=\"envira-gallery-image-1944\" class=\"envira-gallery-image envira-gallery-image-2 envira-normal envira-lazy\" data-envira-index=\"2\" src=\"https:\/\/www.herrklubbenexotica.se\/wp-content\/uploads\/2023\/01\/image03-1024x768-640x480.jpg\" data-envira-src=\"https:\/\/www.herrklubbenexotica.se\/wp-content\/uploads\/2023\/01\/image03-1024x768-640x480.jpg\" data-envira-gallery-id=\"1941\" data-envira-item-id=\"1944\" data-envira-caption=\"Herr Gyllenski&ouml;ld d.y. premieras f&ouml;r att ha fyllt 50.\" alt=\"Herr Gyllenski\u00f6ld d.y. premieras f\u00f6r att ha fyllt 50.\" title=\"Herr Gyllenski\u00f6ld d.y. premieras f\u00f6r att ha fyllt 50.\"  itemprop=\"thumbnailUrl\" data-envira-srcset=\"https:\/\/www.herrklubbenexotica.se\/wp-content\/uploads\/2023\/01\/image03-1024x768-640x480.jpg 400w,https:\/\/www.herrklubbenexotica.se\/wp-content\/uploads\/2023\/01\/image03-1024x768-640x480.jpg 2x\" data-envira-width=\"300\" data-envira-height=\"225\" srcset=\"data:image\/gif;base64,R0lGODlhAQABAIAAAP\/\/\/\/\/\/\/yH5BAEKAAEALAAAAAABAAEAAAICTAEAOw==\" data-safe-src=\"data:image\/gif;base64,R0lGODlhAQABAIAAAP\/\/\/\/\/\/\/yH5BAEKAAEALAAAAAABAAEAAAICTAEAOw==\" \/><\/a><\/div><\/div><div id=\"envira-gallery-item-1947\" class=\"envira-gallery-item enviratope-item envira-gallery-item-3 envira-lazy-load\" style=\"padding-left: 5px; padding-bottom: 10px; padding-right: 5px;\"  itemscope itemtype=\"https:\/\/schema.org\/ImageObject\"><div class=\"envira-gallery-item-inner\"><div class=\"envira-gallery-position-overlay  envira-gallery-top-left\"><\/div><div class=\"envira-gallery-position-overlay  envira-gallery-top-right\"><\/div><div class=\"envira-gallery-position-overlay  envira-gallery-bottom-left\"><\/div><div class=\"envira-gallery-position-overlay  envira-gallery-bottom-right\"><\/div><a href=\"https:\/\/www.herrklubbenexotica.se\/wp-content\/uploads\/2023\/01\/image06.jpg\" class=\"envira-gallery-1941 envira-gallery-link\" rel=\"enviragallery1941\" title=\"Konfonium i k&ouml;ket.\" data-envira-caption=\"Konfonium i k&ouml;ket.\" data-envira-retina=\"\" data-thumbnail=\"\"  itemprop=\"contentUrl\"><img decoding=\"async\" id=\"envira-gallery-image-1947\" class=\"envira-gallery-image envira-gallery-image-3 envira-normal envira-lazy\" data-envira-index=\"3\" src=\"https:\/\/www.herrklubbenexotica.se\/wp-content\/uploads\/2023\/01\/image06-640x480.jpg\" data-envira-src=\"https:\/\/www.herrklubbenexotica.se\/wp-content\/uploads\/2023\/01\/image06-640x480.jpg\" data-envira-gallery-id=\"1941\" data-envira-item-id=\"1947\" data-envira-caption=\"Konfonium i k&ouml;ket.\" alt=\"Konfonium i k\u00f6ket.\" title=\"Konfonium i k\u00f6ket.\"  itemprop=\"thumbnailUrl\" data-envira-srcset=\"https:\/\/www.herrklubbenexotica.se\/wp-content\/uploads\/2023\/01\/image06-640x480.jpg 400w,https:\/\/www.herrklubbenexotica.se\/wp-content\/uploads\/2023\/01\/image06-640x480.jpg 2x\" data-envira-width=\"300\" data-envira-height=\"225\" srcset=\"data:image\/gif;base64,R0lGODlhAQABAIAAAP\/\/\/\/\/\/\/yH5BAEKAAEALAAAAAABAAEAAAICTAEAOw==\" data-safe-src=\"data:image\/gif;base64,R0lGODlhAQABAIAAAP\/\/\/\/\/\/\/yH5BAEKAAEALAAAAAABAAEAAAICTAEAOw==\" \/><\/a><\/div><\/div><div id=\"envira-gallery-item-1946\" class=\"envira-gallery-item enviratope-item envira-gallery-item-4 envira-lazy-load\" style=\"padding-left: 5px; padding-bottom: 10px; padding-right: 5px;\"  itemscope itemtype=\"https:\/\/schema.org\/ImageObject\"><div class=\"envira-gallery-item-inner\"><div class=\"envira-gallery-position-overlay  envira-gallery-top-left\"><\/div><div class=\"envira-gallery-position-overlay  envira-gallery-top-right\"><\/div><div class=\"envira-gallery-position-overlay  envira-gallery-bottom-left\"><\/div><div class=\"envira-gallery-position-overlay  envira-gallery-bottom-right\"><\/div><a href=\"https:\/\/www.herrklubbenexotica.se\/wp-content\/uploads\/2023\/01\/image05-scaled.jpg\" class=\"envira-gallery-1941 envira-gallery-link\" rel=\"enviragallery1941\" title=\"Herr J&ouml;nsson premieras f&ouml;r att ha fyllt 40.\" data-envira-caption=\"Herr J&ouml;nsson premieras f&ouml;r att ha fyllt 40.\" data-envira-retina=\"\" data-thumbnail=\"\"  itemprop=\"contentUrl\"><img decoding=\"async\" id=\"envira-gallery-image-1946\" class=\"envira-gallery-image envira-gallery-image-4 envira-normal envira-lazy\" data-envira-index=\"4\" src=\"https:\/\/www.herrklubbenexotica.se\/wp-content\/uploads\/2023\/01\/image05-1024x768-640x480.jpg\" data-envira-src=\"https:\/\/www.herrklubbenexotica.se\/wp-content\/uploads\/2023\/01\/image05-1024x768-640x480.jpg\" data-envira-gallery-id=\"1941\" data-envira-item-id=\"1946\" data-envira-caption=\"Herr J&ouml;nsson premieras f&ouml;r att ha fyllt 40.\" alt=\"Herr J\u00f6nsson premieras f\u00f6r att ha fyllt 40.\" title=\"Herr J\u00f6nsson premieras f\u00f6r att ha fyllt 40.\"  itemprop=\"thumbnailUrl\" data-envira-srcset=\"https:\/\/www.herrklubbenexotica.se\/wp-content\/uploads\/2023\/01\/image05-1024x768-640x480.jpg 400w,https:\/\/www.herrklubbenexotica.se\/wp-content\/uploads\/2023\/01\/image05-1024x768-640x480.jpg 2x\" data-envira-width=\"300\" data-envira-height=\"225\" srcset=\"data:image\/gif;base64,R0lGODlhAQABAIAAAP\/\/\/\/\/\/\/yH5BAEKAAEALAAAAAABAAEAAAICTAEAOw==\" data-safe-src=\"data:image\/gif;base64,R0lGODlhAQABAIAAAP\/\/\/\/\/\/\/yH5BAEKAAEALAAAAAABAAEAAAICTAEAOw==\" \/><\/a><\/div><\/div><div id=\"envira-gallery-item-1948\" class=\"envira-gallery-item enviratope-item envira-gallery-item-5 envira-lazy-load\" style=\"padding-left: 5px; padding-bottom: 10px; padding-right: 5px;\"  itemscope itemtype=\"https:\/\/schema.org\/ImageObject\"><div class=\"envira-gallery-item-inner\"><div class=\"envira-gallery-position-overlay  envira-gallery-top-left\"><\/div><div class=\"envira-gallery-position-overlay  envira-gallery-top-right\"><\/div><div class=\"envira-gallery-position-overlay  envira-gallery-bottom-left\"><\/div><div class=\"envira-gallery-position-overlay  envira-gallery-bottom-right\"><\/div><a href=\"https:\/\/www.herrklubbenexotica.se\/wp-content\/uploads\/2023\/01\/image07.jpg\" class=\"envira-gallery-1941 envira-gallery-link\" rel=\"enviragallery1941\" title=\"Herrar J&ouml;nsson och Lindberg har anl&auml;nt restaurangen f&ouml;r eftersittning.\" data-envira-caption=\"Herrar J&ouml;nsson och Lindberg har anl&auml;nt restaurangen f&ouml;r eftersittning.\" data-envira-retina=\"\" data-thumbnail=\"\"  itemprop=\"contentUrl\"><img decoding=\"async\" id=\"envira-gallery-image-1948\" class=\"envira-gallery-image envira-gallery-image-5 envira-normal envira-lazy\" data-envira-index=\"5\" src=\"https:\/\/www.herrklubbenexotica.se\/wp-content\/uploads\/2023\/01\/image07-640x480.jpg\" data-envira-src=\"https:\/\/www.herrklubbenexotica.se\/wp-content\/uploads\/2023\/01\/image07-640x480.jpg\" data-envira-gallery-id=\"1941\" data-envira-item-id=\"1948\" data-envira-caption=\"Herrar J&ouml;nsson och Lindberg har anl&auml;nt restaurangen f&ouml;r eftersittning.\" alt=\"Herrar J\u00f6nsson och Lindberg har anl\u00e4nt restaurangen f\u00f6r eftersittning.\" title=\"Herrar J\u00f6nsson och Lindberg har anl\u00e4nt restaurangen f\u00f6r eftersittning.\"  itemprop=\"thumbnailUrl\" data-envira-srcset=\"https:\/\/www.herrklubbenexotica.se\/wp-content\/uploads\/2023\/01\/image07-640x480.jpg 400w,https:\/\/www.herrklubbenexotica.se\/wp-content\/uploads\/2023\/01\/image07-640x480.jpg 2x\" data-envira-width=\"300\" data-envira-height=\"225\" srcset=\"data:image\/gif;base64,R0lGODlhAQABAIAAAP\/\/\/\/\/\/\/yH5BAEKAAEALAAAAAABAAEAAAICTAEAOw==\" data-safe-src=\"data:image\/gif;base64,R0lGODlhAQABAIAAAP\/\/\/\/\/\/\/yH5BAEKAAEALAAAAAABAAEAAAICTAEAOw==\" \/><\/a><\/div><\/div><div id=\"envira-gallery-item-1949\" class=\"envira-gallery-item enviratope-item envira-gallery-item-6 envira-lazy-load\" style=\"padding-left: 5px; padding-bottom: 10px; padding-right: 5px;\"  itemscope itemtype=\"https:\/\/schema.org\/ImageObject\"><div class=\"envira-gallery-item-inner\"><div class=\"envira-gallery-position-overlay  envira-gallery-top-left\"><\/div><div class=\"envira-gallery-position-overlay  envira-gallery-top-right\"><\/div><div class=\"envira-gallery-position-overlay  envira-gallery-bottom-left\"><\/div><div class=\"envira-gallery-position-overlay  envira-gallery-bottom-right\"><\/div><a href=\"https:\/\/www.herrklubbenexotica.se\/wp-content\/uploads\/2023\/01\/image08.jpg\" class=\"envira-gallery-1941 envira-gallery-link\" rel=\"enviragallery1941\" title=\"Herr Petersson &auml;r lycklig &ouml;ver att &auml;ntligen ha f&aring;tt kaffe.\" data-envira-caption=\"Herr Petersson &auml;r lycklig &ouml;ver att &auml;ntligen ha f&aring;tt kaffe.\" data-envira-retina=\"\" data-thumbnail=\"\"  itemprop=\"contentUrl\"><img decoding=\"async\" id=\"envira-gallery-image-1949\" class=\"envira-gallery-image envira-gallery-image-6 envira-normal envira-lazy\" data-envira-index=\"6\" src=\"https:\/\/www.herrklubbenexotica.se\/wp-content\/uploads\/2023\/01\/image08-640x480.jpg\" data-envira-src=\"https:\/\/www.herrklubbenexotica.se\/wp-content\/uploads\/2023\/01\/image08-640x480.jpg\" data-envira-gallery-id=\"1941\" data-envira-item-id=\"1949\" data-envira-caption=\"Herr Petersson &auml;r lycklig &ouml;ver att &auml;ntligen ha f&aring;tt kaffe.\" alt=\"Herr Petersson \u00e4r lycklig \u00f6ver att \u00e4ntligen ha f\u00e5tt kaffe.\" title=\"Herr Petersson \u00e4r lycklig \u00f6ver att \u00e4ntligen ha f\u00e5tt kaffe.\"  itemprop=\"thumbnailUrl\" data-envira-srcset=\"https:\/\/www.herrklubbenexotica.se\/wp-content\/uploads\/2023\/01\/image08-640x480.jpg 400w,https:\/\/www.herrklubbenexotica.se\/wp-content\/uploads\/2023\/01\/image08-640x480.jpg 2x\" data-envira-width=\"225\" data-envira-height=\"300\" srcset=\"data:image\/gif;base64,R0lGODlhAQABAIAAAP\/\/\/\/\/\/\/yH5BAEKAAEALAAAAAABAAEAAAICTAEAOw==\" data-safe-src=\"data:image\/gif;base64,R0lGODlhAQABAIAAAP\/\/\/\/\/\/\/yH5BAEKAAEALAAAAAABAAEAAAICTAEAOw==\" \/><\/a><\/div><\/div><div id=\"envira-gallery-item-1950\" class=\"envira-gallery-item enviratope-item envira-gallery-item-7 envira-lazy-load\" style=\"padding-left: 5px; padding-bottom: 10px; padding-right: 5px;\"  itemscope itemtype=\"https:\/\/schema.org\/ImageObject\"><div class=\"envira-gallery-item-inner\"><div class=\"envira-gallery-position-overlay  envira-gallery-top-left\"><\/div><div class=\"envira-gallery-position-overlay  envira-gallery-top-right\"><\/div><div class=\"envira-gallery-position-overlay  envira-gallery-bottom-left\"><\/div><div class=\"envira-gallery-position-overlay  envira-gallery-bottom-right\"><\/div><a href=\"https:\/\/www.herrklubbenexotica.se\/wp-content\/uploads\/2023\/01\/image09.jpg\" class=\"envira-gallery-1941 envira-gallery-link\" rel=\"enviragallery1941\" title=\"Herr Petersson provar glas&ouml;gon.\" data-envira-caption=\"Herr Petersson provar glas&ouml;gon.\" data-envira-retina=\"\" data-thumbnail=\"\"  itemprop=\"contentUrl\"><img decoding=\"async\" id=\"envira-gallery-image-1950\" class=\"envira-gallery-image envira-gallery-image-7 envira-normal envira-lazy\" data-envira-index=\"7\" src=\"https:\/\/www.herrklubbenexotica.se\/wp-content\/uploads\/2023\/01\/image09-640x480.jpg\" data-envira-src=\"https:\/\/www.herrklubbenexotica.se\/wp-content\/uploads\/2023\/01\/image09-640x480.jpg\" data-envira-gallery-id=\"1941\" data-envira-item-id=\"1950\" data-envira-caption=\"Herr Petersson provar glas&ouml;gon.\" alt=\"Herr Petersson provar glas\u00f6gon.\" title=\"Herr Petersson provar glas\u00f6gon.\"  itemprop=\"thumbnailUrl\" data-envira-srcset=\"https:\/\/www.herrklubbenexotica.se\/wp-content\/uploads\/2023\/01\/image09-640x480.jpg 400w,https:\/\/www.herrklubbenexotica.se\/wp-content\/uploads\/2023\/01\/image09-640x480.jpg 2x\" data-envira-width=\"225\" data-envira-height=\"300\" srcset=\"data:image\/gif;base64,R0lGODlhAQABAIAAAP\/\/\/\/\/\/\/yH5BAEKAAEALAAAAAABAAEAAAICTAEAOw==\" data-safe-src=\"data:image\/gif;base64,R0lGODlhAQABAIAAAP\/\/\/\/\/\/\/yH5BAEKAAEALAAAAAABAAEAAAICTAEAOw==\" \/><\/a><\/div><\/div><div id=\"envira-gallery-item-1951\" class=\"envira-gallery-item enviratope-item envira-gallery-item-8 envira-lazy-load\" style=\"padding-left: 5px; padding-bottom: 10px; padding-right: 5px;\"  itemscope itemtype=\"https:\/\/schema.org\/ImageObject\"><div class=\"envira-gallery-item-inner\"><div class=\"envira-gallery-position-overlay  envira-gallery-top-left\"><\/div><div class=\"envira-gallery-position-overlay  envira-gallery-top-right\"><\/div><div class=\"envira-gallery-position-overlay  envira-gallery-bottom-left\"><\/div><div class=\"envira-gallery-position-overlay  envira-gallery-bottom-right\"><\/div><a href=\"https:\/\/www.herrklubbenexotica.se\/wp-content\/uploads\/2023\/01\/image10.jpg\" class=\"envira-gallery-1941 envira-gallery-link\" rel=\"enviragallery1941\" title=\"Herr Gyllenski&ouml;ld d.y. provar herr Liikamaas glas&ouml;gon.\" data-envira-caption=\"Herr Gyllenski&ouml;ld d.y. provar herr Liikamaas glas&ouml;gon.\" data-envira-retina=\"\" data-thumbnail=\"\"  itemprop=\"contentUrl\"><img decoding=\"async\" id=\"envira-gallery-image-1951\" class=\"envira-gallery-image envira-gallery-image-8 envira-normal envira-lazy\" data-envira-index=\"8\" src=\"https:\/\/www.herrklubbenexotica.se\/wp-content\/uploads\/2023\/01\/image10-640x480.jpg\" data-envira-src=\"https:\/\/www.herrklubbenexotica.se\/wp-content\/uploads\/2023\/01\/image10-640x480.jpg\" data-envira-gallery-id=\"1941\" data-envira-item-id=\"1951\" data-envira-caption=\"Herr Gyllenski&ouml;ld d.y. provar herr Liikamaas glas&ouml;gon.\" alt=\"Herr Gyllenski\u00f6ld d.y. provar herr Liikamaas glas\u00f6gon.\" title=\"Herr Gyllenski\u00f6ld d.y. provar herr Liikamaas glas\u00f6gon.\"  itemprop=\"thumbnailUrl\" data-envira-srcset=\"https:\/\/www.herrklubbenexotica.se\/wp-content\/uploads\/2023\/01\/image10-640x480.jpg 400w,https:\/\/www.herrklubbenexotica.se\/wp-content\/uploads\/2023\/01\/image10-640x480.jpg 2x\" data-envira-width=\"225\" data-envira-height=\"300\" srcset=\"data:image\/gif;base64,R0lGODlhAQABAIAAAP\/\/\/\/\/\/\/yH5BAEKAAEALAAAAAABAAEAAAICTAEAOw==\" data-safe-src=\"data:image\/gif;base64,R0lGODlhAQABAIAAAP\/\/\/\/\/\/\/yH5BAEKAAEALAAAAAABAAEAAAICTAEAOw==\" \/><\/a><\/div><\/div><\/div><\/div><noscript><img decoding=\"async\" src=\"https:\/\/www.herrklubbenexotica.se\/wp-content\/uploads\/2023\/01\/image01-scaled.jpg\" alt=\"Herr Lindberg premieras f\u00f6r att ha fyllt 50.\" \/><img decoding=\"async\" src=\"https:\/\/www.herrklubbenexotica.se\/wp-content\/uploads\/2023\/01\/image03-scaled.jpg\" alt=\"Herr Gyllenski\u00f6ld d.y. premieras f\u00f6r att ha fyllt 50.\" \/><img decoding=\"async\" src=\"https:\/\/www.herrklubbenexotica.se\/wp-content\/uploads\/2023\/01\/image06.jpg\" alt=\"Konfonium i k\u00f6ket.\" \/><img decoding=\"async\" src=\"https:\/\/www.herrklubbenexotica.se\/wp-content\/uploads\/2023\/01\/image05-scaled.jpg\" alt=\"Herr J\u00f6nsson premieras f\u00f6r att ha fyllt 40.\" \/><img decoding=\"async\" src=\"https:\/\/www.herrklubbenexotica.se\/wp-content\/uploads\/2023\/01\/image07.jpg\" alt=\"Herrar J\u00f6nsson och Lindberg har anl\u00e4nt restaurangen f\u00f6r eftersittning.\" \/><img decoding=\"async\" src=\"https:\/\/www.herrklubbenexotica.se\/wp-content\/uploads\/2023\/01\/image08.jpg\" alt=\"Herr Petersson \u00e4r lycklig \u00f6ver att \u00e4ntligen ha f\u00e5tt kaffe.\" \/><img decoding=\"async\" src=\"https:\/\/www.herrklubbenexotica.se\/wp-content\/uploads\/2023\/01\/image09.jpg\" alt=\"Herr Petersson provar glas\u00f6gon.\" \/><img decoding=\"async\" src=\"https:\/\/www.herrklubbenexotica.se\/wp-content\/uploads\/2023\/01\/image10.jpg\" alt=\"Herr Gyllenski\u00f6ld d.y. provar herr Liikamaas glas\u00f6gon.\" \/><\/noscript><\/code><\/p>\n","protected":false},"excerpt":{"rendered":"","protected":false},"author":1,"featured_media":0,"parent":0,"menu_order":0,"comment_status":"closed","ping_status":"closed","template":"","meta":{"footnotes":""},"class_list":["post-1953","page","type-page","status-publish","hentry"],"_links":{"self":[{"href":"https:\/\/www.herrklubbenexotica.se\/index.php\/wp-json\/wp\/v2\/pages\/1953","targetHints":{"allow":["GET"]}}],"collection":[{"href":"https:\/\/www.herrklubbenexotica.se\/index.php\/wp-json\/wp\/v2\/pages"}],"about":[{"href":"https:\/\/www.herrklubbenexotica.se\/index.php\/wp-json\/wp\/v2\/types\/page"}],"author":[{"embeddable":true,"href":"https:\/\/www.herrklubbenexotica.se\/index.php\/wp-json\/wp\/v2\/users\/1"}],"replies":[{"embeddable":true,"href":"https:\/\/www.herrklubbenexotica.se\/index.php\/wp-json\/wp\/v2\/comments?post=1953"}],"version-history":[{"count":1,"href":"https:\/\/www.herrklubbenexotica.se\/index.php\/wp-json\/wp\/v2\/pages\/1953\/revisions"}],"predecessor-version":[{"id":1954,"href":"https:\/\/www.herrklubbenexotica.se\/index.php\/wp-json\/wp\/v2\/pages\/1953\/revisions\/1954"}],"wp:attachment":[{"href":"https:\/\/www.herrklubbenexotica.se\/index.php\/wp-json\/wp\/v2\/media?parent=1953"}],"curies":[{"name":"wp","href":"https:\/\/api.w.org\/{rel}","templated":true}]}}