{"id":1978,"date":"2023-03-14T15:16:22","date_gmt":"2023-03-14T14:16:22","guid":{"rendered":"https:\/\/www.herrklubbenexotica.se\/?page_id=1978"},"modified":"2023-03-14T15:16:22","modified_gmt":"2023-03-14T14:16:22","slug":"arsmote-2023","status":"publish","type":"page","link":"https:\/\/www.herrklubbenexotica.se\/index.php\/arsmote-2023\/","title":{"rendered":"\u00c5rsm\u00f6te 2023"},"content":{"rendered":"\n<p><\/p>\n\n\n\n<p>Tio herrar m\u00f6ts p\u00e5 Gymnasieskolan Gripen.<\/p>\n\n\n\n<p><code><div id=\"envira-gallery-wrap-1972\" class=\"envira-gallery-wrap envira-gallery-theme-base envira-lightbox-theme-base\" itemscope itemtype=\"https:\/\/schema.org\/ImageGallery\"><div data-row-height=\"150\" data-gallery-theme=\"normal\" id=\"envira-gallery-1972\" class=\"envira-gallery-public envira-gallery-justified-public envira-gallery-0-columns envira-clear enviratope envira-gallery-css-animations\" data-envira-columns=\"0\"><div id=\"envira-gallery-item-1973\" class=\"envira-gallery-item enviratope-item envira-gallery-item-1 envira-lazy-load\" style=\"padding-left: 5px; padding-bottom: 10px; padding-right: 5px;\"  itemscope itemtype=\"https:\/\/schema.org\/ImageObject\"><div class=\"envira-gallery-item-inner\"><div class=\"envira-gallery-position-overlay  envira-gallery-top-left\"><\/div><div class=\"envira-gallery-position-overlay  envira-gallery-top-right\"><\/div><div class=\"envira-gallery-position-overlay  envira-gallery-bottom-left\"><\/div><div class=\"envira-gallery-position-overlay  envira-gallery-bottom-right\"><\/div><a href=\"https:\/\/www.herrklubbenexotica.se\/wp-content\/uploads\/2023\/03\/3AF64758-4DF7-4B9C-BA35-0EB155BB634A-scaled.jpeg\" class=\"envira-gallery-1972 envira-gallery-link\" rel=\"enviragallery1972\" title=\"V&auml;lkommen till &aring;rsm&ouml;tet! En klubbsnaps f&ouml;r att komma ig&aring;ng.\" data-envira-caption=\"V&auml;lkommen till &aring;rsm&ouml;tet! En klubbsnaps f&ouml;r att komma ig&aring;ng.\" data-envira-retina=\"\" data-thumbnail=\"\"  itemprop=\"contentUrl\"><img decoding=\"async\" id=\"envira-gallery-image-1973\" class=\"envira-gallery-image envira-gallery-image-1 envira-normal envira-lazy\" data-envira-index=\"1\" src=\"https:\/\/www.herrklubbenexotica.se\/wp-content\/uploads\/2023\/03\/3AF64758-4DF7-4B9C-BA35-0EB155BB634A-1024x768-640x480.jpeg\" data-envira-src=\"https:\/\/www.herrklubbenexotica.se\/wp-content\/uploads\/2023\/03\/3AF64758-4DF7-4B9C-BA35-0EB155BB634A-1024x768-640x480.jpeg\" data-envira-gallery-id=\"1972\" data-envira-item-id=\"1973\" data-envira-caption=\"V&auml;lkommen till &aring;rsm&ouml;tet! En klubbsnaps f&ouml;r att komma ig&aring;ng.\" alt=\"V\u00e4lkommen till \u00e5rsm\u00f6tet! En klubbsnaps f\u00f6r att komma ig\u00e5ng.\" title=\"V\u00e4lkommen till \u00e5rsm\u00f6tet! En klubbsnaps f\u00f6r att komma ig\u00e5ng.\"  itemprop=\"thumbnailUrl\" data-envira-srcset=\"https:\/\/www.herrklubbenexotica.se\/wp-content\/uploads\/2023\/03\/3AF64758-4DF7-4B9C-BA35-0EB155BB634A-1024x768-640x480.jpeg 400w,https:\/\/www.herrklubbenexotica.se\/wp-content\/uploads\/2023\/03\/3AF64758-4DF7-4B9C-BA35-0EB155BB634A-1024x768-640x480.jpeg 2x\" data-envira-width=\"300\" data-envira-height=\"225\" srcset=\"data:image\/gif;base64,R0lGODlhAQABAIAAAP\/\/\/\/\/\/\/yH5BAEKAAEALAAAAAABAAEAAAICTAEAOw==\" data-safe-src=\"data:image\/gif;base64,R0lGODlhAQABAIAAAP\/\/\/\/\/\/\/yH5BAEKAAEALAAAAAABAAEAAAICTAEAOw==\" \/><\/a><\/div><\/div><div id=\"envira-gallery-item-1974\" class=\"envira-gallery-item enviratope-item envira-gallery-item-2 envira-lazy-load\" style=\"padding-left: 5px; padding-bottom: 10px; padding-right: 5px;\"  itemscope itemtype=\"https:\/\/schema.org\/ImageObject\"><div class=\"envira-gallery-item-inner\"><div class=\"envira-gallery-position-overlay  envira-gallery-top-left\"><\/div><div class=\"envira-gallery-position-overlay  envira-gallery-top-right\"><\/div><div class=\"envira-gallery-position-overlay  envira-gallery-bottom-left\"><\/div><div class=\"envira-gallery-position-overlay  envira-gallery-bottom-right\"><\/div><a href=\"https:\/\/www.herrklubbenexotica.se\/wp-content\/uploads\/2023\/03\/5CB0C442-817D-4EE3-8FBB-8EE07CD79333-scaled.jpeg\" class=\"envira-gallery-1972 envira-gallery-link\" rel=\"enviragallery1972\" title=\"Sj&auml;lva m&ouml;tet inlett, Herr Ordf&ouml;rande &auml;r glad &ouml;ver detta.\" data-envira-caption=\"Sj&auml;lva m&ouml;tet inlett, Herr Ordf&ouml;rande &auml;r glad &ouml;ver detta.\" data-envira-retina=\"\" data-thumbnail=\"\"  itemprop=\"contentUrl\"><img decoding=\"async\" id=\"envira-gallery-image-1974\" class=\"envira-gallery-image envira-gallery-image-2 envira-normal envira-lazy\" data-envira-index=\"2\" src=\"https:\/\/www.herrklubbenexotica.se\/wp-content\/uploads\/2023\/03\/5CB0C442-817D-4EE3-8FBB-8EE07CD79333-1024x768-640x480.jpeg\" data-envira-src=\"https:\/\/www.herrklubbenexotica.se\/wp-content\/uploads\/2023\/03\/5CB0C442-817D-4EE3-8FBB-8EE07CD79333-1024x768-640x480.jpeg\" data-envira-gallery-id=\"1972\" data-envira-item-id=\"1974\" data-envira-caption=\"Sj&auml;lva m&ouml;tet inlett, Herr Ordf&ouml;rande &auml;r glad &ouml;ver detta.\" alt=\"Sj\u00e4lva m\u00f6tet inlett, Herr Ordf\u00f6rande \u00e4r glad \u00f6ver detta.\" title=\"Sj\u00e4lva m\u00f6tet inlett, Herr Ordf\u00f6rande \u00e4r glad \u00f6ver detta.\"  itemprop=\"thumbnailUrl\" data-envira-srcset=\"https:\/\/www.herrklubbenexotica.se\/wp-content\/uploads\/2023\/03\/5CB0C442-817D-4EE3-8FBB-8EE07CD79333-1024x768-640x480.jpeg 400w,https:\/\/www.herrklubbenexotica.se\/wp-content\/uploads\/2023\/03\/5CB0C442-817D-4EE3-8FBB-8EE07CD79333-1024x768-640x480.jpeg 2x\" data-envira-width=\"300\" data-envira-height=\"225\" srcset=\"data:image\/gif;base64,R0lGODlhAQABAIAAAP\/\/\/\/\/\/\/yH5BAEKAAEALAAAAAABAAEAAAICTAEAOw==\" data-safe-src=\"data:image\/gif;base64,R0lGODlhAQABAIAAAP\/\/\/\/\/\/\/yH5BAEKAAEALAAAAAABAAEAAAICTAEAOw==\" \/><\/a><\/div><\/div><div id=\"envira-gallery-item-1975\" class=\"envira-gallery-item enviratope-item envira-gallery-item-3 envira-lazy-load\" style=\"padding-left: 5px; padding-bottom: 10px; padding-right: 5px;\"  itemscope itemtype=\"https:\/\/schema.org\/ImageObject\"><div class=\"envira-gallery-item-inner\"><div class=\"envira-gallery-position-overlay  envira-gallery-top-left\"><\/div><div class=\"envira-gallery-position-overlay  envira-gallery-top-right\"><\/div><div class=\"envira-gallery-position-overlay  envira-gallery-bottom-left\"><\/div><div class=\"envira-gallery-position-overlay  envira-gallery-bottom-right\"><\/div><a href=\"https:\/\/www.herrklubbenexotica.se\/wp-content\/uploads\/2023\/03\/74F09664-E274-412E-9B69-D9703126C89E-scaled.jpeg\" class=\"envira-gallery-1972 envira-gallery-link\" rel=\"enviragallery1972\" title=\"Annan vinkel, samma herrar.\" data-envira-caption=\"Annan vinkel, samma herrar.\" data-envira-retina=\"\" data-thumbnail=\"\"  itemprop=\"contentUrl\"><img decoding=\"async\" id=\"envira-gallery-image-1975\" class=\"envira-gallery-image envira-gallery-image-3 envira-normal envira-lazy\" data-envira-index=\"3\" src=\"https:\/\/www.herrklubbenexotica.se\/wp-content\/uploads\/2023\/03\/74F09664-E274-412E-9B69-D9703126C89E-1024x768-640x480.jpeg\" data-envira-src=\"https:\/\/www.herrklubbenexotica.se\/wp-content\/uploads\/2023\/03\/74F09664-E274-412E-9B69-D9703126C89E-1024x768-640x480.jpeg\" data-envira-gallery-id=\"1972\" data-envira-item-id=\"1975\" data-envira-caption=\"Annan vinkel, samma herrar.\" alt=\"Annan vinkel, samma herrar.\" title=\"Annan vinkel, samma herrar.\"  itemprop=\"thumbnailUrl\" data-envira-srcset=\"https:\/\/www.herrklubbenexotica.se\/wp-content\/uploads\/2023\/03\/74F09664-E274-412E-9B69-D9703126C89E-1024x768-640x480.jpeg 400w,https:\/\/www.herrklubbenexotica.se\/wp-content\/uploads\/2023\/03\/74F09664-E274-412E-9B69-D9703126C89E-1024x768-640x480.jpeg 2x\" data-envira-width=\"300\" data-envira-height=\"225\" srcset=\"data:image\/gif;base64,R0lGODlhAQABAIAAAP\/\/\/\/\/\/\/yH5BAEKAAEALAAAAAABAAEAAAICTAEAOw==\" data-safe-src=\"data:image\/gif;base64,R0lGODlhAQABAIAAAP\/\/\/\/\/\/\/yH5BAEKAAEALAAAAAABAAEAAAICTAEAOw==\" \/><\/a><\/div><\/div><div id=\"envira-gallery-item-1976\" class=\"envira-gallery-item enviratope-item envira-gallery-item-4 envira-lazy-load\" style=\"padding-left: 5px; padding-bottom: 10px; padding-right: 5px;\"  itemscope itemtype=\"https:\/\/schema.org\/ImageObject\"><div class=\"envira-gallery-item-inner\"><div class=\"envira-gallery-position-overlay  envira-gallery-top-left\"><\/div><div class=\"envira-gallery-position-overlay  envira-gallery-top-right\"><\/div><div class=\"envira-gallery-position-overlay  envira-gallery-bottom-left\"><\/div><div class=\"envira-gallery-position-overlay  envira-gallery-bottom-right\"><\/div><a href=\"https:\/\/www.herrklubbenexotica.se\/wp-content\/uploads\/2023\/03\/65360792-E572-41BF-9B99-8D6F8B041F08-scaled.jpeg\" class=\"envira-gallery-1972 envira-gallery-link\" rel=\"enviragallery1972\" title=\"Och slutligen en &ouml;versiktsbild fr&aring;n andra &auml;nden av bordet.\" data-envira-caption=\"Och slutligen en &ouml;versiktsbild fr&aring;n andra &auml;nden av bordet.\" data-envira-retina=\"\" data-thumbnail=\"\"  itemprop=\"contentUrl\"><img decoding=\"async\" id=\"envira-gallery-image-1976\" class=\"envira-gallery-image envira-gallery-image-4 envira-normal envira-lazy\" data-envira-index=\"4\" src=\"https:\/\/www.herrklubbenexotica.se\/wp-content\/uploads\/2023\/03\/65360792-E572-41BF-9B99-8D6F8B041F08-1024x768-640x480.jpeg\" data-envira-src=\"https:\/\/www.herrklubbenexotica.se\/wp-content\/uploads\/2023\/03\/65360792-E572-41BF-9B99-8D6F8B041F08-1024x768-640x480.jpeg\" data-envira-gallery-id=\"1972\" data-envira-item-id=\"1976\" data-envira-caption=\"Och slutligen en &ouml;versiktsbild fr&aring;n andra &auml;nden av bordet.\" alt=\"Och slutligen en \u00f6versiktsbild fr\u00e5n andra \u00e4nden av bordet.\" title=\"Och slutligen en \u00f6versiktsbild fr\u00e5n andra \u00e4nden av bordet.\"  itemprop=\"thumbnailUrl\" data-envira-srcset=\"https:\/\/www.herrklubbenexotica.se\/wp-content\/uploads\/2023\/03\/65360792-E572-41BF-9B99-8D6F8B041F08-1024x768-640x480.jpeg 400w,https:\/\/www.herrklubbenexotica.se\/wp-content\/uploads\/2023\/03\/65360792-E572-41BF-9B99-8D6F8B041F08-1024x768-640x480.jpeg 2x\" data-envira-width=\"300\" data-envira-height=\"225\" srcset=\"data:image\/gif;base64,R0lGODlhAQABAIAAAP\/\/\/\/\/\/\/yH5BAEKAAEALAAAAAABAAEAAAICTAEAOw==\" data-safe-src=\"data:image\/gif;base64,R0lGODlhAQABAIAAAP\/\/\/\/\/\/\/yH5BAEKAAEALAAAAAABAAEAAAICTAEAOw==\" \/><\/a><\/div><\/div><div id=\"envira-gallery-item-1977\" class=\"envira-gallery-item enviratope-item envira-gallery-item-5 envira-lazy-load\" style=\"padding-left: 5px; padding-bottom: 10px; padding-right: 5px;\"  itemscope itemtype=\"https:\/\/schema.org\/ImageObject\"><div class=\"envira-gallery-item-inner\"><div class=\"envira-gallery-position-overlay  envira-gallery-top-left\"><\/div><div class=\"envira-gallery-position-overlay  envira-gallery-top-right\"><\/div><div class=\"envira-gallery-position-overlay  envira-gallery-bottom-left\"><\/div><div class=\"envira-gallery-position-overlay  envira-gallery-bottom-right\"><\/div><a href=\"https:\/\/www.herrklubbenexotica.se\/wp-content\/uploads\/2023\/03\/PXL_20230304_193335292.MP_-scaled.jpg\" class=\"envira-gallery-1972 envira-gallery-link\" rel=\"enviragallery1972\" title=\"Eftersittning p&aring; R&aring;dhusk&auml;llaren. Flera glada samtal p&aring;g&aring;r.\" data-envira-caption=\"Eftersittning p&aring; R&aring;dhusk&auml;llaren. Flera glada samtal p&aring;g&aring;r.\" data-envira-retina=\"\" data-thumbnail=\"\"  itemprop=\"contentUrl\"><img decoding=\"async\" id=\"envira-gallery-image-1977\" class=\"envira-gallery-image envira-gallery-image-5 envira-normal envira-lazy\" data-envira-index=\"5\" src=\"https:\/\/www.herrklubbenexotica.se\/wp-content\/uploads\/2023\/03\/PXL_20230304_193335292.MP_-1024x768-640x480.jpg\" data-envira-src=\"https:\/\/www.herrklubbenexotica.se\/wp-content\/uploads\/2023\/03\/PXL_20230304_193335292.MP_-1024x768-640x480.jpg\" data-envira-gallery-id=\"1972\" data-envira-item-id=\"1977\" data-envira-caption=\"Eftersittning p&aring; R&aring;dhusk&auml;llaren. Flera glada samtal p&aring;g&aring;r.\" alt=\"Eftersittning p\u00e5 R\u00e5dhusk\u00e4llaren. Flera glada samtal p\u00e5g\u00e5r.\" title=\"Eftersittning p\u00e5 R\u00e5dhusk\u00e4llaren. Flera glada samtal p\u00e5g\u00e5r.\"  itemprop=\"thumbnailUrl\" data-envira-srcset=\"https:\/\/www.herrklubbenexotica.se\/wp-content\/uploads\/2023\/03\/PXL_20230304_193335292.MP_-1024x768-640x480.jpg 400w,https:\/\/www.herrklubbenexotica.se\/wp-content\/uploads\/2023\/03\/PXL_20230304_193335292.MP_-1024x768-640x480.jpg 2x\" data-envira-width=\"300\" data-envira-height=\"225\" srcset=\"data:image\/gif;base64,R0lGODlhAQABAIAAAP\/\/\/\/\/\/\/yH5BAEKAAEALAAAAAABAAEAAAICTAEAOw==\" data-safe-src=\"data:image\/gif;base64,R0lGODlhAQABAIAAAP\/\/\/\/\/\/\/yH5BAEKAAEALAAAAAABAAEAAAICTAEAOw==\" \/><\/a><\/div><\/div><\/div><\/div><noscript><img decoding=\"async\" src=\"https:\/\/www.herrklubbenexotica.se\/wp-content\/uploads\/2023\/03\/3AF64758-4DF7-4B9C-BA35-0EB155BB634A-scaled.jpeg\" alt=\"V\u00e4lkommen till \u00e5rsm\u00f6tet! En klubbsnaps f\u00f6r att komma ig\u00e5ng.\" \/><img decoding=\"async\" src=\"https:\/\/www.herrklubbenexotica.se\/wp-content\/uploads\/2023\/03\/5CB0C442-817D-4EE3-8FBB-8EE07CD79333-scaled.jpeg\" alt=\"Sj\u00e4lva m\u00f6tet inlett, Herr Ordf\u00f6rande \u00e4r glad \u00f6ver detta.\" \/><img decoding=\"async\" src=\"https:\/\/www.herrklubbenexotica.se\/wp-content\/uploads\/2023\/03\/74F09664-E274-412E-9B69-D9703126C89E-scaled.jpeg\" alt=\"Annan vinkel, samma herrar.\" \/><img decoding=\"async\" src=\"https:\/\/www.herrklubbenexotica.se\/wp-content\/uploads\/2023\/03\/65360792-E572-41BF-9B99-8D6F8B041F08-scaled.jpeg\" alt=\"Och slutligen en \u00f6versiktsbild fr\u00e5n andra \u00e4nden av bordet.\" \/><img decoding=\"async\" src=\"https:\/\/www.herrklubbenexotica.se\/wp-content\/uploads\/2023\/03\/PXL_20230304_193335292.MP_-scaled.jpg\" alt=\"Eftersittning p\u00e5 R\u00e5dhusk\u00e4llaren. Flera glada samtal p\u00e5g\u00e5r.\" \/><\/noscript><\/code><\/p>\n","protected":false},"excerpt":{"rendered":"<p>Tio herrar m\u00f6ts p\u00e5 Gymnasieskolan Gripen.<\/p>\n","protected":false},"author":1,"featured_media":0,"parent":0,"menu_order":0,"comment_status":"closed","ping_status":"closed","template":"","meta":{"footnotes":""},"class_list":["post-1978","page","type-page","status-publish","hentry"],"_links":{"self":[{"href":"https:\/\/www.herrklubbenexotica.se\/index.php\/wp-json\/wp\/v2\/pages\/1978","targetHints":{"allow":["GET"]}}],"collection":[{"href":"https:\/\/www.herrklubbenexotica.se\/index.php\/wp-json\/wp\/v2\/pages"}],"about":[{"href":"https:\/\/www.herrklubbenexotica.se\/index.php\/wp-json\/wp\/v2\/types\/page"}],"author":[{"embeddable":true,"href":"https:\/\/www.herrklubbenexotica.se\/index.php\/wp-json\/wp\/v2\/users\/1"}],"replies":[{"embeddable":true,"href":"https:\/\/www.herrklubbenexotica.se\/index.php\/wp-json\/wp\/v2\/comments?post=1978"}],"version-history":[{"count":1,"href":"https:\/\/www.herrklubbenexotica.se\/index.php\/wp-json\/wp\/v2\/pages\/1978\/revisions"}],"predecessor-version":[{"id":1979,"href":"https:\/\/www.herrklubbenexotica.se\/index.php\/wp-json\/wp\/v2\/pages\/1978\/revisions\/1979"}],"wp:attachment":[{"href":"https:\/\/www.herrklubbenexotica.se\/index.php\/wp-json\/wp\/v2\/media?parent=1978"}],"curies":[{"name":"wp","href":"https:\/\/api.w.org\/{rel}","templated":true}]}}