{"id":2027,"date":"2024-02-01T13:25:56","date_gmt":"2024-02-01T12:25:56","guid":{"rendered":"https:\/\/www.herrklubbenexotica.se\/?page_id=2027"},"modified":"2024-02-01T13:25:56","modified_gmt":"2024-02-01T12:25:56","slug":"arsmote-2024","status":"publish","type":"page","link":"https:\/\/www.herrklubbenexotica.se\/index.php\/arsmote-2024\/","title":{"rendered":"\u00c5rsm\u00f6te 2024"},"content":{"rendered":"\n<p><code><div id=\"envira-gallery-wrap-2018\" class=\"envira-gallery-wrap envira-gallery-theme-base envira-lightbox-theme-base\" itemscope itemtype=\"https:\/\/schema.org\/ImageGallery\"><div data-row-height=\"150\" data-gallery-theme=\"normal\" id=\"envira-gallery-2018\" class=\"envira-gallery-public envira-gallery-justified-public envira-gallery-0-columns envira-clear enviratope envira-gallery-css-animations\" data-envira-columns=\"0\"><div id=\"envira-gallery-item-2019\" class=\"envira-gallery-item enviratope-item envira-gallery-item-1 envira-lazy-load\" style=\"padding-left: 5px; padding-bottom: 10px; padding-right: 5px;\"  itemscope itemtype=\"https:\/\/schema.org\/ImageObject\"><div class=\"envira-gallery-item-inner\"><div class=\"envira-gallery-position-overlay  envira-gallery-top-left\"><\/div><div class=\"envira-gallery-position-overlay  envira-gallery-top-right\"><\/div><div class=\"envira-gallery-position-overlay  envira-gallery-bottom-left\"><\/div><div class=\"envira-gallery-position-overlay  envira-gallery-bottom-right\"><\/div><a href=\"https:\/\/www.herrklubbenexotica.se\/wp-content\/uploads\/2024\/02\/IMG_5679-scaled.jpg\" class=\"envira-gallery-2018 envira-gallery-link\" rel=\"enviragallery2018\" title=\"M&ouml;tet &auml;r avklarat och vi dricker en mezcalcocktail p&aring; Maya Cantina.\" data-envira-caption=\"M&ouml;tet &auml;r avklarat och vi dricker en mezcalcocktail p&aring; Maya Cantina.\" data-envira-retina=\"\" data-thumbnail=\"\"  itemprop=\"contentUrl\"><img decoding=\"async\" id=\"envira-gallery-image-2019\" class=\"envira-gallery-image envira-gallery-image-1 envira-normal envira-lazy\" data-envira-index=\"1\" src=\"https:\/\/www.herrklubbenexotica.se\/wp-content\/uploads\/2024\/02\/IMG_5679-1024x768-640x480.jpg\" data-envira-src=\"https:\/\/www.herrklubbenexotica.se\/wp-content\/uploads\/2024\/02\/IMG_5679-1024x768-640x480.jpg\" data-envira-gallery-id=\"2018\" data-envira-item-id=\"2019\" data-envira-caption=\"M&ouml;tet &auml;r avklarat och vi dricker en mezcalcocktail p&aring; Maya Cantina.\" alt=\"M\u00f6tet \u00e4r avklarat och vi dricker en mezcalcocktail p\u00e5 Maya Cantina.\" title=\"M\u00f6tet \u00e4r avklarat och vi dricker en mezcalcocktail p\u00e5 Maya Cantina.\"  itemprop=\"thumbnailUrl\" data-envira-srcset=\"https:\/\/www.herrklubbenexotica.se\/wp-content\/uploads\/2024\/02\/IMG_5679-1024x768-640x480.jpg 400w,https:\/\/www.herrklubbenexotica.se\/wp-content\/uploads\/2024\/02\/IMG_5679-1024x768-640x480.jpg 2x\" data-envira-width=\"300\" data-envira-height=\"225\" srcset=\"data:image\/gif;base64,R0lGODlhAQABAIAAAP\/\/\/\/\/\/\/yH5BAEKAAEALAAAAAABAAEAAAICTAEAOw==\" data-safe-src=\"data:image\/gif;base64,R0lGODlhAQABAIAAAP\/\/\/\/\/\/\/yH5BAEKAAEALAAAAAABAAEAAAICTAEAOw==\" \/><\/a><\/div><\/div><div id=\"envira-gallery-item-2020\" class=\"envira-gallery-item enviratope-item envira-gallery-item-2 envira-lazy-load\" style=\"padding-left: 5px; padding-bottom: 10px; padding-right: 5px;\"  itemscope itemtype=\"https:\/\/schema.org\/ImageObject\"><div class=\"envira-gallery-item-inner\"><div class=\"envira-gallery-position-overlay  envira-gallery-top-left\"><\/div><div class=\"envira-gallery-position-overlay  envira-gallery-top-right\"><\/div><div class=\"envira-gallery-position-overlay  envira-gallery-bottom-left\"><\/div><div class=\"envira-gallery-position-overlay  envira-gallery-bottom-right\"><\/div><a href=\"https:\/\/www.herrklubbenexotica.se\/wp-content\/uploads\/2024\/02\/IMG_5682-scaled.jpg\" class=\"envira-gallery-2018 envira-gallery-link\" rel=\"enviragallery2018\" title=\"Sk&aring;l, s&auml;ger herrar Lindberg, Liikamaa och Guvek.\" data-envira-caption=\"Sk&aring;l, s&auml;ger herrar Lindberg, Liikamaa och Guvek.\" data-envira-retina=\"\" data-thumbnail=\"\"  itemprop=\"contentUrl\"><img decoding=\"async\" id=\"envira-gallery-image-2020\" class=\"envira-gallery-image envira-gallery-image-2 envira-normal envira-lazy\" data-envira-index=\"2\" src=\"https:\/\/www.herrklubbenexotica.se\/wp-content\/uploads\/2024\/02\/IMG_5682-768x1024-640x480.jpg\" data-envira-src=\"https:\/\/www.herrklubbenexotica.se\/wp-content\/uploads\/2024\/02\/IMG_5682-768x1024-640x480.jpg\" data-envira-gallery-id=\"2018\" data-envira-item-id=\"2020\" data-envira-caption=\"Sk&aring;l, s&auml;ger herrar Lindberg, Liikamaa och Guvek.\" alt=\"Sk\u00e5l, s\u00e4ger herrar Lindberg, Liikamaa och Guvek.\" title=\"Sk\u00e5l, s\u00e4ger herrar Lindberg, Liikamaa och Guvek.\"  itemprop=\"thumbnailUrl\" data-envira-srcset=\"https:\/\/www.herrklubbenexotica.se\/wp-content\/uploads\/2024\/02\/IMG_5682-768x1024-640x480.jpg 400w,https:\/\/www.herrklubbenexotica.se\/wp-content\/uploads\/2024\/02\/IMG_5682-768x1024-640x480.jpg 2x\" data-envira-width=\"225\" data-envira-height=\"300\" srcset=\"data:image\/gif;base64,R0lGODlhAQABAIAAAP\/\/\/\/\/\/\/yH5BAEKAAEALAAAAAABAAEAAAICTAEAOw==\" data-safe-src=\"data:image\/gif;base64,R0lGODlhAQABAIAAAP\/\/\/\/\/\/\/yH5BAEKAAEALAAAAAABAAEAAAICTAEAOw==\" \/><\/a><\/div><\/div><div id=\"envira-gallery-item-2021\" class=\"envira-gallery-item enviratope-item envira-gallery-item-3 envira-lazy-load\" style=\"padding-left: 5px; padding-bottom: 10px; padding-right: 5px;\"  itemscope itemtype=\"https:\/\/schema.org\/ImageObject\"><div class=\"envira-gallery-item-inner\"><div class=\"envira-gallery-position-overlay  envira-gallery-top-left\"><\/div><div class=\"envira-gallery-position-overlay  envira-gallery-top-right\"><\/div><div class=\"envira-gallery-position-overlay  envira-gallery-bottom-left\"><\/div><div class=\"envira-gallery-position-overlay  envira-gallery-bottom-right\"><\/div><a href=\"https:\/\/www.herrklubbenexotica.se\/wp-content\/uploads\/2024\/02\/PXL_20231209_204121858-scaled.jpg\" class=\"envira-gallery-2018 envira-gallery-link\" rel=\"enviragallery2018\" title=\"Vi avslutar kv&auml;llen med varsin ankfot p&aring; restaurang Karl-Mikael.\" data-envira-caption=\"Vi avslutar kv&auml;llen med varsin ankfot p&aring; restaurang Karl-Mikael.\" data-envira-retina=\"\" data-thumbnail=\"\"  itemprop=\"contentUrl\"><img decoding=\"async\" id=\"envira-gallery-image-2021\" class=\"envira-gallery-image envira-gallery-image-3 envira-normal envira-lazy\" data-envira-index=\"3\" src=\"https:\/\/www.herrklubbenexotica.se\/wp-content\/uploads\/2024\/02\/PXL_20231209_204121858-768x1024-640x480.jpg\" data-envira-src=\"https:\/\/www.herrklubbenexotica.se\/wp-content\/uploads\/2024\/02\/PXL_20231209_204121858-768x1024-640x480.jpg\" data-envira-gallery-id=\"2018\" data-envira-item-id=\"2021\" data-envira-caption=\"Vi avslutar kv&auml;llen med varsin ankfot p&aring; restaurang Karl-Mikael.\" alt=\"Vi avslutar kv\u00e4llen med varsin ankfot p\u00e5 restaurang Karl-Mikael.\" title=\"Vi avslutar kv\u00e4llen med varsin ankfot p\u00e5 restaurang Karl-Mikael.\"  itemprop=\"thumbnailUrl\" data-envira-srcset=\"https:\/\/www.herrklubbenexotica.se\/wp-content\/uploads\/2024\/02\/PXL_20231209_204121858-768x1024-640x480.jpg 400w,https:\/\/www.herrklubbenexotica.se\/wp-content\/uploads\/2024\/02\/PXL_20231209_204121858-768x1024-640x480.jpg 2x\" data-envira-width=\"225\" data-envira-height=\"300\" srcset=\"data:image\/gif;base64,R0lGODlhAQABAIAAAP\/\/\/\/\/\/\/yH5BAEKAAEALAAAAAABAAEAAAICTAEAOw==\" data-safe-src=\"data:image\/gif;base64,R0lGODlhAQABAIAAAP\/\/\/\/\/\/\/yH5BAEKAAEALAAAAAABAAEAAAICTAEAOw==\" \/><\/a><\/div><\/div><\/div><\/div><noscript><img decoding=\"async\" src=\"https:\/\/www.herrklubbenexotica.se\/wp-content\/uploads\/2024\/02\/IMG_5679-scaled.jpg\" alt=\"M\u00f6tet \u00e4r avklarat och vi dricker en mezcalcocktail p\u00e5 Maya Cantina.\" \/><img decoding=\"async\" src=\"https:\/\/www.herrklubbenexotica.se\/wp-content\/uploads\/2024\/02\/IMG_5682-scaled.jpg\" alt=\"Sk\u00e5l, s\u00e4ger herrar Lindberg, Liikamaa och Guvek.\" \/><img decoding=\"async\" src=\"https:\/\/www.herrklubbenexotica.se\/wp-content\/uploads\/2024\/02\/PXL_20231209_204121858-scaled.jpg\" alt=\"Vi avslutar kv\u00e4llen med varsin ankfot p\u00e5 restaurang Karl-Mikael.\" \/><\/noscript><\/code><\/p>\n","protected":false},"excerpt":{"rendered":"","protected":false},"author":1,"featured_media":0,"parent":0,"menu_order":0,"comment_status":"closed","ping_status":"closed","template":"","meta":{"footnotes":""},"class_list":["post-2027","page","type-page","status-publish","hentry"],"_links":{"self":[{"href":"https:\/\/www.herrklubbenexotica.se\/index.php\/wp-json\/wp\/v2\/pages\/2027","targetHints":{"allow":["GET"]}}],"collection":[{"href":"https:\/\/www.herrklubbenexotica.se\/index.php\/wp-json\/wp\/v2\/pages"}],"about":[{"href":"https:\/\/www.herrklubbenexotica.se\/index.php\/wp-json\/wp\/v2\/types\/page"}],"author":[{"embeddable":true,"href":"https:\/\/www.herrklubbenexotica.se\/index.php\/wp-json\/wp\/v2\/users\/1"}],"replies":[{"embeddable":true,"href":"https:\/\/www.herrklubbenexotica.se\/index.php\/wp-json\/wp\/v2\/comments?post=2027"}],"version-history":[{"count":1,"href":"https:\/\/www.herrklubbenexotica.se\/index.php\/wp-json\/wp\/v2\/pages\/2027\/revisions"}],"predecessor-version":[{"id":2028,"href":"https:\/\/www.herrklubbenexotica.se\/index.php\/wp-json\/wp\/v2\/pages\/2027\/revisions\/2028"}],"wp:attachment":[{"href":"https:\/\/www.herrklubbenexotica.se\/index.php\/wp-json\/wp\/v2\/media?parent=2027"}],"curies":[{"name":"wp","href":"https:\/\/api.w.org\/{rel}","templated":true}]}}