{"id":38,"date":"2013-02-26T13:24:57","date_gmt":"2013-02-26T12:24:57","guid":{"rendered":"http:\/\/www.herrklubbenexotica.se\/index.php\/fullmakt\/"},"modified":"2017-03-24T12:24:50","modified_gmt":"2017-03-24T11:24:50","slug":"fullmakt","status":"publish","type":"page","link":"https:\/\/www.herrklubbenexotica.se\/index.php\/fullmakt\/","title":{"rendered":"Fullmakt"},"content":{"rendered":"<p>Vid medlemsm\u00f6ten kan det h\u00e4nda att alla inte har m\u00f6jlighet att n\u00e4rvara.<br \/>\nI s\u00e5dana l\u00e4gen kan man l\u00e5ta en annan medlem f\u00f6ra ens talan vid m\u00f6tet, och r\u00f6sta i ens st\u00e4lle i vissa fr\u00e5gor.<br \/>\nF\u00f6r detta kr\u00e4vs en fullmakt, och en s\u00e5dan finns tillg\u00e4nglig h\u00e4r.<\/p>\n<p>1. Klicka p\u00e5 l\u00e4nken nedan f\u00f6r att f\u00e5 upp fullmakten i PDF-format.<\/p>\n<p>2. Fyll i den direkt i PDF-l\u00e4saren.<\/p>\n<p>3. Skriv d\u00e4refter ut och skriv under.<\/p>\n<p><a href=\"http:\/\/www.herrklubbenexotica.se\/wp-content\/uploads\/2013\/02\/hke_fullmakt.pdf\">L\u00e4nk till fullmakt<\/a><\/p>\n","protected":false},"excerpt":{"rendered":"<p>Vid medlemsm\u00f6ten kan det h\u00e4nda att alla inte har m\u00f6jlighet att n\u00e4rvara. I s\u00e5dana l\u00e4gen kan man l\u00e5ta en annan medlem f\u00f6ra ens talan vid m\u00f6tet, och r\u00f6sta i ens &hellip; <\/p>\n<p class=\"link-more\"><a href=\"https:\/\/www.herrklubbenexotica.se\/index.php\/fullmakt\/\" class=\"more-link\">Continue reading<span class=\"screen-reader-text\"> &#8220;Fullmakt&#8221;<\/span><\/a><\/p>\n","protected":false},"author":1,"featured_media":0,"parent":0,"menu_order":4,"comment_status":"closed","ping_status":"closed","template":"","meta":{"footnotes":""},"class_list":["post-38","page","type-page","status-publish","hentry"],"_links":{"self":[{"href":"https:\/\/www.herrklubbenexotica.se\/index.php\/wp-json\/wp\/v2\/pages\/38","targetHints":{"allow":["GET"]}}],"collection":[{"href":"https:\/\/www.herrklubbenexotica.se\/index.php\/wp-json\/wp\/v2\/pages"}],"about":[{"href":"https:\/\/www.herrklubbenexotica.se\/index.php\/wp-json\/wp\/v2\/types\/page"}],"author":[{"embeddable":true,"href":"https:\/\/www.herrklubbenexotica.se\/index.php\/wp-json\/wp\/v2\/users\/1"}],"replies":[{"embeddable":true,"href":"https:\/\/www.herrklubbenexotica.se\/index.php\/wp-json\/wp\/v2\/comments?post=38"}],"version-history":[{"count":2,"href":"https:\/\/www.herrklubbenexotica.se\/index.php\/wp-json\/wp\/v2\/pages\/38\/revisions"}],"predecessor-version":[{"id":521,"href":"https:\/\/www.herrklubbenexotica.se\/index.php\/wp-json\/wp\/v2\/pages\/38\/revisions\/521"}],"wp:attachment":[{"href":"https:\/\/www.herrklubbenexotica.se\/index.php\/wp-json\/wp\/v2\/media?parent=38"}],"curies":[{"name":"wp","href":"https:\/\/api.w.org\/{rel}","templated":true}]}}