{"id":40,"date":"2012-04-07T16:37:50","date_gmt":"2012-04-07T14:37:50","guid":{"rendered":"http:\/\/www.herrklubbenexotica.se\/index.php\/historik\/"},"modified":"2017-03-24T12:22:47","modified_gmt":"2017-03-24T11:22:47","slug":"historik","status":"publish","type":"page","link":"https:\/\/www.herrklubbenexotica.se\/index.php\/historik\/","title":{"rendered":"Historik"},"content":{"rendered":"<p>\n\t<strong>Historiksidan presenterar i korthet n\u00e5gra av alla de otaliga h\u00e4ndelser som Herrklubben Exoticas medlemmar f\u00e5tt uppleva under \u00e5rens lopp. D\u00e5 det handlar om historia b\u00f6rjar vi i tidernas begynnelse och g\u00e5r fram\u00e5t.<\/strong><\/p>\n<p>\n\t<br \/>\n\t<strong>Den 26-27:e September 1994<\/strong><\/p>\n<p>\tHerrklubben Exotica grundas av Herrrarna Hallgren, Lindberg och Johansson samt tv\u00e5 idag icke l\u00e4ngre medlemmar. Herrklubbens namn och stadgar fastst\u00e4lldes under ett tv\u00e5 dagar l\u00e5ngt m\u00f6te. Herr Robert Lindberg valdes enh\u00e4lligt till klubbens f\u00f6rsta Ordf\u00f6rande.<\/p>\n<p>\n\t<br \/>\n\t<strong>Den 16:e Oktober 1994<\/strong><\/p>\n<p>\tHerrklubben Exotica anordnar sitt f\u00f6rsta medlemsm\u00f6te. Ut\u00f6ver ovan n\u00e4mnda Herrar n\u00e4rvarar originalmedlemmarna Norlander och Sj\u00f6\u00f6 vid m\u00f6tet. Herr Norlander blir historisk d\u00e5 han som f\u00f6rsta medlem tilldelas Herrklubbens fr\u00e4msta utm\u00e4rkelse &#8220;Ber\u00f6mlig G\u00e4rning&#8221;.<\/p>\n<p>\n\t<br \/>\n\t<strong>Den 22:e Oktober 1994<\/strong><\/p>\n<p>\tHerrklubben Exotica genomf\u00f6r sin f\u00f6rsta aktivitet, tillika ett klubbm\u00e4sterskap. Herr Johansson blir, efter en dramatisk kamp, vinnare i den f\u00f6r klubben s\u00e5 prestigefyllda grenen biljard.<\/p>\n<p>\n\t<br \/>\n\t<strong>Den 17:e December 1994<\/strong><\/p>\n<p>\tHerrklubben avh\u00e5ller julbord p\u00e5 Hansa Ferry. Julbord kom med \u00e5ren att bli en av Herrklubbens m\u00e5nga \u00e5terkommande traditioner.<\/p>\n<p>\n\t<br \/>\n\t<strong>Den 28:e Januari 1995<\/strong><\/p>\n<p>\tHerrklubben Exotica anordnar den f\u00f6rsta i en l\u00e5ng rad Klubbresor till Drag\u00f6r, Danmark.<\/p>\n<p>\n\t<br \/>\n\t<strong>Den 15:e Mars 1995<\/strong><\/p>\n<p>\tHerrklubben Exotica upptar en ny medlem i Herr B. Gyllenski\u00f6ld. I samband med detta medlemsm\u00f6te tills\u00e4tts ett nytt utskott (som inte l\u00e4ngre existerar). Detta f\u00e5r namnet PR-Utskottet och ansvarsomr\u00e5det blir Herrklubben Exoticas omv\u00e4rldsrelationer.<\/p>\n<p>\n\t<br \/>\n\t<strong>Den 23:e April 1995<\/strong><\/p>\n<p>\tHerrklubben Exotica upptar \u00e5nyo, och h\u00e5rda krav till trots, en ny medlem i Herr Sj\u00f6 (senare vald till Ordf\u00f6rande vid \u00e5terkommande tillf\u00e4llen). Vid m\u00f6tet l\u00e4mnar Herr Lindberg, av familjesk\u00e4l, uppdraget som ordf\u00f6rande.<\/p>\n<p>\n\t<br \/>\n\t<strong>Den 5:e Juni 1995<\/strong><\/p>\n<p>\tHerrklubben Exotica f\u00e5r en ny ordf\u00f6rande i Herr Lars-Johan Hallgren.<\/p>\n<p>\n\t<br \/>\n\t<strong>Den 1:e Oktober 1995<\/strong><\/p>\n<p>\tMedlemskort delas ut f\u00f6r f\u00f6rsta g\u00e5ngen.<\/p>\n<p>\n\t<br \/>\n\t<strong>Januari 1996<\/strong><\/p>\n<p>\tHerrklubben Exotica startar upp sin interna bar. Herr Lindberg blir Herrklubbens f\u00f6rsta barf\u00f6rman.<\/p>\n<p>\n\t<br \/>\n\t<strong>Den 25:e Februari 1996<\/strong><\/p>\n<p>\tHerrklubben Exoticas PR-Utskott presenterar en ins\u00e4ndare som med tiden kommer att publiceras i samtliga ledande Sk\u00e5netidningar. I denna deklarerar Herrklubben Exotica sitt avst\u00e5ndstagande fr\u00e5n det \u00f6kande krogv\u00e5ldet.<\/p>\n<p>\n\t<br \/>\n\t<strong>Den 28:e April 1996<\/strong><\/p>\n<p>\tHerrklubben Exotica bevistar den svenska f\u00f6rsvarsmakten. Vid Pansarregementet P7 i Revinge studeras de mekaniserade brigadernas arbete med att f\u00f6rsvara fosterlandet.<\/p>\n<p>\n\t<br \/>\n\t<strong>Den 30:e April 1996<\/strong><\/p>\n<p>\tHerrklubben Exotica f\u00f6r\u00e4rar HMK Carl XVI Gustaf med ett lyxtelegram p\u00e5 konungens 50-\u00e5rsdag.<\/p>\n<p>\n\t<br \/>\n\t<strong>Den 6-8:e September 1996<\/strong><\/p>\n<p>\tHerrklubben Exotica agerar funktion\u00e4rer och s\u00e4kerhetspersonal vid en internationell Voltiget\u00e4vling i Malm\u00f6.<\/p>\n<p>\n\t<br \/>\n\t<strong>Den 27:e September 1996<\/strong><\/p>\n<p>\tHerrklubben Exotica firar sitt 2-\u00e5rs jubileum med en hejdundrande jubileumsfest d\u00e4r samtliga medlemmar vid denna tidpunkt deltager.<\/p>\n<p>\n\t<br \/>\n\t<strong>Den 20:e Oktober 1996<\/strong><\/p>\n<p>\tHerrklubben Exotica upptar Herr Ehrenstr\u00e5le i den exklusiva medlemsskaran.<\/p>\n<p>\n\t<br \/>\n\t<strong>Den 8:e December 1996<\/strong><\/p>\n<p>\tHerrklubben Exotica f\u00e5r en ny ordf\u00f6rande i Herr Patrik Johansson d\u00e5 denne tar \u00f6ver efter Herr Lars-Johan Hallgren.<\/p>\n<p>\n\t<br \/>\n\t<strong>Den 13:e April 1997<\/strong><\/p>\n<p>\tHerrklubben Exoticas PR-Utskott presenterar \u00e5nyo en ins\u00e4ndare som publiceras i Sk\u00e5neregionens samtliga ledande tidningar. I denna klarg\u00f6r Herrklubben Exotica att det \u00e4r lika bef\u00e4ngt att trafikera str\u00e4ckan Limhamn-Drag\u00f6r med katamaran som det vore att trafikera str\u00e4ckan Malm\u00f6-Lund medelst Concorde.<\/p>\n<p>\n\t<br \/>\n\t<strong>Den 10:e Januari 1998<\/strong><\/p>\n<p>\tHerrklubben Exotica f\u00e5r genom Herr Sj\u00f6\u00f6s f\u00f6rsorg klart med en ny och st\u00f6rre klubblokal p\u00e5 Kirseberg i Malm\u00f6. Denna f\u00f6rtr\u00e4ffliga lokal anv\u00e4nds \u00e4n idag som klubblokal.<\/p>\n<p>\n\t<br \/>\n\t<strong>Den 20:e Januari 1998<\/strong><\/p>\n<p>\tHerrklubben Exotica finns fr\u00e5n och med denna dag \u00e4ven i cyberspacen i form av denna hemsidas f\u00f6reg\u00e5ngare.<\/p>\n<p>\n\t<br \/>\n\t<strong>Den 25:e Januari 1998<\/strong><\/p>\n<p>\tHerrklubben Exotica f\u00e5r en nygammal ordf\u00f6rande i Herr Hallgren som \u00e5tertar ordf\u00f6randeklubban d\u00e5 Herr Johansson l\u00e4mnar sina styrelseuppdrag. En ny punkt p\u00e5 medlemsm\u00f6tena inf\u00f6rs i form av &#8220;Stiltipset&#8221;. Under denna rubrik bidrar en inf\u00f6r m\u00f6tet utsedd medlem med relevant kunskap i \u00e4mnet stil och finess.<\/p>\n<p>\n\t<br \/>\n\t<strong>Den 19:e April 1998<\/strong><\/p>\n<p>\tHerrklubben Exotica upptar Herr Guvek som ny medlem.<\/p>\n<p>\n\t<br \/>\n\t<strong>Den 29:e Augusti 1998<\/strong><\/p>\n<p>\tHerrklubben Exotica avh\u00e5ller konferens inf\u00f6r Stora Herrklubbsl\u00f6rdagen. P\u00e5 Hotell J\u00e4gersro, Malm\u00f6, genomf\u00f6rs workshops, happenings, presskonferens och dylikt. Allt i syfte att utbilda medlemmarna och samordna h\u00e5llningen gentemot allm\u00e4nheten f\u00f6r att p\u00e5 s\u00e5 s\u00e4tt kunna uppn\u00e5 b\u00e4sta resultat i samband med Stora Herrklubbsl\u00f6rdagen.<\/p>\n<p>\n\t<br \/>\n\t<strong>Den 12:e September 1998<\/strong><\/p>\n<p>\tHerrklubben Exoticas h\u00e5ller ett av sina st\u00f6rsta evenemang genom tiderna. Denna dag agerade vi mot den slapphet och konformitet som r\u00e5der n\u00e4r v\u00e5ra svenska politiker ska kl\u00e4 sig. Under fyra timmar fanns Herrklubben Exoticas medlemmar p\u00e5 plats i Malm\u00f6s innerstad f\u00f6r att ge allm\u00e4nheten en m\u00f6jlighet att s\u00e4ga sitt i denna ytterst v\u00e4sentliga fr\u00e5ga. Resultatet var tydligt. N\u00e4ra nog alla respondenter delade v\u00e5r uppfattning i fr\u00e5gan.<\/p>\n<p>\n\t<br \/>\n\t<strong>Den 17:e Januari 1999<\/strong><\/p>\n<p>\tHerrklubben Exotica beslutar i samband med medlemsm\u00f6tet av den 17:e Januari 1999 att inf\u00f6ra val av styrelse. Inf\u00f6r valet avgick Herr Hallgren som Ordf\u00f6rande. Till ny Ordf\u00f6rande valdes Herr Bjarne Sj\u00f6.<\/p>\n<p>\n\t<br \/>\n\t<strong>Den 10:e Augusti 1999<\/strong><\/p>\n<p>\tHerrklubben Exotica h\u00e5ller inf\u00f6r det stundande 5-\u00e5rs jubileet en trevlig tipsrunda p\u00e5 Bulltofta rekreationsomr\u00e5de. H\u00e4r fick de n\u00e4rvarande medlemmarna svara p\u00e5 fr\u00e5gor om Herrklubben i historien. Aktiviteten avslutades med vin och ost i det gr\u00f6na.<\/p>\n<p>\n\t<br \/>\n\t<strong>Den 5:e September 1999<\/strong><\/p>\n<p>\tHerrklubben Exotica fattar beslut om att minska antalet medlemsm\u00f6ten fr\u00e5n \u00e5tta per \u00e5r till fyra plus ett \u00e5rsm\u00f6te. Styrelsens f\u00f6rhoppning var att med denna \u00e5tg\u00e4rd kunna \u00f6ka antalet n\u00e4rvarande medlemmar i samband med medlemsm\u00f6tena.Herr Ulf Gyllenski\u00f6ld upptas i medlemsskaran.<\/p>\n<p>\n\t<br \/>\n\t<strong>Den 2:e Oktober 1999<\/strong><\/p>\n<p>\tHerrklubben Exotica firar sitt 5-\u00e5rs jubileeum med pompa och st\u00e5t p\u00e5 restaurang &#8220;Den grimme \u00e6lling&#8221; i K\u00f6penhamn.<\/p>\n<p>\n\t<br \/>\n\t<strong>Den 15:e Januari 2000<\/strong><\/p>\n<p>\tHerrklubben Exoticas f\u00f6rsta \u00e5rstm\u00f6te i historien f\u00f6r oss in i det nya millenniet. Herr Bjarne Sj\u00f6 omvaldes till ordf\u00f6rande. Efter \u00e5rsm\u00f6tet gick vi alla f\u00f6r att \u00e4ta p\u00e5 Nya Veras.<\/p>\n<p>\n\t<br \/>\n\t<strong>Den 5:e Mars 2000<\/strong><\/p>\n<p>\tHerrklubben Exotica h\u00f6jer i samband med medlemsm\u00f6tet medlemsavgiften till 200 SKR samtidigt som kvartalsvgiften h\u00f6js till 150 SKR. Detta \u00e4r f\u00f6rsta g\u00e5ngen sedan Herrklubben Exoticas bildande som n\u00e5gon avgift har h\u00f6jts.<\/p>\n<p>\n\t<br \/>\n\t<strong>Den 9-13:e Augusti 2000<\/strong><\/p>\n<p>\tHerrklubben Exotica genomf\u00f6r under fyra vackra sommardagar en klubbresa till den europeiska metropolen och kulturhuvudstaden Prag. Kultur i olika former blandades under resan med \u00f6ldrickning, utflykter och festarrangemang.<\/p>\n<p>\n\t<br \/>\n\t<strong>Den 14:e Oktober 2000<\/strong><\/p>\n<p>\tHerrklubben Exotica anordnar en s\u00e5 kallad Cocktailfestivitet f\u00f6r medlemmarna, deras respektive och bekanta. Ett m\u00e5l med festiviteten var att p\u00e5 detta s\u00e4tt, bland medlemmarnas bekanta, finna nya presumtiva Exoticamedlemmar. Festiviteten h\u00f6ll h\u00f6gsta klass, s\u00e5v\u00e4l cocktails och mat som barbygge och discolampor var excellenta.<\/p>\n<p>\n\t<br \/>\n\t<strong>Den 30:e Mars 2001<\/strong><\/p>\n<p>\tHerrklubben Exotica f\u00e5r en historisk medlem d\u00e5 Herr Bj\u00f6rn Gyllenski\u00f6ld denna dag i historien vinner sitt 10:e klubbm\u00e4sterskap.<\/p>\n<p>\n\t<br \/>\n\t<strong>Den 4:e Juni 2001<\/strong><\/p>\n<p>\tHerrklubben Exotica ser alltid till, sin konservativa inriktning till trots, att f\u00f6rnya utbudet av aktiviteter. S\u00e5ledes erbj\u00f6ds det denna dag ett \u00e4kta &#8220;Exotica\u00e4ventyr&#8221;. Utrustade i f\u00f6r \u00e4ndam\u00e5let anpassade kl\u00e4der genomf\u00f6rdes \u00f6vningar av typen pilb\u00e5gssskytte, yxkastning, bl\u00e5sr\u00f6rsskjutning och mountainbikecykling. De \u00f6verl\u00e4gset b\u00e4sta resultaten presterades av Herr Lars-Johan Hallgren.<\/p>\n<p>\n\t<br \/>\n\t<strong>Den 26:e Januari 2002<\/strong><\/p>\n<p>\tHerrklubben Exotica h\u00e5ller \u00e5rsm\u00f6te och v\u00e4ljer f\u00f6r tredje g\u00e5ngen i rad Herr Bjarne Sj\u00f6 till ordf\u00f6rande. Efter \u00e5rsm\u00f6tet bj\u00f6d Herrklubben Exotica, som traditonen nuf\u00f6rtiden p\u00e5bjuder, sina medlemmar p\u00e5 en f\u00f6rtr\u00e4fflig middag. Denna g\u00e5ng p\u00e5 utm\u00e4rkta restaurang Lemongrass.<\/p>\n<p>\n\t<br \/>\n\t<strong>Den 25-26:e Maj 2002<\/strong><\/p>\n<p>\tHerrklubben Exoticas &#8220;\u00c4ventyrshelg&#8221; med \u00f6vernattning p\u00e5 lantg\u00e5rd i trakterna kring H\u00f6gan\u00e4s blir ytterliggare ett bevis p\u00e5 att Herrklubben Exotica, sin konservativa inriktning till trots, alltid lyckas presentera nya och intressanta aktiviteter f\u00f6r medlemmarna.<\/p>\n<p>\n\t<br \/>\n\t<strong>Den 7:e December 2002<\/strong><\/p>\n<p>\tHerrklubben Exotica avslutar sitt \u00e5ttonde verksamhets\u00e5r med medlemsm\u00f6te och eferf\u00f6ljande julbord p\u00e5 restaurang R\u00e5dhusk\u00e4llaren. Hela 15 Herrar n\u00e4rvarar vid julbordet. Till ny medlem v\u00e4ljs Herr Mattias Petersson.<\/p>\n<p>\n\t<br \/>\n\t<strong>Den 25:e Januari 2003<\/strong><\/p>\n<p>\tHerrklubben Exotica v\u00e4ljer i samband med \u00e5rsm\u00f6tet Herr Bjarne Sj\u00f6 till ordf\u00f6rande f\u00f6r ytterliggare en period.<\/p>\n<p>\n\t<br \/>\n\t<strong>Den 24:e Maj 2003<\/strong><\/p>\n<p>\tHerrklubben Exotica anordnar denna l\u00f6rdag en omfattande heldagsutflykt i v\u00e5rt n\u00e4romr\u00e5de. Gammeldansk, \u00f6l, kaffe och konjak f\u00f6rbrukas i rikliga m\u00e4ngder d\u00e5 Exoticamedlemmarna \u00e5ker t\u00e5g runt \u00d6resund. Helsingborg, Helsing\u00f6r och K\u00f6penhamn \u00e4r n\u00e5gra av de orter vi bes\u00f6ker innan kv\u00e4llen avslutas p\u00e5 gamla hederliga nattklubben Etage i Malm\u00f6.<\/p>\n<p>\n\t<br \/>\n\t<strong>Den 24:e Januari 2004<\/strong><\/p>\n<p>\tHerrklubben Exoticas \u00e5rsm\u00f6te v\u00e4ljer \u00e5nyo Herr Bjarne Sj\u00f6 till ordf\u00f6rande. Nya, och mer tidsenliga, medlemskort delas ut i samband med m\u00f6tet. \u00c5rsm\u00f6tet avslutas med kamratmiddag p\u00e5 ny\u00f6ppnade restaurang Mosaik.<\/p>\n<p>\n\t<br \/>\n\t<strong>Den 25-26:e September 2004<\/strong><\/p>\n<p>\tHerrklubben Exotica firar tio \u00e5r med en jubileumsresa till London. De 13 n\u00e4rvarande medlemmarna g\u00f6r under tv\u00e5 mycket aktiva dagar Storbritanniens huvudstad &#8220;by day and by night&#8221;. Ett v\u00e4lplanerat program varvas med &#8220;fria aktiviteter&#8221;. Jubileumsmiddagen bjuder p\u00e5 rikliga m\u00e4ngder vin och s\u00f6ndagsfrukosten upplevs som s\u00e5d\u00e4r halvkul&#8230;<\/p>\n<p>\n\t<br \/>\n\t<strong>Den 11:e December 2004<\/strong><\/p>\n<p>\tHerrklubben Exotica, traditionernas fr\u00e4msta beskyddare, genomf\u00f6r ett dj\u00e4rvt grepp och h\u00e5ller medlemsm\u00f6te med efterf\u00f6ljande &#8220;julmiddag&#8221; utan att n\u00e5gon julmat serveras. Vidare h\u00f6jdes kvartalsavgiften f\u00f6r andra g\u00e5ngen i klubbens historia. Denna \u00e4r nu 250 SEK. Herr Lindberg serverade sin traditionella julgl\u00f6gg och ett rekord i antal klubbsnapsar under ett och samma m\u00f6te sattes.<\/p>\n<p>\n\t<br \/>\n\t<strong>Den 5:e Februari 2005<\/strong><\/p>\n<p>\tHerrklubben Exotica v\u00e4ljer f\u00f6r sj\u00e4tte \u00e5ret i rad Herr Bjarne Sj\u00f6 till klubbens ordf\u00f6rande. Efter det mycket l\u00e5nga \u00e5rsm\u00f6tet avnjutes en av Herrklubben subventionerad middag p\u00e5 Paddys.<\/p>\n<p>\n\t<br \/>\n\t<strong>Den 4-5:e Juni 2005<\/strong><\/p>\n<p>\tHerrklubben Exotica ger sig \u00e5ter ut p\u00e5 \u00e4ventyrshelg med \u00f6vernattning. Denna g\u00e5ng n\u00e5r dock \u00f6vningarnas samlade sv\u00e5rghetsgrad en ny niv\u00e5. Tufft, bl\u00f6tt och ganska jobbigt blev det i skogarna utanf\u00f6r H\u00f6\u00f6r. Att sedan n\u00e5gra Herrar ville l\u00e4ra sig linedance i samband med l\u00f6rdagskv\u00e4llens middag ska vi kanske tala mindre om.<\/p>\n<p>\n\t<br \/>\n\t<strong>Den 4:e September 2005<\/strong><\/p>\n<p>\tHerrklubben Exotica v\u00e4ljer in Herr Johan Svensson som medlem. Herrklubben Exotica k\u00f6per ocks\u00e5 efter m\u00e5nga \u00e5rs utredande dom\u00e4nnamnet www.herrklubbenexotica.se.<\/p>\n<p>\n\t<br \/>\n\t<strong>Den 10:e September 2005<\/strong><\/p>\n<p>\tHerrklubben Exotica \u00e5ker \u00e5nyo, nu n\u00e4r Drag\u00f6rfrukosten \u00e4r ett minne blott, \u00d6resund Runt. Speciellt underh\u00e5llande \u00e4r Herr Hallgrens egenkomponerade quiz, \u00f6lprovning samt femkampen p\u00e5 Tivoli.<\/p>\n<p>\n\t<br \/>\n\t<strong>Den 10:e December 2005<\/strong><\/p>\n<p>\tHerrklubben Exoticas Styrelse klarg\u00f6r i samband med julm\u00f6tet att antalet m\u00f6ten per \u00e5r minskar fr\u00e5n fem (fyra vanliga och ett \u00e5rsm\u00f6te) till fyra (tre vanliga och ett \u00e5rsm\u00f6te) under n\u00e4sta \u00e5r.<\/p>\n<p>\n\t<br \/>\n\t<strong>Den 4:e Mars 2006<\/strong><\/p>\n<p>\tHerrklubben Exotica v\u00e4ljer f\u00f6r sjunde \u00e5ret i rad Herr Bjarne Sj\u00f6 till klubbens ordf\u00f6rande. Efter \u00e5rsm\u00f6tet avnjutes en kamratmiddag p\u00e5 lokal.<\/p>\n<p>\n\t<br \/>\n\t<strong>Den 3:e Juni 2006<\/strong><\/p>\n<p>\tHerrklubben Exotica bes\u00f6ker, formulerat enligt Herr Ehrenstr\u00e5le, gudars hemvist och hj\u00e4ltars boning &#8211; Helsingborg. Som webmaster, MFF-supporter och kr\u00f6nik\u00f6r f\u00f6r hemsidan st\u00e4ller jag mig tveksam till formuleringen, men trevligt var det i alla fall. Helsing\u00f6r l\u00e5g ju inte s\u00e5 l\u00e5ngt borta&#8230;<\/p>\n<p>\n\t<br \/>\n\t<strong>Den 31:e Mars 2007<\/strong><\/p>\n<p>\tHerrklubben Exotica v\u00e4ljer i samband med \u00e5rsm\u00f6tet en ny Ordf\u00f6rande i Herr Mattias Petersson. Herr Petersson eftertr\u00e4der Herr Bjarne Sj\u00f6 som avg\u00e5r efter sju (!) \u00e5r som Herrklubben Exoticas Ordf\u00f6rande. Herr Petersson blir den femte Ordf\u00f6randen i Herrklubben Exoticas historia. Kvartalsavgiften uppg\u00e5r nu till 300 SEK. Medlemsavgiften \u00e4r alltj\u00e4mt 200 SEK. Efter m\u00f6tet avh\u00e5lles en kamratm\u00e5ltid p\u00e5 restaurang Brogatan.<\/p>\n<p>\n\t<br \/>\n\t<strong>Den 2:a September 2007<\/strong><\/p>\n<p>\tHerrklubben Exoticas Styrelse meddelar att aktivitetsprogrammet fram\u00f6ver endast kommer att skickas via mail. En tung tradition, i en traditionsfylld Herrklubb, \u00e4r d\u00e4rmed till \u00e4nda &#8211; v\u00e5rt anv\u00e4ndande av Kungliga Postverkets leveranser. Dessutom kommer alla medlemsprotokoll fr\u00e5n och med denna dag att skickas ut till medlemmarna. Nu kan man allts\u00e5 veta vad som h\u00e4nde p\u00e5 medlemsm\u00f6tet utan att ens ha varit d\u00e4r. F\u00f6r\u00e4ndringens tid \u00e4r verkligen h\u00e4r&#8230;<\/p>\n<p>\n\t<br \/>\n\t<strong>Den 29-30:e September 2007<\/strong><\/p>\n<p>\tHerrklubben Exotica genomf\u00f6r det f\u00f6rsta \u00e5lagillet i klubbens historia. En tv\u00e5dagars aktivitet med \u00f6vernattning i \u00c5hus stod p\u00e5 programmet. Aktiviteten var ett av de allt vanligare, s\u00e5 kallade, sponsrade evenemangen. Kort sagt: \u00d6l och \u00e5l i en sal.<\/p>\n<p>\n\t<br \/>\n\t<strong>Den 19:e Oktober 2007<\/strong><\/p>\n<p>\tHerrklubben Exotica provar \u00e5terigen nya grepp (mycket av den varan just nu) d\u00e5 Herr Petersson och den kockutbildade Herr Svensson st\u00e4ller till med Belgisk Afton. Kokta bl\u00e5musslor i vin och moules frites, rostbiff med endiver och som dessert tryfflar. Till detta serverades \u00f6lsorter som Maredsous 8, Achel och Westvleteren 12. Kort sagt en uppskattad kulinarisk resa, som avslutades n\u00e5gra \u00f6l senare i Malm\u00f6natten.<\/p>\n<p>\n\t<br \/>\n\t<strong>Den 8:e Mars 2008<\/strong><\/p>\n<p>\tHerrklubben Exotica avh\u00f6ll \u00c5rsm\u00f6te och de tio n\u00e4rvarande Herrarna omvalde Herr Mattias Petersson till Ordf\u00f6rande. Efter lite slutna omr\u00f6stningar och lite sedvanligt rabbalder avh\u00f6lls en trevlig kamratm\u00e5ltid p\u00e5 den nya restaurangen Br\u00f6derna M.<\/p>\n<p>\n\t<br \/>\n\t<strong>Den 30:e Maj 2008<\/strong><\/p>\n<p>\tHerrklubben Exotica lagar mat under ledning av en riktig kock &#8211; Putte Kock. Stort deltagande, god mat och d\u00e4rtill l\u00e4mpliga drycker gav en minnesv\u00e4rd kv\u00e4ll. Vill du se hur det g\u00e5r till n\u00e4r vi lagar en excellent m\u00e5ltid tillsammans? Titta i bildarkivet!<\/p>\n<p>\n\t<br \/>\n\t<strong>Den 8:e Juni 2008<\/strong><\/p>\n<p>\tHerrklubben Exotica f\u00e5r i samband med medlemsm\u00f6tet denna dag en ny medlem i Herr Daniel Liikamaa.<\/p>\n<p>\n\t<br \/>\n\t<strong>Den 20-21:e September 2008<\/strong><\/p>\n<p>\tHerrklubben Exotica ger sig denna helg ut p\u00e5 en resa med Statens J\u00e4rnv\u00e4gar. SJ tar oss, punktligt (!), till G\u00f6teborg. V\u00e4l h\u00e4r blir det s\u00e5v\u00e4l klubbm\u00e4sterskap i \u00e4ventyrsgolf (Herr Gyllenski\u00f6ld d y vinner som vanligt) som femkamp p\u00e5 Liseberg. En eftermiddagssamling vid Lisebergsstationen kanske man inte ska tala s\u00e5 h\u00f6gt om. D\u00e5 var nog middagen p\u00e5 Babar och kv\u00e4llspartyt p\u00e5 Niv\u00e5 av h\u00f6gre klass&#8230;<\/p>\n<p>\n\t<strong>Den 7:e Mars 2009<\/strong><\/p>\n<p>\tHerrklubben Exotica v\u00e4ljer i samband med \u00e5rsm\u00f6tet, \u00e5nyo, Herr Mattias Petersson till Ordf\u00f6rande. Titlen PR-ansvarig avskaffas och stadgarna modifieras en aning. M\u00f6tet avslutas traditionsenligt med kamratmiddag p\u00e5 restaurang.<\/p>\n<p>\n\t<strong>Den 25:e Maj 2009<\/strong><\/p>\n<p>\tHerrklubben Exotica lanserar sin nya hemsida &#8211; versionen innan den som Ni har tillg\u00e5ng till idag.<\/p>\n<p>\n\t<br \/>\n\t<strong>Den 3-6:e Oktober 2009<\/strong><\/p>\n<p>\tHerrklubben Exotica firar 15\u00e5rs-jubileum i Barcelona. Tio Herrar deltager. Att sammanfatta k\u00e4nns hoppl\u00f6st&#8230;titta i bildarkivet ist\u00e4llet.<\/p>\n<p>\n\t<br \/>\n\t<strong>Den 5:e December 2009<\/strong><\/p>\n<p>\tHerrklubben Exotica tar nu inte l\u00e4ngre ut  n\u00e5gra kvartalsavgifter. Efter ett beslut p\u00e5 dagens medlemsm\u00f6te talar vi ist\u00e4llet om \u00e5rsavgift. Medlemsavgift, f\u00f6r nya medlemmar, finns dock kvar.<\/p>\n<p>\n\t<br \/>\n\t<strong>Den 6:e Mars 2010<\/strong><\/p>\n<p>\n\tHerrklubben Exoticas \u00e5rsm\u00f6te var, som vanligt, ett mycket trevligt samkv\u00e4m med bildvisning fr\u00e5n Barcelona, en ny klubbwhisky och hela den sittande Styrelsen omvald. Herr Mattias Petersson omvaldes som ordf\u00f6rande och Herr Liikamaa knep posten som Herr Barf\u00f6rest\u00e5ndare, tala om kometkarri\u00e4r.<\/p>\n<p>\n\t<br \/>\n\t<strong>Den 4:e December 2010<\/strong><\/p>\n<p>\n\tHerrklubben Exoticas traditionsenliga julm\u00f6te hade detta \u00e5r en stor uppslutning. Det b\u00f6rjade traditionsenligt med Herr Kass\u00f6rens hemgjorda gl\u00f6gg. En ny medlem r\u00f6stades in, varmt v\u00e4lkommen Herr J\u00f6nsson. Ett nytt grepp d\u00e4r periodens aktiviteter presenterades som ett kalendarium f\u00f6r hela \u00e5ret visades och fick ett gillande bifall. Efter en lite stressig avslutning bar det iv\u00e4g till staden och the Green Lion Inn f\u00f6r en trevlig m\u00e5ltid. Anledningen till det restaurangvalet h\u00e4ngde samman med de sk\u00f6na malm\u00f6iterna Wilmer X\u00b4s framf\u00f6rande i samband med invigningen av Citytunneln.\n\t <\/p>\n","protected":false},"excerpt":{"rendered":"<p>Historiksidan presenterar i korthet n\u00e5gra av alla de otaliga h\u00e4ndelser som Herrklubben Exoticas medlemmar f\u00e5tt uppleva under \u00e5rens lopp. D\u00e5 det handlar om historia b\u00f6rjar vi i tidernas begynnelse och &hellip; <\/p>\n<p class=\"link-more\"><a href=\"https:\/\/www.herrklubbenexotica.se\/index.php\/historik\/\" class=\"more-link\">Continue reading<span class=\"screen-reader-text\"> &#8220;Historik&#8221;<\/span><\/a><\/p>\n","protected":false},"author":1,"featured_media":0,"parent":0,"menu_order":0,"comment_status":"closed","ping_status":"closed","template":"","meta":{"footnotes":""},"class_list":["post-40","page","type-page","status-publish","hentry"],"_links":{"self":[{"href":"https:\/\/www.herrklubbenexotica.se\/index.php\/wp-json\/wp\/v2\/pages\/40","targetHints":{"allow":["GET"]}}],"collection":[{"href":"https:\/\/www.herrklubbenexotica.se\/index.php\/wp-json\/wp\/v2\/pages"}],"about":[{"href":"https:\/\/www.herrklubbenexotica.se\/index.php\/wp-json\/wp\/v2\/types\/page"}],"author":[{"embeddable":true,"href":"https:\/\/www.herrklubbenexotica.se\/index.php\/wp-json\/wp\/v2\/users\/1"}],"replies":[{"embeddable":true,"href":"https:\/\/www.herrklubbenexotica.se\/index.php\/wp-json\/wp\/v2\/comments?post=40"}],"version-history":[{"count":1,"href":"https:\/\/www.herrklubbenexotica.se\/index.php\/wp-json\/wp\/v2\/pages\/40\/revisions"}],"predecessor-version":[{"id":1098,"href":"https:\/\/www.herrklubbenexotica.se\/index.php\/wp-json\/wp\/v2\/pages\/40\/revisions\/1098"}],"wp:attachment":[{"href":"https:\/\/www.herrklubbenexotica.se\/index.php\/wp-json\/wp\/v2\/media?parent=40"}],"curies":[{"name":"wp","href":"https:\/\/api.w.org\/{rel}","templated":true}]}}