{"id":44,"date":"2015-04-07T10:46:39","date_gmt":"2015-04-07T08:46:39","guid":{"rendered":"http:\/\/www.herrklubbenexotica.se\/index.php\/beromlig\/"},"modified":"2018-10-01T08:47:23","modified_gmt":"2018-10-01T06:47:23","slug":"beromlig","status":"publish","type":"page","link":"https:\/\/www.herrklubbenexotica.se\/index.php\/beromlig\/","title":{"rendered":"Ber\u00f6mlig g\u00e4rning"},"content":{"rendered":"<p><strong>Herrklubben Exotica, Malm\u00f6, startade sin verksamhet i Oktober 1994. Under denna tid har Herrklubben Exoticas medlemmar utf\u00f6rt m\u00e5nga goda insatser. Nedan finner ni samtliga med Ber\u00f6mlig G\u00e4rning premierade sedan starten 1994.<\/strong><\/p>\n<p><strong>Ber\u00f6mlig G\u00e4rning 2018<\/strong><\/p>\n<p>10 mars 18 Herr Bjarne Sj\u00f6<br \/>\n\u201dF\u00f6r att ha uppl\u00e5tit lokal f\u00f6r \u00e5rsm\u00f6tet utan kostnad.\u201d<\/p>\n<p><strong>Ber\u00f6mlig G\u00e4rning 2017<\/strong><\/p>\n<p>11 mars 17 Herr Bj\u00f6rn Gyllenski\u00f6ld<br \/>\n&#8220;F\u00f6r hj\u00e4lpsamhet med resor, b\u00e5de individuellt och kollektivt, t.ex. f\u00f6r herrklubbens r\u00e4kning.&#8221;<\/p>\n<p><strong>Ber\u00f6mlig G\u00e4rning 2016<\/strong><\/p>\n<p>3 mars 16 Herr Bj\u00f6rn Gyllenski\u00f6ld<br \/>\n&#8220;F\u00f6r att inte mindre \u00e4n tv\u00e5 g\u00e5nger samma afton \u00f6ppnat upp sitt hem, bjudit p\u00e5 en oerh\u00f6rd g\u00e4stfrihet och fri bar med tilltugg, f\u00f6r alla n\u00e4rvarande medlemmar i samband med skytte-aktiviteten i Staffanstorp.&#8221;<\/p>\n<p><strong>Ber\u00f6mlig G\u00e4rning 2015<\/strong><\/p>\n<p>5 december 15 Herr Johan Svensson<br \/>\n&#8220;F\u00f6r att ha gjort ett h\u00e4stjobb p\u00e5 den spanska aftonen.&#8221;<\/p>\n<p><strong>Ber\u00f6mlig G\u00e4rning 2014<\/strong><\/p>\n<p>8 mars 14 Herr Peter J\u00f6nsson<br \/>\n&#8220;F\u00f6r att ha bist\u00e5tt med l\u00e4mplig s\u00e4kerhetsutrustning f\u00f6r v\u00e4rdesaker i samband med Herrklubbens \u00e5rliga vinterbad.&#8221;<\/p>\n<p>6 december 14 Herr Bjarne Sj\u00f6<br \/>\n&#8220;F\u00f6r att ha h\u00f6jt resfebern inf\u00f6r jubileumsresan med sitt digra och informativa utskick&#8221;<\/p>\n<p><strong>Ber\u00f6mlig G\u00e4rning 2013<\/strong><\/p>\n<p>7 dec 13 Herr Bj\u00f6rn Gyllenski\u00f6ld<br \/>\n\u201dF\u00f6r att ha tagit hand om ansvaret och administrationen kring resan till Budapest\u201d.<\/p>\n<p>9 mars 13 Herrar Lars-Johan Hallgren och Magnus Sj\u00f6\u00f6<br \/>\n\u201dF\u00f6r att Herr Hallgren bjudit samtliga n\u00e4rvarande medlemmar p\u00e5 aktiviteten synnerligen exklusiva<br \/>\ndryckesvaror i sitt f\u00f6r\u00e4ldrahem.\u201d<br \/>\n\u201dF\u00f6r att Herr Sj\u00f6\u00f6 synnerligen \u00e4delt agerat chauff\u00f6r \u00e5t hela s\u00e4llskapet \u2013 b\u00e5de fr\u00e5n G\u00e4stgiveriet till Herr<br \/>\nHallgrens f\u00f6r\u00e4ldrahem, samt fr\u00e5n n\u00e4mnda hem skjutsat samtliga n\u00e4rvarande till respektive hemadress.\u201d<\/p>\n<p><strong>Ber\u00f6mlig G\u00e4rning 2012<\/strong><\/p>\n<p>3 mar 12 Herrklubben Exotica<br \/>\nTilldelas pokalen d\u00e5 inga ber\u00f6mliga g\u00e4rningar gjorts.<\/p>\n<p>8 dec 12 Herr Peter J\u00f6nsson<br \/>\n\u201dF\u00f6r att ha erbjudit sina b\u00e4rtj\u00e4nster till en dam i n\u00f6d p\u00e5 Emporia\u201d.<\/p>\n<p><strong>Ber\u00f6mlig G\u00e4rning 2011<\/strong><\/p>\n<p>5 mar 11 Herr Mattias Petersson<br \/>\n\u201dF\u00f6r att medelst n\u00e4sdukar rykt ut till en dam i n\u00f6d p\u00e5 b\u00e4ttre etablissemang.\u201d<\/p>\n<p>3 dec 11 Herr Peter J\u00f6nsson<br \/>\n\u201dF\u00f6r att ha varit en viktig och kraftfull referens som m\u00f6jliggjorde i allra h\u00f6gsta grad Herr Liikamaas senaste byte av arbete.\u201d<\/p>\n<p><strong>Ber\u00f6mlig G\u00e4rning 2010<\/strong><\/p>\n<p>6 Mar 10 Herr Robert Lindberg<br \/>\n&#8220;F\u00f6r att frikostigt ha bjudit p\u00e5 \u00f6l till samtliga deltagare under det senaste klubbm\u00e4sterskapet i bordshockey.&#8221;<\/p>\n<p>4 Jun 10 Herrklubben Exotica<br \/>\nTilldelas pokalen d\u00e5 inga ber\u00f6mliga g\u00e4rningar gjorts.<\/p>\n<p>4 Dec 10 Herr Robert Lindberg<br \/>\n&#8220;F\u00f6r att ha erbjudit Herr Norlander nattlig logi i samband med Herrklubben Exoticas bes\u00f6k p\u00e5 Hotell Chaplin i Landskrona.&#8221;<\/p>\n<p><strong>Ber\u00f6mlig G\u00e4rning 2009<\/strong><\/p>\n<p>5 Dec 09 Herr Patrik Johansson<br \/>\n&#8220;F\u00f6r att ha ordnat insamlingar (band i varierande f\u00e4rger) \u00e5t Herrar Hallgren och Svensson f\u00f6r olika ekonomiska tr\u00e5ngm\u00e5l.&#8221;<\/p>\n<p>7 Mar 09 Herr Ulf Gyllenski\u00f6ld<br \/>\n&#8220;F\u00f6r att ha varit ett stort st\u00f6d samt mycket behj\u00e4lplig f\u00f6r Herrar Gyllenski\u00f6ld d y och Hallgren.&#8221;<\/p>\n<p><strong>Ber\u00f6mlig G\u00e4rning 2008<\/strong><\/p>\n<p>8 Mar 08 Herr Lars-Johan Hallgren<br \/>\n&#8220;F\u00f6r att ha sk\u00e4nkt en flaska genever i samband med ett stiltips p\u00e5 f\u00f6reg\u00e5ende medlemsm\u00f6te.&#8221;<\/p>\n<p>8 Jun 08 Herr Robert Lindberg<br \/>\n&#8220;F\u00f6r att ha sk\u00e4nkt en flaska grappa till Herr Vice-Ordf\u00f6rande, Bjarne sj\u00f6.&#8221;<\/p>\n<p>7 Sep 08 Herrklubben Exotica<br \/>\nTilldelas pokalen d\u00e5 inga ber\u00f6mliga g\u00e4rningar gjorts.<\/p>\n<p>6 Dec 08 Herr Patrik Johansson<br \/>\n&#8220;F\u00f6r att ha anordnat och genomf\u00f6rt den eminenta G\u00f6teborgsresan.&#8221;<\/p>\n<p><strong>Ber\u00f6mlig G\u00e4rning 2007<\/strong><\/p>\n<p>31 Mar 07 Herr Bj\u00f6rn Gyllenski\u00f6ld<br \/>\n&#8220;F\u00f6r att p\u00e5 ett f\u00f6red\u00f6mligt s\u00e4tt transporterat Herr Ordf\u00f6rande till Kastrup, d\u00e5 v\u00e4derleken orsakade en n\u00f6dsituation.&#8221;<\/p>\n<p>2 Jun 07 Herrklubben Exotica<br \/>\nTilldelas pokalen d\u00e5 inga ber\u00f6mliga g\u00e4rningar gjorts.<\/p>\n<p>2 Sep 07 Herr Ulf Gyllenski\u00f6ld<br \/>\n&#8220;F\u00f6r att ha ordnat m\u00f6teslokal till h\u00e5llna medlemsm\u00f6te.&#8221;<\/p>\n<p>8 Dec 07 Herr Lars-Johan Hallgren<br \/>\n&#8220;F\u00f6r sin tillg\u00e4nglighet, tillf\u00f6rlitlighet och kompetens vad det g\u00e4ller att hj\u00e4lpa sin herrklubbsbroder Herr Sj\u00f6 i n\u00f6d.&#8221;<\/p>\n<p><strong>Ber\u00f6mlig G\u00e4rning 2006<\/strong><\/p>\n<p>4 Mar 06 Herrklubben Exotica<br \/>\nTilldelas pokalen d\u00e5 inga ber\u00f6mliga g\u00e4rningar gjorts.<\/p>\n<p>28 Maj 06 Herr Mattias Petersson<br \/>\n&#8220;F\u00f6r att under en resa till Hamburg, med flera Herrklubbsmedlemmar n\u00e4rvarande, delgivit dessa en synnerligen god och v\u00e4lsmakande dryckeskultur, h\u00e4mtat fr\u00e5n de maltdestillerade dryckernas f\u00f6rlovade v\u00e4rld.\u201d<\/p>\n<p>2 Sep 06 Herr Bj\u00f6rn Gyllenski\u00f6ld<br \/>\n&#8220;F\u00f6rstort nedlagt arbete, med h\u00f6g servicegrad och god prisbild, bokat en v\u00e4ldigt lyckad br\u00f6llopsresa till Herr Ehrenstr\u00e5le.&#8221;<\/p>\n<p>9 Dec 06 Herr Robert Lindberg<br \/>\n&#8220;F\u00f6rden stora generositeten och vidh\u00e5llandet av traditionen att bjuda Herrklubbens medlemmar p\u00e5 gl\u00f6gg.&#8221;<\/p>\n<p><strong>Ber\u00f6mlig G\u00e4rning 2005<\/strong><\/p>\n<p>5 Feb 05 Herr Robert Lindberg<br \/>\n&#8220;F\u00f6r att ha skapat en tradition och ur egen kassa bjudit p\u00e5 julgl\u00f6gg under 10 \u00e5r.&#8221;<\/p>\n<p>20 Mar 05 Herr Bjarne Sj\u00f6<br \/>\n&#8220;F\u00f6r att Herr Sj\u00f6 utf\u00f6r st\u00e4dning av klubblokalen efter varje sammankomst.&#8221;<\/p>\n<p>29 Maj 05 Herr Lars-Johan Hallgren<br \/>\n&#8220;F\u00f6r initiativrikedom och engagemang vad g\u00e4ller Herrklubben Exotica.&#8221;<\/p>\n<p>4 Sep 05 Herr Mattias Petersson<br \/>\n&#8220;F\u00f6r att ha tagit med en mindre bar och bjudit p\u00e5 inneh\u00e5llet i samband med resa p\u00e5 flotten.&#8221;<\/p>\n<p>10 Dec 05 Herr Bjarne Sj\u00f6<br \/>\n&#8220;F\u00f6r att ha varit Herr Hallgren behj\u00e4lplig med kontakt och praktiska g\u00f6rom\u00e5l i samband med tv\u00e5 oberoende entrepren\u00f6rers tillg\u00e5ng till dennes bostad.&#8221;<\/p>\n<p><strong>Ber\u00f6mlig G\u00e4rning 2004<\/strong><\/p>\n<p>24 Jan 04 Herr Lars-Johan Hallgren<br \/>\n&#8220;F\u00f6r en aktiv milj\u00f6insats i samband med oljekatastrofen p\u00e5 \u00d6sterlen, sommaren 2003.&#8221;<\/p>\n<p>21 Mar 04 Herr Bj\u00f6rn Gyllenski\u00f6ld<br \/>\n&#8220;F\u00f6r att han med kort varsel uppl\u00e4t sitt hem som klubblokal.&#8221;<\/p>\n<p>6 Jun 04 Herr Bjarne Sj\u00f6<br \/>\n&#8220;F\u00f6r att han hj\u00e4lpt en broder i tidsn\u00f6d och tillhandah\u00e5llit dansk \u00f6l i dess r\u00e4tta temperatur.&#8221;<\/p>\n<p>5 Sep 04 Herr Mattias Petersson<br \/>\n&#8220;F\u00f6r subventionering av b\u00e5tbiljettkostnad samt alkoholhaltig dryck till medlemmar.&#8221;<\/p>\n<p>11 Dec 04 Herr Magnus Sj\u00f6\u00f6<br \/>\n&#8220;F\u00f6r att denne bidragit med gratis J\u00e4germeister och plastglas inf\u00f6r resan till London.&#8221;<\/p>\n<p><strong>Ber\u00f6mlig G\u00e4rning 2003<\/strong><\/p>\n<p>25 Jan 03 Herr Lars-Johan Hallgren<br \/>\n&#8220;F\u00f6r att denne p\u00e5 eget initiativ \u00f6kat deltagarantalet p\u00e5 skyttet\u00e4vlingen s\u00e5 att denna kunde genomf\u00f6ras.&#8221;<\/p>\n<p>23 Mar 03 Herr Magnus Nilsson<br \/>\n&#8220;F\u00f6r att Herr Nilsson kamratligt st\u00e4llt upp f\u00f6r Herr Ulf Gyllenski\u00f6ld d\u00e5 denne befann sig i ett visst tr\u00e5ngm\u00e5l. Herr Nilsson infriade v\u00e4nnens \u00f6nskem\u00e5l p\u00e5 ett s\u00e5dant s\u00e4tt att g\u00e4rningen framstod som mycket varm och finessrik.&#8221;<\/p>\n<p>9 Jun 03 Herr Lars-Johan Hallgren<br \/>\n&#8220;F\u00f6r att stilfullt och handgripligt hj\u00e4lpt Herr Ehrenstr\u00e5le med att bogsera dennes bil, som utan grund och rimlighet b\u00f6rjat fatta eld i ventilationssystemet.&#8221;<\/p>\n<p>7 Sep 03 Herr Patrik Johansson<br \/>\n&#8220;F\u00f6r att vid ett flertal tillf\u00e4llen ha utl\u00e5nat likvida medel till Herr Mattias Petersson f\u00f6r fortsatt trevliga kv\u00e4llar.&#8221;<\/p>\n<p>6 Dec 03 Herr Mattias Petersson<br \/>\n&#8220;F\u00f6r att i Herrklubben Exoticas regi genomf\u00f6rt den efterl\u00e4ngtade whiskyprovningen.&#8221;<\/p>\n<p><strong>Ber\u00f6mlig G\u00e4rning 2002<\/strong><\/p>\n<p>26 Jan 02 Herr Robert Lindberg<br \/>\n&#8220;F\u00f6r \u00e5tskilliga ink\u00f6p av de heml\u00f6sas tidning Aluma.&#8221;<\/p>\n<p>24 Mar 02 Herr Bj\u00f6rn Gyllenski\u00f6ld<br \/>\n&#8220;F\u00f6r att han uppl\u00e4t sitt eget spritinnehav till klubbaren d\u00e5 denna ov\u00e4ntat tog slut.&#8221;<\/p>\n<p>9 Jun 02 Herr Enrico Johansson<br \/>\n&#8220;F\u00f6r att under Herrklubbens \u00c4ventyrshelg bist\u00e5tt med transport och agerat chauff\u00f6r \u2013 vilket d\u00e4rmed utesl\u00f6t egen f\u00f6rt\u00e4ring av alkoholhaltiga drycker.&#8221;<\/p>\n<p>8 Sep 02 Herr Bj\u00f6rn Gyllenski\u00f6ld<br \/>\n&#8220;F\u00f6r att ha st\u00e4llt upp med privat bil samt cyklat en ansenlig str\u00e4cka, detta f\u00f6r att f\u00f6rhindra att medlem ej skulle vara tvingad att missa Kiviksmarknad.&#8221;<\/p>\n<p>7 Dec 02 Herr Ulf Gyllenski\u00f6ld<br \/>\n&#8220;F\u00f6r att ha bist\u00e5tt ett \u00e4ldre par som hade l\u00e5st in bilnycklarna i sin bil \u2013 med st\u00e5ltr\u00e5d via en \u00f6ppning i takluckan kunde bilen l\u00e5sas upp efter en timmes arbete\u2026&#8221;<\/p>\n<p><strong>Ber\u00f6mlig G\u00e4rning 2001<\/strong><\/p>\n<p>20 Jan 01 Herr Norlander<br \/>\n&#8220;F\u00f6r ett ovanligt ambiti\u00f6st arbete med att underh\u00e5lla sanitetsporslinet p\u00e5 PickWick Pub i Malm\u00f6.&#8221;<\/p>\n<p>4 Mar 01 Herr Norlander<br \/>\nBeh\u00f6ll pokalen d\u00e5 inga Ber\u00f6mliga g\u00e4rningar utf\u00f6rts.<\/p>\n<p>10 Jun 01 Herr Bj\u00f6rn Gyllenski\u00f6ld<br \/>\n&#8220;F\u00f6r dennes insats i k\u00f6ket f\u00f6r att m\u00e4tta hungriga Herrklubbsbr\u00f6der samt f\u00f6r att ha inhandlat och anv\u00e4nt ingredienser som soltorkade tomater, vilket Herr Gyllenski\u00f6ld inte fattat tycke f\u00f6r.&#8221;<\/p>\n<p>2 Sep 01 Herrklubben Exotica<br \/>\nTilldelas pokalen d\u00e5 inga ber\u00f6mliga g\u00e4rningar gjorts.<\/p>\n<p>3 Dec 01 Herrklubben Exotica<br \/>\nTilldelas pokalen d\u00e5 inga ber\u00f6mliga g\u00e4rningar gjorts.<\/p>\n<p><strong>Ber\u00f6mlig G\u00e4rning 2000<\/strong><\/p>\n<p>15 Jan 00 Herr Ulf Gyllenski\u00f6ld<br \/>\n&#8220;F\u00f6r dennes millenniumg\u00e5va till Herrklubben Exotica i form av en exemplarisk barmixer.&#8221;<\/p>\n<p>5 Mar 00 Herr Ulf Gyllenski\u00f6ld<br \/>\nBeh\u00f6ll pokalen d\u00e5 inga Ber\u00f6mliga g\u00e4rningar utf\u00f6rts.<\/p>\n<p>4 Jun 00 Herr Robert Lindberg<br \/>\n&#8220;F\u00f6r osj\u00e4lviskt och gener\u00f6st agerande vid blodgivning, d\u00e5 Herr Robert Lindberg f\u00f6rutom donation av blod \u00e4ven donerar ers\u00e4ttningen a\u00b4 30 kronor till v\u00e4lg\u00f6rande \u00e4ndam\u00e5l.&#8221;<\/p>\n<p>3 Sep 00 Herr Bj\u00f6rn Gyllenski\u00f6ld<br \/>\n&#8220;F\u00f6r att under en sommarkv\u00e4ll i Prag \u00e5r 2000 \u00e4gnat \u00e5tskillig tid och mycket kraft \u00e5t att hj\u00e4lpa en p\u00e5 krogtoaletten inl\u00e5st stackars mexikanare att komma ut.&#8221;<\/p>\n<p>2 Dec 00 Herr Bjarne Sj\u00f6\u00f6 och Herr Fredrik Ehrenstr\u00e5le<br \/>\n&#8220;F\u00f6r ett extraordin\u00e4rt arbete i samband med Herrklubben Exoticas cocktailfestivtet \u00e5r 2000.&#8221;<\/p>\n<p><strong>Ber\u00f6mlig G\u00e4rning 1999<\/strong><\/p>\n<p>17 Jan 99 Herr Fredrik Ehrenstr\u00e5le<br \/>\n&#8220;F\u00f6r att denne donerat en flaska Whiskey till klubbaren.&#8221;<\/p>\n<p>7 Mar 99 Herr Fredrik Ehrenstr\u00e5le<br \/>\nBeh\u00f6ll pokalen d\u00e5 inga Ber\u00f6mliga g\u00e4rningar utf\u00f6rts.<\/p>\n<p>18 Apr 99 Herr Fredrik Ehrenstr\u00e5le<br \/>\nBeh\u00f6ll pokalen d\u00e5 inga Ber\u00f6mliga g\u00e4rningar utf\u00f6rts.<\/p>\n<p>6 Jun 99 Herr Michael Landot<br \/>\n&#8220;F\u00f6r att med mycket kort varsel, och utan f\u00f6rberedelse, presenterat ett mycket utf\u00f6rligt stiltips.&#8221;<\/p>\n<p>18 Jul 99 Herr Lars-Johan Hallgren<br \/>\n&#8220;F\u00f6r att Herr Hallgren h\u00f6jt standarden f\u00f6r hur en god rapportering skall avl\u00e4ggas.&#8221;<\/p>\n<p>5 Sep 99 Herr Lars-Johan Hallgren<br \/>\nBeh\u00f6ll pokalen d\u00e5 inga Ber\u00f6mliga g\u00e4rningar utf\u00f6rts.<\/p>\n<p>17 Okt 99 Herr Michael Landot<br \/>\n&#8220;F\u00f6r dennes v\u00e4lvilja att med kort varsel uppl\u00e5ta lokalitet till Herrklubbens jubileum, utan att n\u00e4rvara vid arrangemanget.&#8221;<\/p>\n<p>5 Dec 99 Herr Magnus Sj\u00f6\u00f6<br \/>\n&#8220;F\u00f6r att Herr Sj\u00f6\u00f6 \u00e4ven fram\u00f6ver kommer att kunna ordna med m\u00f6teslokal utan kostnad f\u00f6r Herrklubben Exotica.&#8221;<\/p>\n<p><strong>Ber\u00f6mlig G\u00e4rning 1998<\/strong><\/p>\n<p>25 Jan 98 Herr Michael Landot<br \/>\n&#8220;En hederv\u00e4rd satsning f\u00f6r sk\u00f6rdande av framtida IT-frukter.&#8221;<\/p>\n<p>8 Mar 98 Herr Magnus Sj\u00f6\u00f6<br \/>\n&#8220;F\u00f6r ordnande av ny klubblokal.&#8221;<\/p>\n<p>19 Apr 98 Herr Magnus Sj\u00f6\u00f6<br \/>\nBeh\u00f6ll pokalen d\u00e5 inga Ber\u00f6mliga g\u00e4rningar utf\u00f6rts.<\/p>\n<p>31 Maj 98 Herr Magnus Sj\u00f6\u00f6<br \/>\nBeh\u00f6ll pokalen d\u00e5 inga Ber\u00f6mliga g\u00e4rningar utf\u00f6rts.<\/p>\n<p>19 Jul 98 Herr Magnus Sj\u00f6\u00f6<br \/>\nBeh\u00f6ll pokalen d\u00e5 inga Ber\u00f6mliga g\u00e4rningar utf\u00f6rts.<\/p>\n<p>6 Sep 98 Herr Michael Landot<br \/>\n&#8220;F\u00f6r en f\u00f6rtj\u00e4nstfull insats r\u00f6rande lokalitet j\u00e4mte f\u00f6rfriskningar vid den inledande konferensen inf\u00f6r stora herrklubbsl\u00f6rdagen.&#8221;<\/p>\n<p>1 Nov 98 Herrklubben Exotica<br \/>\nSe m\u00f6tesprotokoll.<\/p>\n<p><strong>Ber\u00f6mlig G\u00e4rning 1997<\/strong><\/p>\n<p>19 Jan 97 Herrklubben Exotica<br \/>\nBeh\u00f6ll pokalen d\u00e5 inga Ber\u00f6mliga g\u00e4rningar utf\u00f6rts.<\/p>\n<p>2 Mar 97 Herr H\u00e5kan Norlander<br \/>\n&#8220;F\u00f6r att ha upptr\u00e4tt mot den \u00e4ldre generationen p\u00e5 en gentlemans vis.&#8221;<\/p>\n<p>13 Apr 97 Herr Bj\u00f6rn Gyllenski\u00f6ld<br \/>\n&#8220;F\u00f6r att ha bidragit klubbens medlemmar medelst fria passagekort till k\u00e4nda etablissemang och d\u00e4rmed st\u00e4rkt de enskilda medlemmarnas ekonomiska st\u00e4llning.&#8221;<\/p>\n<p>8 Jun 97 Herr Bj\u00f6rn Gyllenski\u00f6ld<br \/>\nBeh\u00f6ll pokalen d\u00e5 inga Ber\u00f6mliga g\u00e4rningar utf\u00f6rts.<\/p>\n<p>13 Jul 97 Herr Lars-Johan Hallgren<br \/>\n&#8220;F\u00f6r att han helt utan baktankar och med en stor portion skicklighet och framf\u00f6rallt stort t\u00e5lamod lyckades hj\u00e4lpa tv\u00e5 damer i stor n\u00f6d att komma in i sin l\u00e4genhet d\u00e5 de lyckats med konststycket att l\u00e5sa sig ute ifr\u00e5n denna.&#8221;<\/p>\n<p>7 Sep 97 Herr Michael Landot<br \/>\n&#8220;F\u00f6r att han ordnat med VIP-kort till flera av Herrklubben Exoticas Medlemmar vid ett privat bes\u00f6k p\u00e5 nattklubben Slagthuset i Malm\u00f6.&#8221;<\/p>\n<p>19 Okt 97 Herr Michael Landot<br \/>\nBeh\u00f6ll pokalen d\u00e5 inga Ber\u00f6mliga g\u00e4rningar utf\u00f6rts.<\/p>\n<p>7 Dec 97 Herr Bj\u00f6rn Gyllenski\u00f6ld<br \/>\n&#8220;F\u00f6r att ha upptr\u00e4tt chevalereskt gentemot en v\u00e4skb\u00e4rande kvinna i n\u00f6d p\u00e5 katamaranen Felix samt f\u00f6r att ha ordnat den aktuella resan, till gagn f\u00f6r flera av Herrklubben Exoticas medlemmar, helt gratis.&#8221;<\/p>\n<p><strong>Ber\u00f6mlig G\u00e4rning 1996<\/strong><\/p>\n<p>5 Jan 96 Herr Bj\u00f6rn Gyllenski\u00f6ld<br \/>\n&#8220;F\u00f6r att genom sitt finansiella agerande hj\u00e4lpt utsatta och t\u00f6rstande klubbmedlemmar.&#8221;<\/p>\n<p>25 Feb 96 Herr Bj\u00f6rn Gyllenski\u00f6ld<br \/>\n&#8220;F\u00f6r att ha anordnat en gemytlig och trivsam utlandsresa till mycket f\u00f6rm\u00e5nligt pris, och d\u00e4rigenom ocks\u00e5 bidragit med en utm\u00e4rkt m\u00f6jlighet att inf\u00f6rskaffa drycker till klubbens bar.&#8221;<\/p>\n<p>14 Apr 96 Herr Patrik Johansson<br \/>\n&#8220;F\u00f6r dennes v\u00e4lvilliga hj\u00e4lp till en broder i ekonomisk n\u00f6d.&#8221;<\/p>\n<p>2 Jun 96 Herr Bj\u00f6rn Gyllenski\u00f6ld<br \/>\n&#8220;F\u00f6r sitt omfattande arbete f\u00f6r Herrklubben Exoticas b\u00e4sta.&#8221;<\/p>\n<p>14 Jul 96 Herr Patrik Johansson<br \/>\n&#8220;F\u00f6r en fantastisk livr\u00e4ddningsinsats p\u00e5 Sibbarps strand sommaren 1996.&#8221;<\/p>\n<p>1 Sep 96 Herr Magnus Sj\u00f6\u00f6<br \/>\n&#8220;F\u00f6r att p\u00e5 ett exemplariskt s\u00e4tt visat framsteg vad g\u00e4ller kl\u00e4dsel och finess, samt visat stor hj\u00e4lpsamhet och stort t\u00e5lamod mot Herr Ordf\u00f6randen d\u00e5 denne befann sig i ett s\u00e4mre tillst\u00e5nd.&#8221;<\/p>\n<p>20 Okt 96 Herrklubben Exotica<br \/>\n&#8220;F\u00f6r det goda och omfattande arbetet i samband med de internationella voltiget\u00e4vlingarna i Malm\u00f6 1996.&#8221;<\/p>\n<p>8 Dec 96 Herrklubben Exotica<br \/>\nBeh\u00f6ll pokalen d\u00e5 inga Ber\u00f6mliga g\u00e4rningar utf\u00f6rts.<\/p>\n<p><strong>Ber\u00f6mlig G\u00e4rning 1995<\/strong><\/p>\n<p>15 Jan 95 Herr H\u00e5kan Norlander<br \/>\n&#8220;F\u00f6r att denne trots fruktansv\u00e4rt enorma hinder lyckades bevista Herrklubben Exoticas \u00e5rliga julbord.&#8221;<\/p>\n<p>5 Mar 95 Herr H\u00e5kan Norlander<br \/>\nBeh\u00f6ll pokalen d\u00e5 inga Ber\u00f6mliga g\u00e4rningar utf\u00f6rts.<\/p>\n<p>23 Apr 95 Herr Patrik Johansson<br \/>\n&#8220;F\u00f6r dennes goda och intensiva arbete inom Herrklubben Exotica.&#8221;<\/p>\n<p>4 Jun 95 Herr Patrik Johansson<br \/>\nBeh\u00f6ll pokalen d\u00e5 inga Ber\u00f6mliga g\u00e4rningar utf\u00f6rts.<\/p>\n<p>6 Aug 95 Herr H\u00e5kan Norlander<br \/>\n&#8220;F\u00f6r att med intensiv uppoffring st\u00e4rkt klubbens ekonomi.&#8221;<\/p>\n<p>1 Okt 95 Herr H\u00e5kan Norlander<br \/>\n&#8220;F\u00f6r att han p\u00e5 en gentlemans vis st\u00e4llt upp f\u00f6r n\u00e5gra av sina br\u00f6der i Herrklubben Exotica.&#8221;<\/p>\n<p>19 Nov 95 Herr Peter Fridh<br \/>\n&#8220;F\u00f6r dennes str\u00e5lande arbete med Herrklubben Exoticas medlemskort.&#8221;<\/p>\n<p><strong>Ber\u00f6mlig G\u00e4rning 1994<\/strong><\/p>\n<p>16 Okt 94 Herr H\u00e5kan Norlander<br \/>\n&#8220;F\u00f6r att med ett par korn humor, ett m\u00e5tt stil och en nypa finess p\u00e5 b\u00e4sta m\u00f6jliga s\u00e4tt visat sig vara Herrklubb Exotica material.&#8221;<\/p>\n<p>4 Dec 94 Herr H\u00e5kan Norlander<br \/>\nBeh\u00f6ll pokalen d\u00e5 inga Ber\u00f6mliga g\u00e4rningar utf\u00f6rts.<\/p>\n","protected":false},"excerpt":{"rendered":"<p>Herrklubben Exotica, Malm\u00f6, startade sin verksamhet i Oktober 1994. Under denna tid har Herrklubben Exoticas medlemmar utf\u00f6rt m\u00e5nga goda insatser. Nedan finner ni samtliga med Ber\u00f6mlig G\u00e4rning premierade sedan starten &hellip; <\/p>\n<p class=\"link-more\"><a href=\"https:\/\/www.herrklubbenexotica.se\/index.php\/beromlig\/\" class=\"more-link\">Continue reading<span class=\"screen-reader-text\"> &#8220;Ber\u00f6mlig g\u00e4rning&#8221;<\/span><\/a><\/p>\n","protected":false},"author":1,"featured_media":0,"parent":0,"menu_order":1,"comment_status":"closed","ping_status":"closed","template":"","meta":{"footnotes":""},"class_list":["post-44","page","type-page","status-publish","hentry"],"_links":{"self":[{"href":"https:\/\/www.herrklubbenexotica.se\/index.php\/wp-json\/wp\/v2\/pages\/44","targetHints":{"allow":["GET"]}}],"collection":[{"href":"https:\/\/www.herrklubbenexotica.se\/index.php\/wp-json\/wp\/v2\/pages"}],"about":[{"href":"https:\/\/www.herrklubbenexotica.se\/index.php\/wp-json\/wp\/v2\/types\/page"}],"author":[{"embeddable":true,"href":"https:\/\/www.herrklubbenexotica.se\/index.php\/wp-json\/wp\/v2\/users\/1"}],"replies":[{"embeddable":true,"href":"https:\/\/www.herrklubbenexotica.se\/index.php\/wp-json\/wp\/v2\/comments?post=44"}],"version-history":[{"count":6,"href":"https:\/\/www.herrklubbenexotica.se\/index.php\/wp-json\/wp\/v2\/pages\/44\/revisions"}],"predecessor-version":[{"id":1538,"href":"https:\/\/www.herrklubbenexotica.se\/index.php\/wp-json\/wp\/v2\/pages\/44\/revisions\/1538"}],"wp:attachment":[{"href":"https:\/\/www.herrklubbenexotica.se\/index.php\/wp-json\/wp\/v2\/media?parent=44"}],"curies":[{"name":"wp","href":"https:\/\/api.w.org\/{rel}","templated":true}]}}