{"id":46,"date":"2015-04-07T10:53:05","date_gmt":"2015-04-07T08:53:05","guid":{"rendered":"http:\/\/www.herrklubbenexotica.se\/index.php\/marathontabell\/"},"modified":"2018-10-01T08:52:46","modified_gmt":"2018-10-01T06:52:46","slug":"marathontabell","status":"publish","type":"page","link":"https:\/\/www.herrklubbenexotica.se\/index.php\/marathontabell\/","title":{"rendered":"Marathontabell"},"content":{"rendered":"<p style=\"max-width: 40em;\"><strong>Marathontabellen visar hur m\u00e5nga Klubbm\u00e4sterskap, premieringar, som de olika medlemmarna har vunnit under \u00e5rens lopp. Observera att \u00e4ven f\u00f6re detta medlemmar, som vunnit Klubbm\u00e4sterskap, finns med i tabellen. Dessa \u00e4r markerade med bl\u00e5 f\u00e4rg.<\/strong><\/p>\n<p><strong>14 premieringar<\/strong><\/p>\n<p>Herr Bj\u00f6rn Gyllenski\u00f6ld (Biljard 3, Bowling 3, Badminton 2, Bangolf 2, Boule 2, Dart 1, H\u00f6gh\u00f6jdsbana 1)<\/p>\n<p><strong>10 premieringar<\/strong><br \/>\nHerr H\u00e5kan Norlander (Bangolf 4, Bordshockey 2, Dart 2, Boule 1, Virtuellt slagsm\u00e5l 1)<\/p>\n<p><strong>9 premieringar<\/strong><\/p>\n<p>Herr Patrik Johansson (Bordshockey 4, Krocket 2, Biljard 1, Boule 1, \u00d6lh\u00e4vning 1)<\/p>\n<p><strong>8 premieringar<\/strong><br \/>\nHerr Robert Lindberg (Bordshockey 4, Bangolf 1, Biljard 1, Boule 2)<\/p>\n<p><strong>7 premieringar<\/strong><\/p>\n<p>Herr Lars-Johan Hallgren (TP 2, Boule 1, Bowling 1, Dart 1, Go-Cart 1, Skytte 1)<\/p>\n<p><strong>5 premieringar<\/strong><\/p>\n<p>Herr Fredrik Ehrenstr\u00e5le (Biljard 1, Boule 1, F\u00e4ktning 1, Go-Cart 1, Luftgev\u00e4r 1)<\/p>\n<p><strong>4 premieringar<\/strong><\/p>\n<p>Herr Bjarne Sj\u00f6 (Bangolf 1, Bordshockey 1, Boule 2)<\/p>\n<p><strong>3 premieringar<\/strong><\/p>\n<p>Herr Fredrik Guvek (Bowling 2, Luftgev\u00e4r 1)<\/p>\n<p><span style=\"color: #00ccff;\">Herr G\u00f6ran Bengtsson (Boule 2, Bordshockey 1)<\/span><\/p>\n<p>Herr Peter Fridh (Krocket 1, Schack 1, TP 1)<\/p>\n<p><strong>2 premieringar<\/strong><\/p>\n<p>Herr Ulf Gyllenski\u00f6ld (Bangolf 2)<\/p>\n<p>Herr Johan Svensson (Boule 2)<\/p>\n<p>Herr Mattias Petersson (Biljard 1, Fr\u00e5gesport 1)<\/p>\n<p><span style=\"color: #00ccff;\">Herr Michael Landot (Krocket 1, TP 1)<\/span><\/p>\n<p>Herr Mats Lindberg (Biljard 1, Bowling 1)<\/p>\n<p><strong>1 premiering<\/strong><\/p>\n<p>Herr Magnus Sj\u00f6\u00f6 (Dart 1)<\/p>\n<p>Herr Peter J\u00f6nsson (Boule 1)<\/p>\n<p><span style=\"color: #00ccff;\">Herr Fredrik Ahlbertz (Dart 1)<\/span><\/p>\n<p>Herr Niklas Frost (Schack 1)<\/p>\n<p>Herr Per Jansson (Bordshockey 1)<\/p>\n","protected":false},"excerpt":{"rendered":"<p>Marathontabellen visar hur m\u00e5nga Klubbm\u00e4sterskap, premieringar, som de olika medlemmarna har vunnit under \u00e5rens lopp. Observera att \u00e4ven f\u00f6re detta medlemmar, som vunnit Klubbm\u00e4sterskap, finns med i tabellen. Dessa \u00e4r &hellip; <\/p>\n<p class=\"link-more\"><a href=\"https:\/\/www.herrklubbenexotica.se\/index.php\/marathontabell\/\" class=\"more-link\">Continue reading<span class=\"screen-reader-text\"> &#8220;Marathontabell&#8221;<\/span><\/a><\/p>\n","protected":false},"author":1,"featured_media":0,"parent":0,"menu_order":0,"comment_status":"closed","ping_status":"closed","template":"","meta":{"footnotes":""},"class_list":["post-46","page","type-page","status-publish","hentry"],"_links":{"self":[{"href":"https:\/\/www.herrklubbenexotica.se\/index.php\/wp-json\/wp\/v2\/pages\/46","targetHints":{"allow":["GET"]}}],"collection":[{"href":"https:\/\/www.herrklubbenexotica.se\/index.php\/wp-json\/wp\/v2\/pages"}],"about":[{"href":"https:\/\/www.herrklubbenexotica.se\/index.php\/wp-json\/wp\/v2\/types\/page"}],"author":[{"embeddable":true,"href":"https:\/\/www.herrklubbenexotica.se\/index.php\/wp-json\/wp\/v2\/users\/1"}],"replies":[{"embeddable":true,"href":"https:\/\/www.herrklubbenexotica.se\/index.php\/wp-json\/wp\/v2\/comments?post=46"}],"version-history":[{"count":4,"href":"https:\/\/www.herrklubbenexotica.se\/index.php\/wp-json\/wp\/v2\/pages\/46\/revisions"}],"predecessor-version":[{"id":1540,"href":"https:\/\/www.herrklubbenexotica.se\/index.php\/wp-json\/wp\/v2\/pages\/46\/revisions\/1540"}],"wp:attachment":[{"href":"https:\/\/www.herrklubbenexotica.se\/index.php\/wp-json\/wp\/v2\/media?parent=46"}],"curies":[{"name":"wp","href":"https:\/\/api.w.org\/{rel}","templated":true}]}}