{"id":80,"date":"2011-12-12T14:48:18","date_gmt":"2011-12-12T13:48:18","guid":{"rendered":"http:\/\/www.herrklubbenexotica.se\/index.php\/2005-2\/"},"modified":"2017-03-25T17:28:33","modified_gmt":"2017-03-25T16:28:33","slug":"2005-2","status":"publish","type":"page","link":"https:\/\/www.herrklubbenexotica.se\/index.php\/2005-2\/","title":{"rendered":"2005"},"content":{"rendered":"<p>Bordshockey och f\u00e4ktning. Dessutom genomf\u00f6rs b\u00e5de en ny \u00c4ventyrshelg och \u00d6resund Runt, version 2.0. Varje verksamhets\u00e5r inneh\u00e5ller nu tv\u00e5 stora, en p\u00e5 v\u00e5ren och en p\u00e5 h\u00f6sten, &#8220;happenings&#8221;.<\/p>\n<div id=\"envira-gallery-wrap-580\" class=\"envira-gallery-wrap envira-gallery-theme-base envira-lightbox-theme-base\" itemscope itemtype=\"https:\/\/schema.org\/ImageGallery\"><div data-row-height=\"150\" data-gallery-theme=\"normal\" id=\"envira-gallery-580\" class=\"envira-gallery-public envira-gallery-justified-public envira-gallery-0-columns envira-clear enviratope envira-gallery-css-animations\" data-envira-columns=\"0\"><div id=\"envira-gallery-item-581\" class=\"envira-gallery-item enviratope-item envira-gallery-item-1\" style=\"padding-left: 5px; padding-bottom: 10px; padding-right: 5px;\"  itemscope itemtype=\"https:\/\/schema.org\/ImageObject\"><div class=\"envira-gallery-item-inner\"><div class=\"envira-gallery-position-overlay  envira-gallery-top-left\"><\/div><div class=\"envira-gallery-position-overlay  envira-gallery-top-right\"><\/div><div class=\"envira-gallery-position-overlay  envira-gallery-bottom-left\"><\/div><div class=\"envira-gallery-position-overlay  envira-gallery-bottom-right\"><\/div><a href=\"http:\/\/www.herrklubbenexotica.se\/wp-content\/uploads\/2017\/03\/2005_001.jpg\" class=\"envira-gallery-580 envira-gallery-link\" rel=\"enviragallery580\" title=\"\" data-envira-caption=\"\" data-envira-retina=\"\" data-thumbnail=\"\"  itemprop=\"contentUrl\"><img decoding=\"async\" id=\"envira-gallery-image-581\" class=\"envira-gallery-image envira-gallery-image-1 envira-normal envira-lazy\" data-envira-index=\"1\" src=\"https:\/\/www.herrklubbenexotica.se\/wp-content\/uploads\/2017\/03\/2005_001-640x480.jpg\" data-envira-src=\"https:\/\/www.herrklubbenexotica.se\/wp-content\/uploads\/2017\/03\/2005_001-640x480.jpg\" data-envira-gallery-id=\"580\" data-envira-item-id=\"581\" data-envira-caption=\"\" alt=\"\" title=\"\"  itemprop=\"thumbnailUrl\" data-envira-srcset=\"https:\/\/www.herrklubbenexotica.se\/wp-content\/uploads\/2017\/03\/2005_001-640x480.jpg 400w,https:\/\/www.herrklubbenexotica.se\/wp-content\/uploads\/2017\/03\/2005_001-640x480.jpg 2x\" data-envira-width=\"300\" data-envira-height=\"205\" srcset=\"data:image\/gif;base64,R0lGODlhAQABAIAAAP\/\/\/\/\/\/\/yH5BAEKAAEALAAAAAABAAEAAAICTAEAOw==\" data-safe-src=\"data:image\/gif;base64,R0lGODlhAQABAIAAAP\/\/\/\/\/\/\/yH5BAEKAAEALAAAAAABAAEAAAICTAEAOw==\" \/><\/a><\/div><\/div><div id=\"envira-gallery-item-582\" class=\"envira-gallery-item enviratope-item envira-gallery-item-2\" style=\"padding-left: 5px; padding-bottom: 10px; padding-right: 5px;\"  itemscope itemtype=\"https:\/\/schema.org\/ImageObject\"><div class=\"envira-gallery-item-inner\"><div class=\"envira-gallery-position-overlay  envira-gallery-top-left\"><\/div><div class=\"envira-gallery-position-overlay  envira-gallery-top-right\"><\/div><div class=\"envira-gallery-position-overlay  envira-gallery-bottom-left\"><\/div><div class=\"envira-gallery-position-overlay  envira-gallery-bottom-right\"><\/div><a href=\"http:\/\/www.herrklubbenexotica.se\/wp-content\/uploads\/2017\/03\/2005_002.jpg\" class=\"envira-gallery-580 envira-gallery-link\" rel=\"enviragallery580\" title=\"\" data-envira-caption=\"\" data-envira-retina=\"\" data-thumbnail=\"\"  itemprop=\"contentUrl\"><img decoding=\"async\" id=\"envira-gallery-image-582\" class=\"envira-gallery-image envira-gallery-image-2 envira-normal envira-lazy\" data-envira-index=\"2\" src=\"https:\/\/www.herrklubbenexotica.se\/wp-content\/uploads\/2017\/03\/2005_002-640x480.jpg\" data-envira-src=\"https:\/\/www.herrklubbenexotica.se\/wp-content\/uploads\/2017\/03\/2005_002-640x480.jpg\" data-envira-gallery-id=\"580\" data-envira-item-id=\"582\" data-envira-caption=\"\" alt=\"\" title=\"\"  itemprop=\"thumbnailUrl\" data-envira-srcset=\"https:\/\/www.herrklubbenexotica.se\/wp-content\/uploads\/2017\/03\/2005_002-640x480.jpg 400w,https:\/\/www.herrklubbenexotica.se\/wp-content\/uploads\/2017\/03\/2005_002-640x480.jpg 2x\" data-envira-width=\"300\" data-envira-height=\"205\" srcset=\"data:image\/gif;base64,R0lGODlhAQABAIAAAP\/\/\/\/\/\/\/yH5BAEKAAEALAAAAAABAAEAAAICTAEAOw==\" data-safe-src=\"data:image\/gif;base64,R0lGODlhAQABAIAAAP\/\/\/\/\/\/\/yH5BAEKAAEALAAAAAABAAEAAAICTAEAOw==\" \/><\/a><\/div><\/div><div id=\"envira-gallery-item-583\" class=\"envira-gallery-item enviratope-item envira-gallery-item-3\" style=\"padding-left: 5px; padding-bottom: 10px; padding-right: 5px;\"  itemscope itemtype=\"https:\/\/schema.org\/ImageObject\"><div class=\"envira-gallery-item-inner\"><div class=\"envira-gallery-position-overlay  envira-gallery-top-left\"><\/div><div class=\"envira-gallery-position-overlay  envira-gallery-top-right\"><\/div><div class=\"envira-gallery-position-overlay  envira-gallery-bottom-left\"><\/div><div class=\"envira-gallery-position-overlay  envira-gallery-bottom-right\"><\/div><a href=\"http:\/\/www.herrklubbenexotica.se\/wp-content\/uploads\/2017\/03\/2005_003.jpg\" class=\"envira-gallery-580 envira-gallery-link\" rel=\"enviragallery580\" title=\"\" data-envira-caption=\"\" data-envira-retina=\"\" data-thumbnail=\"\"  itemprop=\"contentUrl\"><img decoding=\"async\" id=\"envira-gallery-image-583\" class=\"envira-gallery-image envira-gallery-image-3 envira-normal envira-lazy\" data-envira-index=\"3\" src=\"https:\/\/www.herrklubbenexotica.se\/wp-content\/uploads\/2017\/03\/2005_003-640x480.jpg\" data-envira-src=\"https:\/\/www.herrklubbenexotica.se\/wp-content\/uploads\/2017\/03\/2005_003-640x480.jpg\" data-envira-gallery-id=\"580\" data-envira-item-id=\"583\" data-envira-caption=\"\" alt=\"\" title=\"\"  itemprop=\"thumbnailUrl\" data-envira-srcset=\"https:\/\/www.herrklubbenexotica.se\/wp-content\/uploads\/2017\/03\/2005_003-640x480.jpg 400w,https:\/\/www.herrklubbenexotica.se\/wp-content\/uploads\/2017\/03\/2005_003-640x480.jpg 2x\" data-envira-width=\"300\" data-envira-height=\"205\" srcset=\"data:image\/gif;base64,R0lGODlhAQABAIAAAP\/\/\/\/\/\/\/yH5BAEKAAEALAAAAAABAAEAAAICTAEAOw==\" data-safe-src=\"data:image\/gif;base64,R0lGODlhAQABAIAAAP\/\/\/\/\/\/\/yH5BAEKAAEALAAAAAABAAEAAAICTAEAOw==\" \/><\/a><\/div><\/div><\/div><\/div><noscript><img decoding=\"async\" src=\"https:\/\/www.herrklubbenexotica.se\/wp-content\/uploads\/2017\/03\/2005_001.jpg\" alt=\"\" \/><img decoding=\"async\" src=\"https:\/\/www.herrklubbenexotica.se\/wp-content\/uploads\/2017\/03\/2005_002.jpg\" alt=\"\" \/><img decoding=\"async\" src=\"https:\/\/www.herrklubbenexotica.se\/wp-content\/uploads\/2017\/03\/2005_003.jpg\" alt=\"\" \/><\/noscript>\n","protected":false},"excerpt":{"rendered":"<p>Bordshockey och f\u00e4ktning. Dessutom genomf\u00f6rs b\u00e5de en ny \u00c4ventyrshelg och \u00d6resund Runt, version 2.0. Varje verksamhets\u00e5r inneh\u00e5ller nu tv\u00e5 stora, en p\u00e5 v\u00e5ren och en p\u00e5 h\u00f6sten, &#8220;happenings&#8221;.<\/p>\n","protected":false},"author":1,"featured_media":0,"parent":0,"menu_order":23,"comment_status":"closed","ping_status":"closed","template":"","meta":{"footnotes":""},"class_list":["post-80","page","type-page","status-publish","hentry"],"_links":{"self":[{"href":"https:\/\/www.herrklubbenexotica.se\/index.php\/wp-json\/wp\/v2\/pages\/80","targetHints":{"allow":["GET"]}}],"collection":[{"href":"https:\/\/www.herrklubbenexotica.se\/index.php\/wp-json\/wp\/v2\/pages"}],"about":[{"href":"https:\/\/www.herrklubbenexotica.se\/index.php\/wp-json\/wp\/v2\/types\/page"}],"author":[{"embeddable":true,"href":"https:\/\/www.herrklubbenexotica.se\/index.php\/wp-json\/wp\/v2\/users\/1"}],"replies":[{"embeddable":true,"href":"https:\/\/www.herrklubbenexotica.se\/index.php\/wp-json\/wp\/v2\/comments?post=80"}],"version-history":[{"count":2,"href":"https:\/\/www.herrklubbenexotica.se\/index.php\/wp-json\/wp\/v2\/pages\/80\/revisions"}],"predecessor-version":[{"id":584,"href":"https:\/\/www.herrklubbenexotica.se\/index.php\/wp-json\/wp\/v2\/pages\/80\/revisions\/584"}],"wp:attachment":[{"href":"https:\/\/www.herrklubbenexotica.se\/index.php\/wp-json\/wp\/v2\/media?parent=80"}],"curies":[{"name":"wp","href":"https:\/\/api.w.org\/{rel}","templated":true}]}}