{"id":90,"date":"2011-12-12T14:46:26","date_gmt":"2011-12-12T13:46:26","guid":{"rendered":"http:\/\/www.herrklubbenexotica.se\/index.php\/2003-2\/"},"modified":"2017-03-25T17:25:42","modified_gmt":"2017-03-25T16:25:42","slug":"2003-2","status":"publish","type":"page","link":"https:\/\/www.herrklubbenexotica.se\/index.php\/2003-2\/","title":{"rendered":"2003"},"content":{"rendered":"<p>4 helr\u00f6r whiskey, en str\u00e5lande glad Herr Lindberg och Herr Hallgren med skjutvapen &#8211; l\u00e5ter som en b\u00e5de m\u00e4rklig och ol\u00e4mplig kombination.<\/p>\n<div id=\"envira-gallery-wrap-536\" class=\"envira-gallery-wrap envira-gallery-theme-base envira-lightbox-theme-base\" itemscope itemtype=\"https:\/\/schema.org\/ImageGallery\"><div data-row-height=\"150\" data-gallery-theme=\"normal\" id=\"envira-gallery-536\" class=\"envira-gallery-public envira-gallery-justified-public envira-gallery-0-columns envira-clear enviratope envira-gallery-css-animations\" data-envira-columns=\"0\"><div id=\"envira-gallery-item-537\" class=\"envira-gallery-item enviratope-item envira-gallery-item-1\" style=\"padding-left: 5px; padding-bottom: 10px; padding-right: 5px;\"  itemscope itemtype=\"https:\/\/schema.org\/ImageObject\"><div class=\"envira-gallery-item-inner\"><div class=\"envira-gallery-position-overlay  envira-gallery-top-left\"><\/div><div class=\"envira-gallery-position-overlay  envira-gallery-top-right\"><\/div><div class=\"envira-gallery-position-overlay  envira-gallery-bottom-left\"><\/div><div class=\"envira-gallery-position-overlay  envira-gallery-bottom-right\"><\/div><a href=\"http:\/\/www.herrklubbenexotica.se\/wp-content\/uploads\/2017\/03\/2003_001.jpg\" class=\"envira-gallery-536 envira-gallery-link\" rel=\"enviragallery536\" title=\"Klubbm&auml;sterskap i bordshockey\" data-envira-caption=\"Klubbm&auml;sterskap i bordshockey\" data-envira-retina=\"\" data-thumbnail=\"\"  itemprop=\"contentUrl\"><img decoding=\"async\" id=\"envira-gallery-image-537\" class=\"envira-gallery-image envira-gallery-image-1 envira-normal envira-lazy\" data-envira-index=\"1\" src=\"https:\/\/www.herrklubbenexotica.se\/wp-content\/uploads\/2017\/03\/2003_001-640x480.jpg\" data-envira-src=\"https:\/\/www.herrklubbenexotica.se\/wp-content\/uploads\/2017\/03\/2003_001-640x480.jpg\" data-envira-gallery-id=\"536\" data-envira-item-id=\"537\" data-envira-caption=\"Klubbm&auml;sterskap i bordshockey\" alt=\"Klubbm\u00e4sterskap i bordshockey\" title=\"Klubbm\u00e4sterskap i bordshockey\"  itemprop=\"thumbnailUrl\" data-envira-srcset=\"https:\/\/www.herrklubbenexotica.se\/wp-content\/uploads\/2017\/03\/2003_001-640x480.jpg 400w,https:\/\/www.herrklubbenexotica.se\/wp-content\/uploads\/2017\/03\/2003_001-640x480.jpg 2x\" data-envira-width=\"300\" data-envira-height=\"205\" srcset=\"data:image\/gif;base64,R0lGODlhAQABAIAAAP\/\/\/\/\/\/\/yH5BAEKAAEALAAAAAABAAEAAAICTAEAOw==\" data-safe-src=\"data:image\/gif;base64,R0lGODlhAQABAIAAAP\/\/\/\/\/\/\/yH5BAEKAAEALAAAAAABAAEAAAICTAEAOw==\" \/><\/a><\/div><\/div><div id=\"envira-gallery-item-538\" class=\"envira-gallery-item enviratope-item envira-gallery-item-2\" style=\"padding-left: 5px; padding-bottom: 10px; padding-right: 5px;\"  itemscope itemtype=\"https:\/\/schema.org\/ImageObject\"><div class=\"envira-gallery-item-inner\"><div class=\"envira-gallery-position-overlay  envira-gallery-top-left\"><\/div><div class=\"envira-gallery-position-overlay  envira-gallery-top-right\"><\/div><div class=\"envira-gallery-position-overlay  envira-gallery-bottom-left\"><\/div><div class=\"envira-gallery-position-overlay  envira-gallery-bottom-right\"><\/div><a href=\"http:\/\/www.herrklubbenexotica.se\/wp-content\/uploads\/2017\/03\/2003_002.jpg\" class=\"envira-gallery-536 envira-gallery-link\" rel=\"enviragallery536\" title=\"Klubbm&auml;sterskap i bordshockey\" data-envira-caption=\"Klubbm&auml;sterskap i bordshockey\" data-envira-retina=\"\" data-thumbnail=\"\"  itemprop=\"contentUrl\"><img decoding=\"async\" id=\"envira-gallery-image-538\" class=\"envira-gallery-image envira-gallery-image-2 envira-normal envira-lazy\" data-envira-index=\"2\" src=\"https:\/\/www.herrklubbenexotica.se\/wp-content\/uploads\/2017\/03\/2003_002-640x480.jpg\" data-envira-src=\"https:\/\/www.herrklubbenexotica.se\/wp-content\/uploads\/2017\/03\/2003_002-640x480.jpg\" data-envira-gallery-id=\"536\" data-envira-item-id=\"538\" data-envira-caption=\"Klubbm&auml;sterskap i bordshockey\" alt=\"Klubbm\u00e4sterskap i bordshockey\" title=\"Klubbm\u00e4sterskap i bordshockey\"  itemprop=\"thumbnailUrl\" data-envira-srcset=\"https:\/\/www.herrklubbenexotica.se\/wp-content\/uploads\/2017\/03\/2003_002-640x480.jpg 400w,https:\/\/www.herrklubbenexotica.se\/wp-content\/uploads\/2017\/03\/2003_002-640x480.jpg 2x\" data-envira-width=\"300\" data-envira-height=\"205\" srcset=\"data:image\/gif;base64,R0lGODlhAQABAIAAAP\/\/\/\/\/\/\/yH5BAEKAAEALAAAAAABAAEAAAICTAEAOw==\" data-safe-src=\"data:image\/gif;base64,R0lGODlhAQABAIAAAP\/\/\/\/\/\/\/yH5BAEKAAEALAAAAAABAAEAAAICTAEAOw==\" \/><\/a><\/div><\/div><div id=\"envira-gallery-item-539\" class=\"envira-gallery-item enviratope-item envira-gallery-item-3\" style=\"padding-left: 5px; padding-bottom: 10px; padding-right: 5px;\"  itemscope itemtype=\"https:\/\/schema.org\/ImageObject\"><div class=\"envira-gallery-item-inner\"><div class=\"envira-gallery-position-overlay  envira-gallery-top-left\"><\/div><div class=\"envira-gallery-position-overlay  envira-gallery-top-right\"><\/div><div class=\"envira-gallery-position-overlay  envira-gallery-bottom-left\"><\/div><div class=\"envira-gallery-position-overlay  envira-gallery-bottom-right\"><\/div><a href=\"http:\/\/www.herrklubbenexotica.se\/wp-content\/uploads\/2017\/03\/2003_003.jpg\" class=\"envira-gallery-536 envira-gallery-link\" rel=\"enviragallery536\" title=\"Whiskyprovning\" data-envira-caption=\"Whiskyprovning\" data-envira-retina=\"\" data-thumbnail=\"\"  itemprop=\"contentUrl\"><img decoding=\"async\" id=\"envira-gallery-image-539\" class=\"envira-gallery-image envira-gallery-image-3 envira-normal envira-lazy\" data-envira-index=\"3\" src=\"https:\/\/www.herrklubbenexotica.se\/wp-content\/uploads\/2017\/03\/2003_003-640x480.jpg\" data-envira-src=\"https:\/\/www.herrklubbenexotica.se\/wp-content\/uploads\/2017\/03\/2003_003-640x480.jpg\" data-envira-gallery-id=\"536\" data-envira-item-id=\"539\" data-envira-caption=\"Whiskyprovning\" alt=\"Whiskyprovning\" title=\"Whiskyprovning\"  itemprop=\"thumbnailUrl\" data-envira-srcset=\"https:\/\/www.herrklubbenexotica.se\/wp-content\/uploads\/2017\/03\/2003_003-640x480.jpg 400w,https:\/\/www.herrklubbenexotica.se\/wp-content\/uploads\/2017\/03\/2003_003-640x480.jpg 2x\" data-envira-width=\"300\" data-envira-height=\"205\" srcset=\"data:image\/gif;base64,R0lGODlhAQABAIAAAP\/\/\/\/\/\/\/yH5BAEKAAEALAAAAAABAAEAAAICTAEAOw==\" data-safe-src=\"data:image\/gif;base64,R0lGODlhAQABAIAAAP\/\/\/\/\/\/\/yH5BAEKAAEALAAAAAABAAEAAAICTAEAOw==\" \/><\/a><\/div><\/div><div id=\"envira-gallery-item-540\" class=\"envira-gallery-item enviratope-item envira-gallery-item-4\" style=\"padding-left: 5px; padding-bottom: 10px; padding-right: 5px;\"  itemscope itemtype=\"https:\/\/schema.org\/ImageObject\"><div class=\"envira-gallery-item-inner\"><div class=\"envira-gallery-position-overlay  envira-gallery-top-left\"><\/div><div class=\"envira-gallery-position-overlay  envira-gallery-top-right\"><\/div><div class=\"envira-gallery-position-overlay  envira-gallery-bottom-left\"><\/div><div class=\"envira-gallery-position-overlay  envira-gallery-bottom-right\"><\/div><a href=\"http:\/\/www.herrklubbenexotica.se\/wp-content\/uploads\/2017\/03\/2003_004.jpg\" class=\"envira-gallery-536 envira-gallery-link\" rel=\"enviragallery536\" title=\"Whiskyprovning\" data-envira-caption=\"Whiskyprovning\" data-envira-retina=\"\" data-thumbnail=\"\"  itemprop=\"contentUrl\"><img decoding=\"async\" id=\"envira-gallery-image-540\" class=\"envira-gallery-image envira-gallery-image-4 envira-normal envira-lazy\" data-envira-index=\"4\" src=\"https:\/\/www.herrklubbenexotica.se\/wp-content\/uploads\/2017\/03\/2003_004-640x480.jpg\" data-envira-src=\"https:\/\/www.herrklubbenexotica.se\/wp-content\/uploads\/2017\/03\/2003_004-640x480.jpg\" data-envira-gallery-id=\"536\" data-envira-item-id=\"540\" data-envira-caption=\"Whiskyprovning\" alt=\"Whiskyprovning\" title=\"Whiskyprovning\"  itemprop=\"thumbnailUrl\" data-envira-srcset=\"https:\/\/www.herrklubbenexotica.se\/wp-content\/uploads\/2017\/03\/2003_004-640x480.jpg 400w,https:\/\/www.herrklubbenexotica.se\/wp-content\/uploads\/2017\/03\/2003_004-640x480.jpg 2x\" data-envira-width=\"300\" data-envira-height=\"205\" srcset=\"data:image\/gif;base64,R0lGODlhAQABAIAAAP\/\/\/\/\/\/\/yH5BAEKAAEALAAAAAABAAEAAAICTAEAOw==\" data-safe-src=\"data:image\/gif;base64,R0lGODlhAQABAIAAAP\/\/\/\/\/\/\/yH5BAEKAAEALAAAAAABAAEAAAICTAEAOw==\" \/><\/a><\/div><\/div><\/div><\/div><noscript><img decoding=\"async\" src=\"https:\/\/www.herrklubbenexotica.se\/wp-content\/uploads\/2017\/03\/2003_001.jpg\" alt=\"Klubbm\u00e4sterskap i bordshockey\" \/><img decoding=\"async\" src=\"https:\/\/www.herrklubbenexotica.se\/wp-content\/uploads\/2017\/03\/2003_002.jpg\" alt=\"Klubbm\u00e4sterskap i bordshockey\" \/><img decoding=\"async\" src=\"https:\/\/www.herrklubbenexotica.se\/wp-content\/uploads\/2017\/03\/2003_003.jpg\" alt=\"Whiskyprovning\" \/><img decoding=\"async\" src=\"https:\/\/www.herrklubbenexotica.se\/wp-content\/uploads\/2017\/03\/2003_004.jpg\" alt=\"Whiskyprovning\" \/><\/noscript>\n","protected":false},"excerpt":{"rendered":"<p>4 helr\u00f6r whiskey, en str\u00e5lande glad Herr Lindberg och Herr Hallgren med skjutvapen &#8211; l\u00e5ter som en b\u00e5de m\u00e4rklig och ol\u00e4mplig kombination.<\/p>\n","protected":false},"author":1,"featured_media":0,"parent":0,"menu_order":28,"comment_status":"closed","ping_status":"closed","template":"","meta":{"footnotes":""},"class_list":["post-90","page","type-page","status-publish","hentry"],"_links":{"self":[{"href":"https:\/\/www.herrklubbenexotica.se\/index.php\/wp-json\/wp\/v2\/pages\/90","targetHints":{"allow":["GET"]}}],"collection":[{"href":"https:\/\/www.herrklubbenexotica.se\/index.php\/wp-json\/wp\/v2\/pages"}],"about":[{"href":"https:\/\/www.herrklubbenexotica.se\/index.php\/wp-json\/wp\/v2\/types\/page"}],"author":[{"embeddable":true,"href":"https:\/\/www.herrklubbenexotica.se\/index.php\/wp-json\/wp\/v2\/users\/1"}],"replies":[{"embeddable":true,"href":"https:\/\/www.herrklubbenexotica.se\/index.php\/wp-json\/wp\/v2\/comments?post=90"}],"version-history":[{"count":2,"href":"https:\/\/www.herrklubbenexotica.se\/index.php\/wp-json\/wp\/v2\/pages\/90\/revisions"}],"predecessor-version":[{"id":541,"href":"https:\/\/www.herrklubbenexotica.se\/index.php\/wp-json\/wp\/v2\/pages\/90\/revisions\/541"}],"wp:attachment":[{"href":"https:\/\/www.herrklubbenexotica.se\/index.php\/wp-json\/wp\/v2\/media?parent=90"}],"curies":[{"name":"wp","href":"https:\/\/api.w.org\/{rel}","templated":true}]}}