{"id":92,"date":"2011-12-12T14:46:04","date_gmt":"2011-12-12T13:46:04","guid":{"rendered":"http:\/\/www.herrklubbenexotica.se\/index.php\/oresundrunt\/"},"modified":"2017-03-25T17:24:55","modified_gmt":"2017-03-25T16:24:55","slug":"oresundrunt","status":"publish","type":"page","link":"https:\/\/www.herrklubbenexotica.se\/index.php\/oresundrunt\/","title":{"rendered":"&Ouml;resund Runt 2003"},"content":{"rendered":"<p>En HH-b\u00e5t, en borg, en krog, ett tivoli, en k\u00e4llare och n\u00e5gra figurer med p\u00e4lsm\u00f6ssa &#8211; ungef\u00e4r s\u00e5 blir det n\u00e4r Herrklubben \u00e5ker \u00d6resund Runt.<\/p>\n<div id=\"envira-gallery-wrap-522\" class=\"envira-gallery-wrap envira-gallery-theme-base envira-lightbox-theme-base\" itemscope itemtype=\"https:\/\/schema.org\/ImageGallery\"><div data-row-height=\"150\" data-gallery-theme=\"normal\" id=\"envira-gallery-522\" class=\"envira-gallery-public envira-gallery-justified-public envira-gallery-0-columns envira-clear enviratope envira-gallery-css-animations\" data-envira-columns=\"0\"><div id=\"envira-gallery-item-523\" class=\"envira-gallery-item enviratope-item envira-gallery-item-1\" style=\"padding-left: 5px; padding-bottom: 10px; padding-right: 5px;\"  itemscope itemtype=\"https:\/\/schema.org\/ImageObject\"><div class=\"envira-gallery-item-inner\"><div class=\"envira-gallery-position-overlay  envira-gallery-top-left\"><\/div><div class=\"envira-gallery-position-overlay  envira-gallery-top-right\"><\/div><div class=\"envira-gallery-position-overlay  envira-gallery-bottom-left\"><\/div><div class=\"envira-gallery-position-overlay  envira-gallery-bottom-right\"><\/div><a href=\"http:\/\/www.herrklubbenexotica.se\/wp-content\/uploads\/2017\/03\/oresundrunt_001.jpg\" class=\"envira-gallery-522 envira-gallery-link\" rel=\"enviragallery522\" title=\"\" data-envira-caption=\"\" data-envira-retina=\"\" data-thumbnail=\"\"  itemprop=\"contentUrl\"><img decoding=\"async\" id=\"envira-gallery-image-523\" class=\"envira-gallery-image envira-gallery-image-1 envira-normal envira-lazy\" data-envira-index=\"1\" src=\"https:\/\/www.herrklubbenexotica.se\/wp-content\/uploads\/2017\/03\/oresundrunt_001-640x480.jpg\" data-envira-src=\"https:\/\/www.herrklubbenexotica.se\/wp-content\/uploads\/2017\/03\/oresundrunt_001-640x480.jpg\" data-envira-gallery-id=\"522\" data-envira-item-id=\"523\" data-envira-caption=\"\" alt=\"\" title=\"\"  itemprop=\"thumbnailUrl\" data-envira-srcset=\"https:\/\/www.herrklubbenexotica.se\/wp-content\/uploads\/2017\/03\/oresundrunt_001-640x480.jpg 400w,https:\/\/www.herrklubbenexotica.se\/wp-content\/uploads\/2017\/03\/oresundrunt_001-640x480.jpg 2x\" data-envira-width=\"300\" data-envira-height=\"205\" srcset=\"data:image\/gif;base64,R0lGODlhAQABAIAAAP\/\/\/\/\/\/\/yH5BAEKAAEALAAAAAABAAEAAAICTAEAOw==\" data-safe-src=\"data:image\/gif;base64,R0lGODlhAQABAIAAAP\/\/\/\/\/\/\/yH5BAEKAAEALAAAAAABAAEAAAICTAEAOw==\" \/><\/a><\/div><\/div><div id=\"envira-gallery-item-524\" class=\"envira-gallery-item enviratope-item envira-gallery-item-2\" style=\"padding-left: 5px; padding-bottom: 10px; padding-right: 5px;\"  itemscope itemtype=\"https:\/\/schema.org\/ImageObject\"><div class=\"envira-gallery-item-inner\"><div class=\"envira-gallery-position-overlay  envira-gallery-top-left\"><\/div><div class=\"envira-gallery-position-overlay  envira-gallery-top-right\"><\/div><div class=\"envira-gallery-position-overlay  envira-gallery-bottom-left\"><\/div><div class=\"envira-gallery-position-overlay  envira-gallery-bottom-right\"><\/div><a href=\"http:\/\/www.herrklubbenexotica.se\/wp-content\/uploads\/2017\/03\/oresundrunt_002.jpg\" class=\"envira-gallery-522 envira-gallery-link\" rel=\"enviragallery522\" title=\"\" data-envira-caption=\"\" data-envira-retina=\"\" data-thumbnail=\"\"  itemprop=\"contentUrl\"><img decoding=\"async\" id=\"envira-gallery-image-524\" class=\"envira-gallery-image envira-gallery-image-2 envira-normal envira-lazy\" data-envira-index=\"2\" src=\"https:\/\/www.herrklubbenexotica.se\/wp-content\/uploads\/2017\/03\/oresundrunt_002-640x480.jpg\" data-envira-src=\"https:\/\/www.herrklubbenexotica.se\/wp-content\/uploads\/2017\/03\/oresundrunt_002-640x480.jpg\" data-envira-gallery-id=\"522\" data-envira-item-id=\"524\" data-envira-caption=\"\" alt=\"\" title=\"\"  itemprop=\"thumbnailUrl\" data-envira-srcset=\"https:\/\/www.herrklubbenexotica.se\/wp-content\/uploads\/2017\/03\/oresundrunt_002-640x480.jpg 400w,https:\/\/www.herrklubbenexotica.se\/wp-content\/uploads\/2017\/03\/oresundrunt_002-640x480.jpg 2x\" data-envira-width=\"300\" data-envira-height=\"205\" srcset=\"data:image\/gif;base64,R0lGODlhAQABAIAAAP\/\/\/\/\/\/\/yH5BAEKAAEALAAAAAABAAEAAAICTAEAOw==\" data-safe-src=\"data:image\/gif;base64,R0lGODlhAQABAIAAAP\/\/\/\/\/\/\/yH5BAEKAAEALAAAAAABAAEAAAICTAEAOw==\" \/><\/a><\/div><\/div><div id=\"envira-gallery-item-525\" class=\"envira-gallery-item enviratope-item envira-gallery-item-3\" style=\"padding-left: 5px; padding-bottom: 10px; padding-right: 5px;\"  itemscope itemtype=\"https:\/\/schema.org\/ImageObject\"><div class=\"envira-gallery-item-inner\"><div class=\"envira-gallery-position-overlay  envira-gallery-top-left\"><\/div><div class=\"envira-gallery-position-overlay  envira-gallery-top-right\"><\/div><div class=\"envira-gallery-position-overlay  envira-gallery-bottom-left\"><\/div><div class=\"envira-gallery-position-overlay  envira-gallery-bottom-right\"><\/div><a href=\"http:\/\/www.herrklubbenexotica.se\/wp-content\/uploads\/2017\/03\/oresundrunt_003.jpg\" class=\"envira-gallery-522 envira-gallery-link\" rel=\"enviragallery522\" title=\"\" data-envira-caption=\"\" data-envira-retina=\"\" data-thumbnail=\"\"  itemprop=\"contentUrl\"><img decoding=\"async\" id=\"envira-gallery-image-525\" class=\"envira-gallery-image envira-gallery-image-3 envira-normal envira-lazy\" data-envira-index=\"3\" src=\"https:\/\/www.herrklubbenexotica.se\/wp-content\/uploads\/2017\/03\/oresundrunt_003-640x480.jpg\" data-envira-src=\"https:\/\/www.herrklubbenexotica.se\/wp-content\/uploads\/2017\/03\/oresundrunt_003-640x480.jpg\" data-envira-gallery-id=\"522\" data-envira-item-id=\"525\" data-envira-caption=\"\" alt=\"\" title=\"\"  itemprop=\"thumbnailUrl\" data-envira-srcset=\"https:\/\/www.herrklubbenexotica.se\/wp-content\/uploads\/2017\/03\/oresundrunt_003-640x480.jpg 400w,https:\/\/www.herrklubbenexotica.se\/wp-content\/uploads\/2017\/03\/oresundrunt_003-640x480.jpg 2x\" data-envira-width=\"300\" data-envira-height=\"205\" srcset=\"data:image\/gif;base64,R0lGODlhAQABAIAAAP\/\/\/\/\/\/\/yH5BAEKAAEALAAAAAABAAEAAAICTAEAOw==\" data-safe-src=\"data:image\/gif;base64,R0lGODlhAQABAIAAAP\/\/\/\/\/\/\/yH5BAEKAAEALAAAAAABAAEAAAICTAEAOw==\" \/><\/a><\/div><\/div><div id=\"envira-gallery-item-526\" class=\"envira-gallery-item enviratope-item envira-gallery-item-4\" style=\"padding-left: 5px; padding-bottom: 10px; padding-right: 5px;\"  itemscope itemtype=\"https:\/\/schema.org\/ImageObject\"><div class=\"envira-gallery-item-inner\"><div class=\"envira-gallery-position-overlay  envira-gallery-top-left\"><\/div><div class=\"envira-gallery-position-overlay  envira-gallery-top-right\"><\/div><div class=\"envira-gallery-position-overlay  envira-gallery-bottom-left\"><\/div><div class=\"envira-gallery-position-overlay  envira-gallery-bottom-right\"><\/div><a href=\"http:\/\/www.herrklubbenexotica.se\/wp-content\/uploads\/2017\/03\/oresundrunt_004.jpg\" class=\"envira-gallery-522 envira-gallery-link\" rel=\"enviragallery522\" title=\"\" data-envira-caption=\"\" data-envira-retina=\"\" data-thumbnail=\"\"  itemprop=\"contentUrl\"><img decoding=\"async\" id=\"envira-gallery-image-526\" class=\"envira-gallery-image envira-gallery-image-4 envira-normal envira-lazy\" data-envira-index=\"4\" src=\"https:\/\/www.herrklubbenexotica.se\/wp-content\/uploads\/2017\/03\/oresundrunt_004-640x480.jpg\" data-envira-src=\"https:\/\/www.herrklubbenexotica.se\/wp-content\/uploads\/2017\/03\/oresundrunt_004-640x480.jpg\" data-envira-gallery-id=\"522\" data-envira-item-id=\"526\" data-envira-caption=\"\" alt=\"\" title=\"\"  itemprop=\"thumbnailUrl\" data-envira-srcset=\"https:\/\/www.herrklubbenexotica.se\/wp-content\/uploads\/2017\/03\/oresundrunt_004-640x480.jpg 400w,https:\/\/www.herrklubbenexotica.se\/wp-content\/uploads\/2017\/03\/oresundrunt_004-640x480.jpg 2x\" data-envira-width=\"300\" data-envira-height=\"205\" srcset=\"data:image\/gif;base64,R0lGODlhAQABAIAAAP\/\/\/\/\/\/\/yH5BAEKAAEALAAAAAABAAEAAAICTAEAOw==\" data-safe-src=\"data:image\/gif;base64,R0lGODlhAQABAIAAAP\/\/\/\/\/\/\/yH5BAEKAAEALAAAAAABAAEAAAICTAEAOw==\" \/><\/a><\/div><\/div><div id=\"envira-gallery-item-527\" class=\"envira-gallery-item enviratope-item envira-gallery-item-5\" style=\"padding-left: 5px; padding-bottom: 10px; padding-right: 5px;\"  itemscope itemtype=\"https:\/\/schema.org\/ImageObject\"><div class=\"envira-gallery-item-inner\"><div class=\"envira-gallery-position-overlay  envira-gallery-top-left\"><\/div><div class=\"envira-gallery-position-overlay  envira-gallery-top-right\"><\/div><div class=\"envira-gallery-position-overlay  envira-gallery-bottom-left\"><\/div><div class=\"envira-gallery-position-overlay  envira-gallery-bottom-right\"><\/div><a href=\"http:\/\/www.herrklubbenexotica.se\/wp-content\/uploads\/2017\/03\/oresundrunt_005.jpg\" class=\"envira-gallery-522 envira-gallery-link\" rel=\"enviragallery522\" title=\"\" data-envira-caption=\"\" data-envira-retina=\"\" data-thumbnail=\"\"  itemprop=\"contentUrl\"><img decoding=\"async\" id=\"envira-gallery-image-527\" class=\"envira-gallery-image envira-gallery-image-5 envira-normal envira-lazy\" data-envira-index=\"5\" src=\"https:\/\/www.herrklubbenexotica.se\/wp-content\/uploads\/2017\/03\/oresundrunt_005-640x480.jpg\" data-envira-src=\"https:\/\/www.herrklubbenexotica.se\/wp-content\/uploads\/2017\/03\/oresundrunt_005-640x480.jpg\" data-envira-gallery-id=\"522\" data-envira-item-id=\"527\" data-envira-caption=\"\" alt=\"\" title=\"\"  itemprop=\"thumbnailUrl\" data-envira-srcset=\"https:\/\/www.herrklubbenexotica.se\/wp-content\/uploads\/2017\/03\/oresundrunt_005-640x480.jpg 400w,https:\/\/www.herrklubbenexotica.se\/wp-content\/uploads\/2017\/03\/oresundrunt_005-640x480.jpg 2x\" data-envira-width=\"300\" data-envira-height=\"205\" srcset=\"data:image\/gif;base64,R0lGODlhAQABAIAAAP\/\/\/\/\/\/\/yH5BAEKAAEALAAAAAABAAEAAAICTAEAOw==\" data-safe-src=\"data:image\/gif;base64,R0lGODlhAQABAIAAAP\/\/\/\/\/\/\/yH5BAEKAAEALAAAAAABAAEAAAICTAEAOw==\" \/><\/a><\/div><\/div><div id=\"envira-gallery-item-528\" class=\"envira-gallery-item enviratope-item envira-gallery-item-6\" style=\"padding-left: 5px; padding-bottom: 10px; padding-right: 5px;\"  itemscope itemtype=\"https:\/\/schema.org\/ImageObject\"><div class=\"envira-gallery-item-inner\"><div class=\"envira-gallery-position-overlay  envira-gallery-top-left\"><\/div><div class=\"envira-gallery-position-overlay  envira-gallery-top-right\"><\/div><div class=\"envira-gallery-position-overlay  envira-gallery-bottom-left\"><\/div><div class=\"envira-gallery-position-overlay  envira-gallery-bottom-right\"><\/div><a href=\"http:\/\/www.herrklubbenexotica.se\/wp-content\/uploads\/2017\/03\/oresundrunt_006.jpg\" class=\"envira-gallery-522 envira-gallery-link\" rel=\"enviragallery522\" title=\"\" data-envira-caption=\"\" data-envira-retina=\"\" data-thumbnail=\"\"  itemprop=\"contentUrl\"><img decoding=\"async\" id=\"envira-gallery-image-528\" class=\"envira-gallery-image envira-gallery-image-6 envira-normal envira-lazy\" data-envira-index=\"6\" src=\"https:\/\/www.herrklubbenexotica.se\/wp-content\/uploads\/2017\/03\/oresundrunt_006-640x480.jpg\" data-envira-src=\"https:\/\/www.herrklubbenexotica.se\/wp-content\/uploads\/2017\/03\/oresundrunt_006-640x480.jpg\" data-envira-gallery-id=\"522\" data-envira-item-id=\"528\" data-envira-caption=\"\" alt=\"\" title=\"\"  itemprop=\"thumbnailUrl\" data-envira-srcset=\"https:\/\/www.herrklubbenexotica.se\/wp-content\/uploads\/2017\/03\/oresundrunt_006-640x480.jpg 400w,https:\/\/www.herrklubbenexotica.se\/wp-content\/uploads\/2017\/03\/oresundrunt_006-640x480.jpg 2x\" data-envira-width=\"300\" data-envira-height=\"205\" srcset=\"data:image\/gif;base64,R0lGODlhAQABAIAAAP\/\/\/\/\/\/\/yH5BAEKAAEALAAAAAABAAEAAAICTAEAOw==\" data-safe-src=\"data:image\/gif;base64,R0lGODlhAQABAIAAAP\/\/\/\/\/\/\/yH5BAEKAAEALAAAAAABAAEAAAICTAEAOw==\" \/><\/a><\/div><\/div><div id=\"envira-gallery-item-529\" class=\"envira-gallery-item enviratope-item envira-gallery-item-7\" style=\"padding-left: 5px; padding-bottom: 10px; padding-right: 5px;\"  itemscope itemtype=\"https:\/\/schema.org\/ImageObject\"><div class=\"envira-gallery-item-inner\"><div class=\"envira-gallery-position-overlay  envira-gallery-top-left\"><\/div><div class=\"envira-gallery-position-overlay  envira-gallery-top-right\"><\/div><div class=\"envira-gallery-position-overlay  envira-gallery-bottom-left\"><\/div><div class=\"envira-gallery-position-overlay  envira-gallery-bottom-right\"><\/div><a href=\"http:\/\/www.herrklubbenexotica.se\/wp-content\/uploads\/2017\/03\/oresundrunt_007.jpg\" class=\"envira-gallery-522 envira-gallery-link\" rel=\"enviragallery522\" title=\"\" data-envira-caption=\"\" data-envira-retina=\"\" data-thumbnail=\"\"  itemprop=\"contentUrl\"><img decoding=\"async\" id=\"envira-gallery-image-529\" class=\"envira-gallery-image envira-gallery-image-7 envira-normal envira-lazy\" data-envira-index=\"7\" src=\"https:\/\/www.herrklubbenexotica.se\/wp-content\/uploads\/2017\/03\/oresundrunt_007-640x480.jpg\" data-envira-src=\"https:\/\/www.herrklubbenexotica.se\/wp-content\/uploads\/2017\/03\/oresundrunt_007-640x480.jpg\" data-envira-gallery-id=\"522\" data-envira-item-id=\"529\" data-envira-caption=\"\" alt=\"\" title=\"\"  itemprop=\"thumbnailUrl\" data-envira-srcset=\"https:\/\/www.herrklubbenexotica.se\/wp-content\/uploads\/2017\/03\/oresundrunt_007-640x480.jpg 400w,https:\/\/www.herrklubbenexotica.se\/wp-content\/uploads\/2017\/03\/oresundrunt_007-640x480.jpg 2x\" data-envira-width=\"300\" data-envira-height=\"205\" srcset=\"data:image\/gif;base64,R0lGODlhAQABAIAAAP\/\/\/\/\/\/\/yH5BAEKAAEALAAAAAABAAEAAAICTAEAOw==\" data-safe-src=\"data:image\/gif;base64,R0lGODlhAQABAIAAAP\/\/\/\/\/\/\/yH5BAEKAAEALAAAAAABAAEAAAICTAEAOw==\" \/><\/a><\/div><\/div><div id=\"envira-gallery-item-530\" class=\"envira-gallery-item enviratope-item envira-gallery-item-8\" style=\"padding-left: 5px; padding-bottom: 10px; padding-right: 5px;\"  itemscope itemtype=\"https:\/\/schema.org\/ImageObject\"><div class=\"envira-gallery-item-inner\"><div class=\"envira-gallery-position-overlay  envira-gallery-top-left\"><\/div><div class=\"envira-gallery-position-overlay  envira-gallery-top-right\"><\/div><div class=\"envira-gallery-position-overlay  envira-gallery-bottom-left\"><\/div><div class=\"envira-gallery-position-overlay  envira-gallery-bottom-right\"><\/div><a href=\"http:\/\/www.herrklubbenexotica.se\/wp-content\/uploads\/2017\/03\/oresundrunt_008.jpg\" class=\"envira-gallery-522 envira-gallery-link\" rel=\"enviragallery522\" title=\"\" data-envira-caption=\"\" data-envira-retina=\"\" data-thumbnail=\"\"  itemprop=\"contentUrl\"><img decoding=\"async\" id=\"envira-gallery-image-530\" class=\"envira-gallery-image envira-gallery-image-8 envira-normal envira-lazy\" data-envira-index=\"8\" src=\"https:\/\/www.herrklubbenexotica.se\/wp-content\/uploads\/2017\/03\/oresundrunt_008-640x480.jpg\" data-envira-src=\"https:\/\/www.herrklubbenexotica.se\/wp-content\/uploads\/2017\/03\/oresundrunt_008-640x480.jpg\" data-envira-gallery-id=\"522\" data-envira-item-id=\"530\" data-envira-caption=\"\" alt=\"\" title=\"\"  itemprop=\"thumbnailUrl\" data-envira-srcset=\"https:\/\/www.herrklubbenexotica.se\/wp-content\/uploads\/2017\/03\/oresundrunt_008-640x480.jpg 400w,https:\/\/www.herrklubbenexotica.se\/wp-content\/uploads\/2017\/03\/oresundrunt_008-640x480.jpg 2x\" data-envira-width=\"300\" data-envira-height=\"205\" srcset=\"data:image\/gif;base64,R0lGODlhAQABAIAAAP\/\/\/\/\/\/\/yH5BAEKAAEALAAAAAABAAEAAAICTAEAOw==\" data-safe-src=\"data:image\/gif;base64,R0lGODlhAQABAIAAAP\/\/\/\/\/\/\/yH5BAEKAAEALAAAAAABAAEAAAICTAEAOw==\" \/><\/a><\/div><\/div><div id=\"envira-gallery-item-531\" class=\"envira-gallery-item enviratope-item envira-gallery-item-9\" style=\"padding-left: 5px; padding-bottom: 10px; padding-right: 5px;\"  itemscope itemtype=\"https:\/\/schema.org\/ImageObject\"><div class=\"envira-gallery-item-inner\"><div class=\"envira-gallery-position-overlay  envira-gallery-top-left\"><\/div><div class=\"envira-gallery-position-overlay  envira-gallery-top-right\"><\/div><div class=\"envira-gallery-position-overlay  envira-gallery-bottom-left\"><\/div><div class=\"envira-gallery-position-overlay  envira-gallery-bottom-right\"><\/div><a href=\"http:\/\/www.herrklubbenexotica.se\/wp-content\/uploads\/2017\/03\/oresundrunt_009.jpg\" class=\"envira-gallery-522 envira-gallery-link\" rel=\"enviragallery522\" title=\"\" data-envira-caption=\"\" data-envira-retina=\"\" data-thumbnail=\"\"  itemprop=\"contentUrl\"><img decoding=\"async\" id=\"envira-gallery-image-531\" class=\"envira-gallery-image envira-gallery-image-9 envira-normal envira-lazy\" data-envira-index=\"9\" src=\"https:\/\/www.herrklubbenexotica.se\/wp-content\/uploads\/2017\/03\/oresundrunt_009-640x480.jpg\" data-envira-src=\"https:\/\/www.herrklubbenexotica.se\/wp-content\/uploads\/2017\/03\/oresundrunt_009-640x480.jpg\" data-envira-gallery-id=\"522\" data-envira-item-id=\"531\" data-envira-caption=\"\" alt=\"\" title=\"\"  itemprop=\"thumbnailUrl\" data-envira-srcset=\"https:\/\/www.herrklubbenexotica.se\/wp-content\/uploads\/2017\/03\/oresundrunt_009-640x480.jpg 400w,https:\/\/www.herrklubbenexotica.se\/wp-content\/uploads\/2017\/03\/oresundrunt_009-640x480.jpg 2x\" data-envira-width=\"300\" data-envira-height=\"205\" srcset=\"data:image\/gif;base64,R0lGODlhAQABAIAAAP\/\/\/\/\/\/\/yH5BAEKAAEALAAAAAABAAEAAAICTAEAOw==\" data-safe-src=\"data:image\/gif;base64,R0lGODlhAQABAIAAAP\/\/\/\/\/\/\/yH5BAEKAAEALAAAAAABAAEAAAICTAEAOw==\" \/><\/a><\/div><\/div><div id=\"envira-gallery-item-532\" class=\"envira-gallery-item enviratope-item envira-gallery-item-10\" style=\"padding-left: 5px; padding-bottom: 10px; padding-right: 5px;\"  itemscope itemtype=\"https:\/\/schema.org\/ImageObject\"><div class=\"envira-gallery-item-inner\"><div class=\"envira-gallery-position-overlay  envira-gallery-top-left\"><\/div><div class=\"envira-gallery-position-overlay  envira-gallery-top-right\"><\/div><div class=\"envira-gallery-position-overlay  envira-gallery-bottom-left\"><\/div><div class=\"envira-gallery-position-overlay  envira-gallery-bottom-right\"><\/div><a href=\"http:\/\/www.herrklubbenexotica.se\/wp-content\/uploads\/2017\/03\/oresundrunt_010.jpg\" class=\"envira-gallery-522 envira-gallery-link\" rel=\"enviragallery522\" title=\"\" data-envira-caption=\"\" data-envira-retina=\"\" data-thumbnail=\"\"  itemprop=\"contentUrl\"><img decoding=\"async\" id=\"envira-gallery-image-532\" class=\"envira-gallery-image envira-gallery-image-10 envira-normal envira-lazy\" data-envira-index=\"10\" src=\"https:\/\/www.herrklubbenexotica.se\/wp-content\/uploads\/2017\/03\/oresundrunt_010-640x480.jpg\" data-envira-src=\"https:\/\/www.herrklubbenexotica.se\/wp-content\/uploads\/2017\/03\/oresundrunt_010-640x480.jpg\" data-envira-gallery-id=\"522\" data-envira-item-id=\"532\" data-envira-caption=\"\" alt=\"\" title=\"\"  itemprop=\"thumbnailUrl\" data-envira-srcset=\"https:\/\/www.herrklubbenexotica.se\/wp-content\/uploads\/2017\/03\/oresundrunt_010-640x480.jpg 400w,https:\/\/www.herrklubbenexotica.se\/wp-content\/uploads\/2017\/03\/oresundrunt_010-640x480.jpg 2x\" data-envira-width=\"300\" data-envira-height=\"205\" srcset=\"data:image\/gif;base64,R0lGODlhAQABAIAAAP\/\/\/\/\/\/\/yH5BAEKAAEALAAAAAABAAEAAAICTAEAOw==\" data-safe-src=\"data:image\/gif;base64,R0lGODlhAQABAIAAAP\/\/\/\/\/\/\/yH5BAEKAAEALAAAAAABAAEAAAICTAEAOw==\" \/><\/a><\/div><\/div><div id=\"envira-gallery-item-533\" class=\"envira-gallery-item enviratope-item envira-gallery-item-11\" style=\"padding-left: 5px; padding-bottom: 10px; padding-right: 5px;\"  itemscope itemtype=\"https:\/\/schema.org\/ImageObject\"><div class=\"envira-gallery-item-inner\"><div class=\"envira-gallery-position-overlay  envira-gallery-top-left\"><\/div><div class=\"envira-gallery-position-overlay  envira-gallery-top-right\"><\/div><div class=\"envira-gallery-position-overlay  envira-gallery-bottom-left\"><\/div><div class=\"envira-gallery-position-overlay  envira-gallery-bottom-right\"><\/div><a href=\"http:\/\/www.herrklubbenexotica.se\/wp-content\/uploads\/2017\/03\/oresundrunt_011.jpg\" class=\"envira-gallery-522 envira-gallery-link\" rel=\"enviragallery522\" title=\"\" data-envira-caption=\"\" data-envira-retina=\"\" data-thumbnail=\"\"  itemprop=\"contentUrl\"><img decoding=\"async\" id=\"envira-gallery-image-533\" class=\"envira-gallery-image envira-gallery-image-11 envira-normal envira-lazy\" data-envira-index=\"11\" src=\"https:\/\/www.herrklubbenexotica.se\/wp-content\/uploads\/2017\/03\/oresundrunt_011-640x480.jpg\" data-envira-src=\"https:\/\/www.herrklubbenexotica.se\/wp-content\/uploads\/2017\/03\/oresundrunt_011-640x480.jpg\" data-envira-gallery-id=\"522\" data-envira-item-id=\"533\" data-envira-caption=\"\" alt=\"\" title=\"\"  itemprop=\"thumbnailUrl\" data-envira-srcset=\"https:\/\/www.herrklubbenexotica.se\/wp-content\/uploads\/2017\/03\/oresundrunt_011-640x480.jpg 400w,https:\/\/www.herrklubbenexotica.se\/wp-content\/uploads\/2017\/03\/oresundrunt_011-640x480.jpg 2x\" data-envira-width=\"300\" data-envira-height=\"205\" srcset=\"data:image\/gif;base64,R0lGODlhAQABAIAAAP\/\/\/\/\/\/\/yH5BAEKAAEALAAAAAABAAEAAAICTAEAOw==\" data-safe-src=\"data:image\/gif;base64,R0lGODlhAQABAIAAAP\/\/\/\/\/\/\/yH5BAEKAAEALAAAAAABAAEAAAICTAEAOw==\" \/><\/a><\/div><\/div><div id=\"envira-gallery-item-534\" class=\"envira-gallery-item enviratope-item envira-gallery-item-12\" style=\"padding-left: 5px; padding-bottom: 10px; padding-right: 5px;\"  itemscope itemtype=\"https:\/\/schema.org\/ImageObject\"><div class=\"envira-gallery-item-inner\"><div class=\"envira-gallery-position-overlay  envira-gallery-top-left\"><\/div><div class=\"envira-gallery-position-overlay  envira-gallery-top-right\"><\/div><div class=\"envira-gallery-position-overlay  envira-gallery-bottom-left\"><\/div><div class=\"envira-gallery-position-overlay  envira-gallery-bottom-right\"><\/div><a href=\"http:\/\/www.herrklubbenexotica.se\/wp-content\/uploads\/2017\/03\/oresundrunt_012.jpg\" class=\"envira-gallery-522 envira-gallery-link\" rel=\"enviragallery522\" title=\"\" data-envira-caption=\"\" data-envira-retina=\"\" data-thumbnail=\"\"  itemprop=\"contentUrl\"><img decoding=\"async\" id=\"envira-gallery-image-534\" class=\"envira-gallery-image envira-gallery-image-12 envira-normal envira-lazy\" data-envira-index=\"12\" src=\"https:\/\/www.herrklubbenexotica.se\/wp-content\/uploads\/2017\/03\/oresundrunt_012-640x480.jpg\" data-envira-src=\"https:\/\/www.herrklubbenexotica.se\/wp-content\/uploads\/2017\/03\/oresundrunt_012-640x480.jpg\" data-envira-gallery-id=\"522\" data-envira-item-id=\"534\" data-envira-caption=\"\" alt=\"\" title=\"\"  itemprop=\"thumbnailUrl\" data-envira-srcset=\"https:\/\/www.herrklubbenexotica.se\/wp-content\/uploads\/2017\/03\/oresundrunt_012-640x480.jpg 400w,https:\/\/www.herrklubbenexotica.se\/wp-content\/uploads\/2017\/03\/oresundrunt_012-640x480.jpg 2x\" data-envira-width=\"300\" data-envira-height=\"205\" srcset=\"data:image\/gif;base64,R0lGODlhAQABAIAAAP\/\/\/\/\/\/\/yH5BAEKAAEALAAAAAABAAEAAAICTAEAOw==\" data-safe-src=\"data:image\/gif;base64,R0lGODlhAQABAIAAAP\/\/\/\/\/\/\/yH5BAEKAAEALAAAAAABAAEAAAICTAEAOw==\" \/><\/a><\/div><\/div><\/div><\/div><noscript><img decoding=\"async\" src=\"https:\/\/www.herrklubbenexotica.se\/wp-content\/uploads\/2017\/03\/oresundrunt_001.jpg\" alt=\"\" \/><img decoding=\"async\" src=\"https:\/\/www.herrklubbenexotica.se\/wp-content\/uploads\/2017\/03\/oresundrunt_002.jpg\" alt=\"\" \/><img decoding=\"async\" src=\"https:\/\/www.herrklubbenexotica.se\/wp-content\/uploads\/2017\/03\/oresundrunt_003.jpg\" alt=\"\" \/><img decoding=\"async\" src=\"https:\/\/www.herrklubbenexotica.se\/wp-content\/uploads\/2017\/03\/oresundrunt_004.jpg\" alt=\"\" \/><img decoding=\"async\" src=\"https:\/\/www.herrklubbenexotica.se\/wp-content\/uploads\/2017\/03\/oresundrunt_005.jpg\" alt=\"\" \/><img decoding=\"async\" src=\"https:\/\/www.herrklubbenexotica.se\/wp-content\/uploads\/2017\/03\/oresundrunt_006.jpg\" alt=\"\" \/><img decoding=\"async\" src=\"https:\/\/www.herrklubbenexotica.se\/wp-content\/uploads\/2017\/03\/oresundrunt_007.jpg\" alt=\"\" \/><img decoding=\"async\" src=\"https:\/\/www.herrklubbenexotica.se\/wp-content\/uploads\/2017\/03\/oresundrunt_008.jpg\" alt=\"\" \/><img decoding=\"async\" src=\"https:\/\/www.herrklubbenexotica.se\/wp-content\/uploads\/2017\/03\/oresundrunt_009.jpg\" alt=\"\" \/><img decoding=\"async\" src=\"https:\/\/www.herrklubbenexotica.se\/wp-content\/uploads\/2017\/03\/oresundrunt_010.jpg\" alt=\"\" \/><img decoding=\"async\" src=\"https:\/\/www.herrklubbenexotica.se\/wp-content\/uploads\/2017\/03\/oresundrunt_011.jpg\" alt=\"\" \/><img decoding=\"async\" src=\"https:\/\/www.herrklubbenexotica.se\/wp-content\/uploads\/2017\/03\/oresundrunt_012.jpg\" alt=\"\" \/><\/noscript>\n","protected":false},"excerpt":{"rendered":"<p>En HH-b\u00e5t, en borg, en krog, ett tivoli, en k\u00e4llare och n\u00e5gra figurer med p\u00e4lsm\u00f6ssa &#8211; ungef\u00e4r s\u00e5 blir det n\u00e4r Herrklubben \u00e5ker \u00d6resund Runt.<\/p>\n","protected":false},"author":1,"featured_media":0,"parent":0,"menu_order":29,"comment_status":"closed","ping_status":"closed","template":"","meta":{"footnotes":""},"class_list":["post-92","page","type-page","status-publish","hentry"],"_links":{"self":[{"href":"https:\/\/www.herrklubbenexotica.se\/index.php\/wp-json\/wp\/v2\/pages\/92","targetHints":{"allow":["GET"]}}],"collection":[{"href":"https:\/\/www.herrklubbenexotica.se\/index.php\/wp-json\/wp\/v2\/pages"}],"about":[{"href":"https:\/\/www.herrklubbenexotica.se\/index.php\/wp-json\/wp\/v2\/types\/page"}],"author":[{"embeddable":true,"href":"https:\/\/www.herrklubbenexotica.se\/index.php\/wp-json\/wp\/v2\/users\/1"}],"replies":[{"embeddable":true,"href":"https:\/\/www.herrklubbenexotica.se\/index.php\/wp-json\/wp\/v2\/comments?post=92"}],"version-history":[{"count":2,"href":"https:\/\/www.herrklubbenexotica.se\/index.php\/wp-json\/wp\/v2\/pages\/92\/revisions"}],"predecessor-version":[{"id":535,"href":"https:\/\/www.herrklubbenexotica.se\/index.php\/wp-json\/wp\/v2\/pages\/92\/revisions\/535"}],"wp:attachment":[{"href":"https:\/\/www.herrklubbenexotica.se\/index.php\/wp-json\/wp\/v2\/media?parent=92"}],"curies":[{"name":"wp","href":"https:\/\/api.w.org\/{rel}","templated":true}]}}